{"id":5230,"date":"2020-03-28T13:07:15","date_gmt":"2020-03-28T13:07:15","guid":{"rendered":"http:\/\/gapp.system24tech.com\/acerca-de-la-zona\/"},"modified":"2020-04-29T10:13:37","modified_gmt":"2020-04-29T08:13:37","slug":"acerca-de-la-zona","status":"publish","type":"page","link":"https:\/\/www.benalmadena-property.com\/es\/acerca-de-la-zona\/","title":{"rendered":"Acerca de la zona"},"content":{"rendered":"<p>Benalm\u00e1dena en la Costa del Sol es un municipio de la provincia de M\u00e1laga que consta de tres zonas urbanas principales; Benalm\u00e1dena Pueblo, Benalm\u00e1dena Costa y Arroyo de la Miel. La ciudad de M\u00e1laga est\u00e1 a unos 12 km al oeste con Marbella a 42 km al este. La zona ha crecido r\u00e1pidamente en las \u00faltimas d\u00e9cadas debido al turismo y se ha convertido en una de las principales ubicaciones de la Costa del Sol.<\/p>\n<p>Benalm\u00e1dena Costa es el hogar de la mayor\u00eda de los atractivos de la zona, el m\u00e1s importante de los cuales son probablemente las playas de arena dorada, que corren hacia el mar Mediterr\u00e1neo. Hay restaurantes y bares para todos los tipos y gustos y la zona conserva un ambiente relajado y agradable durante todo el a\u00f1o.<\/p>\n<p>Con una amplia y variada gama de actividades y cosas que hacer, cualquier visitante ser\u00e1 dif\u00edcil encontrar un momento de aburrimiento cuando visite Benalm\u00e1dena, una ciudad que es realmente m\u00e1s que un complejo tur\u00edstico.<\/p>\n<p><a href=\"https:\/\/www.benalmadena-property.com\/wp-content\/uploads\/2013\/09\/Puerto-Marina-Group.jpg\"><img fetchpriority=\"high\" decoding=\"async\" class=\"alignnone size-full wp-image-488\" title=\"Puerto Marina Benalmadena\" src=\"https:\/\/www.benalmadena-property.com\/wp-content\/uploads\/2013\/09\/Puerto-Marina-Group.jpg\" alt=\"Puerto Marina Benalmadena\" width=\"640\" height=\"91\" \/><\/a><\/p>\n<h2>Puerto Marina Benalm\u00e1dena<\/h2>\n<p><strong>Puerto Marina Benalm\u00e1dena <\/strong>es uno de los puertos y complejos residenciales m\u00e1s magn\u00edficos del mundo, con una arquitectura muy atractiva y una distinci\u00f3n de bandera azul por su calidad.<\/p>\n<p>La historia de Puerto Marina comenz\u00f3 en la d\u00e9cada de 1960 como resultado del repentino crecimiento de la industria tur\u00edstica. Las obras de construcci\u00f3n del puerto comenzaron en 1972 y terminaron 10 a\u00f1os m\u00e1s tarde. Puerto Marina ha sido nombrada la mejor Marina del mundo en dos ocasiones &#8211; 1995 y 1997 &#8211; un honor que es otorgado por revistas internacionales especializadas.<\/p>\n<p>El puerto tambi\u00e9n cuenta con bares, restaurantes, un centro comercial y tiendas a lo largo de su paseo interior que nos lleva de un extremo del puerto al otro. Tambi\u00e9n hay un gran aparcamiento p\u00fablico y privado. Puerto Marina se ha convertido en una zona de ocio excepcional en la Costa del Sol.<\/p>\n<p><a href=\"https:\/\/www.benalmadena-property.com\/wp-content\/uploads\/2013\/09\/Selwo-Marina-Group.jpg\"><img decoding=\"async\" class=\"alignnone size-full wp-image-491\" title=\"Selwo Marina Benalmadena\" src=\"https:\/\/www.benalmadena-property.com\/wp-content\/uploads\/2013\/09\/Selwo-Marina-Group.jpg\" alt=\"Selwo Marina, Dolphins, Sea lions, penguins, birds, Benalmadena\" width=\"640\" height=\"98\" \/><\/a><\/p>\n<h2>Selwo Marina<\/h2>\n<p><strong>El Selwo Marina<\/strong> se encuentra en el Parque de la Paloma, en Arroyo de la Miel. El parque cuenta con 4 zonas &#8211; &#8216;Antillas&#8217;, &#8216;Las Hondonada&#8217;, &#8216;Amazonia&#8217; e &#8216;Isla de Hielo&#8217;. &#8216;Antillas&#8217; es donde se encuentran las piscinas de delfines y leones marinos. La gran piscina principal es utilizada tanto por los delfines como por los leones marinos durante los espect\u00e1culos. &#8216;Las Hondonada&#8217; es la zona en la que se celebran los espect\u00e1culos de aves y serpientes. Tambi\u00e9n hay aviarios para ver los loros cuando no est\u00e1n actuando. &#8216;Amazonia&#8217; es una peque\u00f1a zona interior que contiene tanques de serpientes, lagartos, peces, caimanes y otras especies. &#8216;Isla de Hielo&#8217; se traduce como &#8216;Isla de Hielo&#8217; y es el hogar de su colecci\u00f3n de pinguinos, la primera construida en Andaluc\u00eda.<\/p>\n<p><a href=\"https:\/\/www.benalmadena-property.com\/wp-content\/uploads\/2013\/09\/Sealife-Group.jpg\"><img decoding=\"async\" class=\"alignnone size-full wp-image-572\" title=\"Sealife Centre aquarium Benalmadena\" src=\"https:\/\/www.benalmadena-property.com\/wp-content\/uploads\/2013\/09\/Sealife-Group.jpg\" alt=\"Sealife aquarium Benalmadena\" width=\"640\" height=\"123\" \/><\/a><\/p>\n<h2 align=\"justify\">Sealife Centre Benalm\u00e1dena<\/h2>\n<div align=\"justify\"><strong>Sealife Centre Benalmadena<\/strong> es el acuario interactivo \u00fanico con sede en Puerto Marina.<br \/>\nUsted puede descubrir 5.000 criaturas que viven en los mares de todas partes del mundo &#8211; desde el Mediterr\u00e1neo hasta el Oc\u00e9ano Atl\u00e1ntico, pero tambi\u00e9n de las zonas tropicales como el Oc\u00e9ano Indico, el Oc\u00e9ano Pac\u00edfico y el Mar Rojo.<\/div>\n<div align=\"justify\">.<\/div>\n<p align=\"justify\"><a href=\"https:\/\/www.benalmadena-property.com\/wp-content\/uploads\/2013\/09\/Tivoli-Group.jpg\"><img loading=\"lazy\" decoding=\"async\" class=\"alignnone size-full wp-image-574\" title=\"Tivoli World Benalmadena\" src=\"https:\/\/www.benalmadena-property.com\/wp-content\/uploads\/2013\/09\/Tivoli-Group.jpg\" alt=\"Tivoli World, Benalmadena\" width=\"640\" height=\"103\" \/><\/a><\/p>\n<h2 align=\"justify\">Tivoli World<\/h2>\n<p align=\"justify\"><strong>Tivoli World<\/strong> est\u00e1 rodeado de hermosos jardines, fuentes iluminadas y una variedad de restaurantes que encontrar\u00e1 un mont\u00f3n de atracciones emocionantes. Se encuentra en la Avenida del T\u00edvoli, Benalm\u00e1dena y cuenta con muchos atracciones emocionantes y una gran variedad de entretenimiento. Hay una Plaza Occidental, que es una reproducci\u00f3n de una ciudad occidental, una barbacoa y un espect\u00e1culo de bailarines de latas. Hay una plaza andaluza donde se ofrece baile flamenco. La Plaza de la Selva tiene mimos vestidos como animales salvajes. Hay un Show Boat con un espect\u00e1culo pirata. Este parque de atracciones es uno de los mejores de la Costa del Sol.<\/p>\n<h2 align=\"justify\"><strong>VISITA BENALMADENA<\/strong> &#8211; Vea el video<\/h2>\n<p><iframe title=\"Visit Benalmadena\" width=\"828\" height=\"621\" src=\"https:\/\/www.youtube.com\/embed\/8xWElJVLq0A?feature=oembed\" frameborder=\"0\" allow=\"accelerometer; autoplay; encrypted-media; gyroscope; picture-in-picture\" allowfullscreen><\/iframe><\/p>\n<p style=\"text-align: center;\"><a href=\"https:\/\/www.benalmadena-property.com\/wp-content\/uploads\/2013\/09\/Skyline-640.jpg\"><img loading=\"lazy\" decoding=\"async\" class=\"size-full wp-image-489 aligncenter\" title=\"Benalmadena skyline, Costa del Sol\" src=\"https:\/\/www.benalmadena-property.com\/wp-content\/uploads\/2013\/09\/Skyline-640.jpg\" alt=\"Benalmadena skyline, Costa del Sol\" width=\"640\" height=\"128\" \/><\/a><\/p>\n<p>Puede encontrar m\u00e1s informaci\u00f3n sobre Benalm\u00e1dena en:<br \/>\n<a href=\"https:\/\/www.visitcostadelsol.com\/municipalities\/tourist-offices\/benalmadena-tourist-office-castillo-bil-bil-p13911\" target=\"_blank\" rel=\"noopener noreferrer\"><strong>Oficina de Turismo de Benalm\u00e1dena<\/strong><\/a><br \/>\nTambi\u00e9n puedes ver el v\u00eddeo del Ayuntamiento de <strong> <a title=\"Benalmadena 2014 HD Video\" href=\"https:\/\/www.benalmadena-property.com\/benalmadena-2014-hd\/\" target=\"_blank\" rel=\"noopener noreferrer\">Benalm\u00e1dena en HD aqu\u00ed<\/a><\/strong><\/p>\n<p><strong>OTRAS ZONAS<\/strong><\/p>\n<h5><a title=\"Iznajar\" href=\"https:\/\/www.benalmadena-property.com\/about-the-area\/iznajar\/\"><strong>IZNAJAR<\/strong> &#8211; Ver nuestra informaci\u00f3n sobre el interior de Andaluc\u00eda<\/a><\/h5>\n","protected":false},"excerpt":{"rendered":"<p>Benalm\u00e1dena en la Costa del Sol es un municipio de la provincia de M\u00e1laga que consta de tres zonas urbanas principales; Benalm\u00e1dena Pueblo, Benalm\u00e1dena Costa y Arroyo de la Miel. La ciudad de M\u00e1laga est\u00e1 a unos 12 km al oeste con Marbella a 42 km al este. La zona ha crecido r\u00e1pidamente en las&#8230;<\/p>\n","protected":false},"author":1,"featured_media":0,"parent":0,"menu_order":0,"comment_status":"closed","ping_status":"closed","template":"","meta":{"_exactmetrics_skip_tracking":false,"_exactmetrics_sitenote_active":false,"_exactmetrics_sitenote_note":"","_exactmetrics_sitenote_category":0,"_uf_show_specific_survey":0,"_uf_disable_surveys":false,"footnotes":""},"class_list":["post-5230","page","type-page","status-publish","hentry"],"_links":{"self":[{"href":"https:\/\/www.benalmadena-property.com\/es\/wp-json\/wp\/v2\/pages\/5230","targetHints":{"allow":["GET"]}}],"collection":[{"href":"https:\/\/www.benalmadena-property.com\/es\/wp-json\/wp\/v2\/pages"}],"about":[{"href":"https:\/\/www.benalmadena-property.com\/es\/wp-json\/wp\/v2\/types\/page"}],"author":[{"embeddable":true,"href":"https:\/\/www.benalmadena-property.com\/es\/wp-json\/wp\/v2\/users\/1"}],"replies":[{"embeddable":true,"href":"https:\/\/www.benalmadena-property.com\/es\/wp-json\/wp\/v2\/comments?post=5230"}],"version-history":[{"count":1,"href":"https:\/\/www.benalmadena-property.com\/es\/wp-json\/wp\/v2\/pages\/5230\/revisions"}],"predecessor-version":[{"id":5747,"href":"https:\/\/www.benalmadena-property.com\/es\/wp-json\/wp\/v2\/pages\/5230\/revisions\/5747"}],"wp:attachment":[{"href":"https:\/\/www.benalmadena-property.com\/es\/wp-json\/wp\/v2\/media?parent=5230"}],"curies":[{"name":"wp","href":"https:\/\/api.w.org\/{rel}","templated":true}]}}