{"id":5234,"date":"2020-03-28T13:07:15","date_gmt":"2020-03-28T13:07:15","guid":{"rendered":"http:\/\/gapp.system24tech.com\/mapa-de-propiedades\/"},"modified":"2020-03-28T13:07:15","modified_gmt":"2020-03-28T13:07:15","slug":"mapa-de-propiedades","status":"publish","type":"page","link":"https:\/\/www.benalmadena-property.com\/es\/mapa-de-propiedades\/","title":{"rendered":"Mapa de propiedades"},"content":{"rendered":"<p>Si est\u00e1 buscando una ubicaci\u00f3n espec\u00edfica, puede ver todas nuestras propiedades en un mapa. Ac\u00e9rquese a la ubicaci\u00f3n deseada y seleccione los marcadores individuales para ver cada propiedad, haga clic en la lista.<\/p>\n","protected":false},"excerpt":{"rendered":"<p>Si est\u00e1 buscando una ubicaci\u00f3n espec\u00edfica, puede ver todas nuestras propiedades en un mapa. Ac\u00e9rquese a la ubicaci\u00f3n deseada y seleccione los marcadores individuales para ver cada propiedad, haga clic en la lista.<\/p>\n","protected":false},"author":1,"featured_media":4584,"parent":0,"menu_order":0,"comment_status":"closed","ping_status":"closed","template":"templates\/half-map-layout.php","meta":{"_exactmetrics_skip_tracking":false,"_exactmetrics_sitenote_active":false,"_exactmetrics_sitenote_note":"","_exactmetrics_sitenote_category":0,"_uf_show_specific_survey":0,"_uf_disable_surveys":false,"footnotes":""},"class_list":["post-5234","page","type-page","status-publish","has-post-thumbnail","hentry"],"_links":{"self":[{"href":"https:\/\/www.benalmadena-property.com\/es\/wp-json\/wp\/v2\/pages\/5234","targetHints":{"allow":["GET"]}}],"collection":[{"href":"https:\/\/www.benalmadena-property.com\/es\/wp-json\/wp\/v2\/pages"}],"about":[{"href":"https:\/\/www.benalmadena-property.com\/es\/wp-json\/wp\/v2\/types\/page"}],"author":[{"embeddable":true,"href":"https:\/\/www.benalmadena-property.com\/es\/wp-json\/wp\/v2\/users\/1"}],"replies":[{"embeddable":true,"href":"https:\/\/www.benalmadena-property.com\/es\/wp-json\/wp\/v2\/comments?post=5234"}],"version-history":[{"count":0,"href":"https:\/\/www.benalmadena-property.com\/es\/wp-json\/wp\/v2\/pages\/5234\/revisions"}],"wp:featuredmedia":[{"embeddable":true,"href":"https:\/\/www.benalmadena-property.com\/es\/wp-json\/wp\/v2\/media\/4584"}],"wp:attachment":[{"href":"https:\/\/www.benalmadena-property.com\/es\/wp-json\/wp\/v2\/media?parent=5234"}],"curies":[{"name":"wp","href":"https:\/\/api.w.org\/{rel}","templated":true}]}}