{"id":5235,"date":"2020-03-28T13:07:15","date_gmt":"2020-03-28T13:07:15","guid":{"rendered":"http:\/\/gapp.system24tech.com\/alquileres-a-largo-plazo\/"},"modified":"2020-07-07T09:51:57","modified_gmt":"2020-07-07T07:51:57","slug":"alquileres-a-largo-plazo","status":"publish","type":"page","link":"https:\/\/www.benalmadena-property.com\/es\/alquileres-a-largo-plazo\/","title":{"rendered":"Alquileres a largo plazo"},"content":{"rendered":"<div class=\"inner-wrapper rh_no_content footer-talk-to-us\">\n<h3>Alquileres a largo plazo en Benalm\u00e1dena y Costa del Sol &#8211; 6 meses o m\u00e1s<\/h3>\n<p><a href=\"https:\/\/www.benalmadena-property.com\/wp-content\/uploads\/2013\/09\/Rental-Group.jpg\"><img fetchpriority=\"high\" decoding=\"async\" class=\"alignnone size-full wp-image-414\" title=\"Alquileres a largo plazo en Benalm\u00e1dena y Costa del Sol\" src=\"https:\/\/www.benalmadena-property.com\/wp-content\/uploads\/2013\/09\/Rental-Group.jpg\" alt=\"Alquileres a largo plazo en Benalm\u00e1dena y Costa del Sol\" width=\"640\" height=\"89\"><\/a><\/p>\n<p>Gapp Properties se especializa en alquileres a largo plazo a partir de 6 meses dependiendo de sus necesidades. Contamos con una amplia gama de propiedades para garantizar que tenga las mejores opciones disponibles para usted y asegurarse de que encuentre exactamente lo que est\u00e1 buscando.<\/p>\n<p>No importa si quieres un apartamento de playa, villa o casa tradicional espa\u00f1ola te guiaremos a trav\u00e9s del proceso para que sea suave y agradable. apoy\u00e1ndolo cada cent\u00edmetro del camino!<\/p>\n<p>Nuestros alquileres a largo plazo se centran en Benalm\u00e1dena Costa, Benalm\u00e1dena Pueblo, Arroyo de la Miel y sus alrededores, incluyendo Montemar en Torremolinos a Carvajal en el borde de Fuengirola. Sin embargo, tambi\u00e9n tenemos una red de socios de confianza y podemos ofrecerle opciones en otras \u00e1reas, como costa o interior. Por favor pregunte &#8211; Correo electr\u00f3nico&nbsp;<a href=\"mailto:info@gapp-properties.com\">info@gapp-properties.com<\/a><\/p>\n<h3><a title=\"Alojamiento en Vacaciones y Short Let \u2013 Benalm\u00e1dena\" href=\"https:\/\/www.benalmadena-property.com\/holiday-lets\/\">Alquileres a corto plazo &nbsp; en Benalm\u00e1dena y Costa del Sol<\/a>&#8211; Menos de &nbsp; 6 meses<\/h3>\n<p>Usted tal vez s\u00f3lo desea alquilar una propiedad por un tiempo m\u00e1s corto entre 1- 6 meses. Es posible que necesite alojamiento mientras busca una propiedad para comprar o alojamiento alternativo mientras se completan las renovaciones en una que ya ha comprado?&#8230;.. Podemos ayudar- as\u00ed que por favor pregunte. Vea nuestra <a title=\"Alojamiento en Vacaciones y Short Let \u2013 Benalm\u00e1dena\" href=\"https:\/\/www.benalmadena-property.com\/holiday-lets\/\">P\u00e1gina<\/a> o correo electr\u00f3nico de SHORT LETS&nbsp;<a href=\"mailto:rentals@gapp-properties.com\">rentals@gapp-properties.com<\/a><\/p>\n<p><em>Nota: Nuestro nuevo sitio web est\u00e1 desarrollando todo el tiempo y estamos trabajando duro para traerle tantas opciones de propiedad como sea posible. Por el momento esto es s\u00f3lo una selecci\u00f3n por lo que <a title=\"Contacto r\u00e1pido\" href=\"https:\/\/www.benalmadena-property.com\/enquiries\/\" target=\"_blank\" rel=\"noopener noreferrer\">CONTACTO CON NOSOTROS<\/a> &nbsp; o correo electr\u00f3nico <a href=\"mailto:info@gapp-properties.com\">info@gapp-properties.com<\/a>con &nbsp; sus requisitos, ya que tenemos una gama de otros que estamos seguros de que satisfar\u00e1 sus necesidades!<\/em><\/p>\n<\/div>\n","protected":false},"excerpt":{"rendered":"<p>Alquileres a largo plazo en Benalm\u00e1dena y Costa del Sol &#8211; 6 meses o m\u00e1s Gapp Properties se especializa en alquileres a largo plazo a partir de 6 meses dependiendo de sus necesidades. Contamos con una amplia gama de propiedades para garantizar que tenga las mejores opciones disponibles para usted y asegurarse de que encuentre&#8230;<\/p>\n","protected":false},"author":1,"featured_media":0,"parent":0,"menu_order":0,"comment_status":"closed","ping_status":"closed","template":"templates\/properties-search.php","meta":{"_exactmetrics_skip_tracking":false,"_exactmetrics_sitenote_active":false,"_exactmetrics_sitenote_note":"","_exactmetrics_sitenote_category":0,"_uf_show_specific_survey":0,"_uf_disable_surveys":false,"footnotes":""},"class_list":["post-5235","page","type-page","status-publish","hentry"],"_links":{"self":[{"href":"https:\/\/www.benalmadena-property.com\/es\/wp-json\/wp\/v2\/pages\/5235","targetHints":{"allow":["GET"]}}],"collection":[{"href":"https:\/\/www.benalmadena-property.com\/es\/wp-json\/wp\/v2\/pages"}],"about":[{"href":"https:\/\/www.benalmadena-property.com\/es\/wp-json\/wp\/v2\/types\/page"}],"author":[{"embeddable":true,"href":"https:\/\/www.benalmadena-property.com\/es\/wp-json\/wp\/v2\/users\/1"}],"replies":[{"embeddable":true,"href":"https:\/\/www.benalmadena-property.com\/es\/wp-json\/wp\/v2\/comments?post=5235"}],"version-history":[{"count":1,"href":"https:\/\/www.benalmadena-property.com\/es\/wp-json\/wp\/v2\/pages\/5235\/revisions"}],"predecessor-version":[{"id":6379,"href":"https:\/\/www.benalmadena-property.com\/es\/wp-json\/wp\/v2\/pages\/5235\/revisions\/6379"}],"wp:attachment":[{"href":"https:\/\/www.benalmadena-property.com\/es\/wp-json\/wp\/v2\/media?parent=5235"}],"curies":[{"name":"wp","href":"https:\/\/api.w.org\/{rel}","templated":true}]}}