{"id":5239,"date":"2020-03-28T13:07:16","date_gmt":"2020-03-28T13:07:16","guid":{"rendered":"http:\/\/gapp.system24tech.com\/alquileres-vacacionales\/"},"modified":"2020-03-28T13:07:19","modified_gmt":"2020-03-28T13:07:19","slug":"alquileres-vacacionales","status":"publish","type":"page","link":"https:\/\/www.benalmadena-property.com\/es\/alquileres-vacacionales\/","title":{"rendered":"Alquileres vacacionales"},"content":{"rendered":"<p><\/p>\n<h2 class=\"wp-block-heading\">Alojamiento de vacaciones y alquiler corto \u2013 Benalm\u00e1dena<\/h2>\n<p><\/p>\n<figure><a href=\"https:\/\/www.benalmadena-property.com\/wp-content\/uploads\/2013\/09\/Holiday-Lets-Group.jpg\"><img decoding=\"async\" src=\"https:\/\/www.benalmadena-property.com\/wp-content\/uploads\/2013\/09\/Holiday-Lets-Group.jpg\" alt=\"Holiday accommodation Jupiter Minerva Benal Beach Myramar Oasis Benalmadena\"><\/a><\/figure>\n<p><\/p>\n<p>Nuestro alojamiento de vacaciones es un alojamiento independiente situado en J\u00fapiter\/Minerva, Benal Beach, El Balcon, Pueblo Evita, Myramar Oasis, Agata, H\u00e9rcules y casas privadas individuales. Cada apartamento es de propiedad privada y cada uno tiene su propio car\u00e1cter. Muy asequible. Puedes buscar exactamente el apartamento que m\u00e1s te convenga, as\u00ed que no habr\u00e1 sorpresas. Todos los apartamentos est\u00e1n totalmente equipados. El aeropuerto M\u00e1laga est\u00e1 a 15 minutos en coche del hotel.<\/p>\n<p><\/p>\n<p><strong>RESERVA AHORA para 2019<\/strong><\/p>\n<p><\/p>\n<h2 class=\"wp-block-heading\">Apartamentos en Jupiter &amp; Minerva<\/h2>\n<p><\/p>\n<p>El<strong><br \/>\n  <a href=\"https:\/\/www.benalmadena-property.com\/jupiter-minerva-apartments\/\" target=\"_blank\" rel=\"noreferrer noopener\"> Jupiter y Minerva<\/a><br \/>\n<\/strong> tienen una fant\u00e1stica piscina, con bar junto a la piscina, y jardines en una zona segura. Hay socorristas presentes durante la temporada alta. En el complejo hay una recepci\u00f3n de habla inglesa las 24 horas, Bureau De Change, caja fuerte de alquiler, supermercado, peluquer\u00edas y tiendas. Hay conexi\u00f3n WiFi gratuita.<\/p>\n<p><\/p>\n<figure><a href=\"https:\/\/www.benalmadena-property.com\/wp-content\/uploads\/2013\/09\/jupiter-Minerva-Group.jpg\"><img decoding=\"async\" src=\"https:\/\/www.benalmadena-property.com\/wp-content\/uploads\/2013\/09\/jupiter-Minerva-Group.jpg\" alt=\"Jupiter Minerva Benalmadena\"><\/a><\/figure>\n<p><\/p>\n<p>El complejo est\u00e1 situado cerca de todos los servicios supermercados, farmacia, panaderos y mucho m\u00e1s. La plaza Bonanza tambi\u00e9n est\u00e1 cerca, donde hay bares, restaurantes y discotecas. Arroyo de la Miel est\u00e1 a 5 minutos a pie y la playa de Benalm\u00e1dena est\u00e1 a unos 10 minutos.<\/p>\n<p><\/p>\n<p>Podemos ofrecer alojamiento de vacaciones &#8211; estudio, apartamentos de un dormitorio y con dos dormitorios en el Jupiter y Minerva Benalmadena.<\/p>\n<p><\/p>\n<h3 class=\"wp-block-heading\"><a href=\"https:\/\/www.benalmadena-property.com\/jupiter-minerva-apartments\/\">Vea nuestra <strong>GALLERY y vea el VIDEO &#8211;<\/strong> m\u00e1s detalles sobre el Jupiter Minerva Apartments Holiday Accommodation &#8211; HERE<\/a><\/h3>\n<p><\/p>\n<h2 class=\"wp-block-heading\">Playa de Benal<\/h2>\n<p><\/p>\n<p><strong>Benal Beach<\/strong> es uno de los complejos vacacionales m\u00e1s modernos de esta regi\u00f3n de Espa\u00f1a. Cuenta con el complejo de piscinas privadas m\u00e1s grande de Europa con cinco piscinas en diferentes niveles con toboganes de agua y toboganes. La playa de Benal est\u00e1 rodeada de jardines japoneses con una gran cantidad de caracter\u00edsticas acu\u00e1ticas. El complejo est\u00e1 construido alrededor de 4 bloques residenciales con instalaciones para residentes disponibles en el n\u00facleo central y en el exterior. Se encuentra en primera l\u00ednea de playa en el complejo tur\u00edstico preferido de Benalm\u00e1dena Costa. Situado muy c\u00e9ntrico para la playa, tiendas, restaurantes y transporte p\u00fablico. No es necesario ning\u00fan coche, lo que hace de este un retiro familiar ideal!<\/p>\n<p><\/p>\n<figure><a href=\"https:\/\/www.benalmadena-property.com\/wp-content\/uploads\/2013\/09\/Benal-Beach-Group.jpg\"><img decoding=\"async\" src=\"https:\/\/www.benalmadena-property.com\/wp-content\/uploads\/2013\/09\/Benal-Beach-Group.jpg\" alt=\"Benal Beach Benalmadena\"><\/a><\/figure>\n<p><\/p>\n<p> El complejo cuenta con numerosos restaurantes, cafeter\u00edas y pubs, recepci\u00f3n 24 horas, supermercado, peluquer\u00eda, lavander\u00eda y numerosas tiendas de recuerdos. El punto focal es el gran parque acu\u00e1tico con tobog\u00e1n gigante y piscina infantil separada, mesas de billar y dardos. Justo encima del complejo se encuentra el parque, Parque de La Paloma, con sus hermosos jardines, varios parques infantiles, un peque\u00f1o zool\u00f3gico, cafeter\u00edas y mucho m\u00e1s. Las paradas de autob\u00fas est\u00e1n fuera del complejo, por lo que las excursiones son libres de problemas. WiFi disponible.<\/p>\n<p><\/p>\n<p>Ofrecemos apartamentos de un dormitorio en la playa de Benal.<\/p>\n<p><\/p>\n<h2 class=\"wp-block-heading\"><a href=\"https:\/\/www.benalmadena-property.com\/holiday-lets\/el-balcon-superb-holiday-let-benalmadena\/\" target=\"_blank\" rel=\"noreferrer noopener\">El Balc\u00f3n de Benalm\u00e1dena<\/a><\/h2>\n<p><\/p>\n<p><strong>El Balc\u00f3n de Benalm\u00e1dena<\/strong> ofrece un alojamiento exclusivo y de calidad de 2 dormitorios con impresionantes vistas sobre el Mediterr\u00e1neo, la bah\u00eda de Fuengirola y Africa, donde se puede ver la puesta de sol y poner desde su terraza. Muy bien equipado a un alto nivel.<\/p>\n<p><\/p>\n<figure><a href=\"https:\/\/www.benalmadena-property.com\/wp-content\/uploads\/2013\/09\/El-Balcon-Exterior.png\"><img decoding=\"async\" src=\"https:\/\/www.benalmadena-property.com\/wp-content\/uploads\/2013\/09\/El-Balcon-Exterior-1024x185.png\" alt=\"El Balcon Benalmadena Fuengirola\"><\/a><\/figure>\n<p><\/p>\n<p>A cinco minutos a pie de la playa o ruta de autob\u00fas, a 10 minutos de la estaci\u00f3n de tren y parada de taxis. Bares y restauradores de 5 a 10 minutos. Aunque en Benalm\u00e1dena, el centro de Fuengirola es la ciudad m\u00e1s cercana (unos 2 kil\u00f3metros).<\/p>\n<p><\/p>\n<p><a href=\"https:\/\/www.benalmadena-property.com\/holiday-lets\/el-balcon-superb-holiday-let-benalmadena\/\">Consulte Aqu\u00ed para obtener m\u00e1s informaci\u00f3n<\/a><\/p>\n<p><\/p>\n<h2 class=\"wp-block-heading\">Myramar Oasis<\/h2>\n<p><\/p>\n<p>Los apartamentos <strong>Myramar Oasis <\/strong>est\u00e1n en una ubicaci\u00f3n residencial tranquila. Est\u00e1n a s\u00f3lo diez minutos a pie de la playa y del centro de Arroyo de la Miel con sus restaurantes, bares y tiendas. Hay dos piscinas preciosas, una abierta todo el a\u00f1o) con amplios jardines bien cuidados.<\/p>\n<p><\/p>\n<h2 class=\"wp-block-heading\"><a href=\"https:\/\/www.benalmadena-property.com\/holiday-lets\/holiday-let-booking-conditions\/\" target=\"_blank\" rel=\"noreferrer noopener\">Puede ver nuestras Condiciones de Reserva &#8211; Aqu\u00ed<\/a><\/h2>\n<p><\/p>\n<figure><a href=\"http:\/\/www.paypal.com\" target=\"_blank\" rel=\"noreferrer noopener\"><img decoding=\"async\" src=\"https:\/\/www.benalmadena-property.com\/wp-content\/uploads\/2013\/09\/paypal_logo.jpg\" alt=\"PayPal Payments Gapp Properties\"><\/a><\/figure>\n<p><\/p>\n<p>Aceptamos muchas formas de pago y tambi\u00e9n se verifica &#8216;PayPal&#8217; para garantizar que el proceso de reserva sea seguro y libre de problemas.<\/p>\n<p><\/p>\n<p><strong><em>*Tenga en cuenta: Al realizar pagos mediante PayPal, se aplica una peque\u00f1a tarifa de administraci\u00f3n (a costo). Le proporcionaremos una factura, con todos los detalles, para que usted pague el monto correcto.<\/em><\/strong><\/p>\n<p><\/p>\n<p>Vea <a href=\"https:\/\/www.benalmadena-property.com\/holiday-lets\/other-holiday-services\/\" target=\"_blank\" rel=\"noreferrer noopener\"><br \/>\n  <strong>nuestros OTROS SERVICIOS DE VACACIONES<\/strong><br \/>\n<\/a> &#8211;<br \/>Ofrecemos una gama de servicios adicionales para garantizar que nuestros clientes tengan unas vacaciones despreocupadas.<\/p>\n<p><\/p>\n<h2 class=\"wp-block-heading\">Alquileres a corto plazo en Benalm\u00e1dena y Costa del Sol<\/h2>\n<p><\/p>\n<p>Es posible que desee alquilar una propiedad por m\u00e1s tiempo que el per\u00edodo de vacaciones normal. Es posible que necesite alojamiento mientras busca una propiedad para comprar o alojamiento alternativo mientras se completan las renovaciones en una que ya ha comprado?&#8230;.. Si usted est\u00e1 buscando un corto plazo deje hasta 6 meses podemos ayudar &#8211; as\u00ed que por favor pregunte &#8211; Correo electr\u00f3nico <strong><a href=\"mailto:rentals@gapp-properties.com\">rentals@gapp-properties.com<\/a><\/strong><\/p>\n<p><\/p>\n<p><strong>Nuestro sitio web est\u00e1 desarrollando todo el tiempo y estamos trabajando duro para traerle tantas opciones de propiedad como sea posible. Por el momento esto es s\u00f3lo una selecci\u00f3n para <a href=\"https:\/\/www.benalmadena-property.com\/enquiries\/\" target=\"_blank\" rel=\"noreferrer noopener\">que p\u00f3ngase en contacto con nosotros <\/a>o correo electr\u00f3nico <a href=\"mailto:rentals@gapp-properties.com\">rentals@gapp-properties.com<\/a> con sus necesidades, ya que tenemos una gama de otros que estamos seguros de que satisfar\u00e1n sus necesidades!<\/strong><\/p>\n<p><\/p>","protected":false},"excerpt":{"rendered":"<p>Alojamiento de vacaciones y alquiler corto \u2013 Benalm\u00e1dena Nuestro alojamiento de vacaciones es un alojamiento independiente situado en J\u00fapiter\/Minerva, Benal Beach, El Balcon, Pueblo Evita, Myramar Oasis, Agata, H\u00e9rcules y casas privadas individuales. Cada apartamento es de propiedad privada y cada uno tiene su propio car\u00e1cter. Muy asequible. Puedes buscar exactamente el apartamento que m\u00e1s&#8230;<\/p>\n","protected":false},"author":1,"featured_media":0,"parent":0,"menu_order":0,"comment_status":"closed","ping_status":"closed","template":"templates\/properties-search.php","meta":{"_exactmetrics_skip_tracking":false,"_exactmetrics_sitenote_active":false,"_exactmetrics_sitenote_note":"","_exactmetrics_sitenote_category":0,"_uf_show_specific_survey":0,"_uf_disable_surveys":false,"footnotes":""},"class_list":["post-5239","page","type-page","status-publish","hentry"],"_links":{"self":[{"href":"https:\/\/www.benalmadena-property.com\/es\/wp-json\/wp\/v2\/pages\/5239","targetHints":{"allow":["GET"]}}],"collection":[{"href":"https:\/\/www.benalmadena-property.com\/es\/wp-json\/wp\/v2\/pages"}],"about":[{"href":"https:\/\/www.benalmadena-property.com\/es\/wp-json\/wp\/v2\/types\/page"}],"author":[{"embeddable":true,"href":"https:\/\/www.benalmadena-property.com\/es\/wp-json\/wp\/v2\/users\/1"}],"replies":[{"embeddable":true,"href":"https:\/\/www.benalmadena-property.com\/es\/wp-json\/wp\/v2\/comments?post=5239"}],"version-history":[{"count":1,"href":"https:\/\/www.benalmadena-property.com\/es\/wp-json\/wp\/v2\/pages\/5239\/revisions"}],"predecessor-version":[{"id":5245,"href":"https:\/\/www.benalmadena-property.com\/es\/wp-json\/wp\/v2\/pages\/5239\/revisions\/5245"}],"wp:attachment":[{"href":"https:\/\/www.benalmadena-property.com\/es\/wp-json\/wp\/v2\/media?parent=5239"}],"curies":[{"name":"wp","href":"https:\/\/api.w.org\/{rel}","templated":true}]}}