{"id":5240,"date":"2020-03-28T13:07:16","date_gmt":"2020-03-28T13:07:16","guid":{"rendered":"http:\/\/gapp.system24tech.com\/ventas-de-propiedades\/"},"modified":"2020-05-10T13:01:47","modified_gmt":"2020-05-10T11:01:47","slug":"ventas-de-propiedades","status":"publish","type":"page","link":"https:\/\/www.benalmadena-property.com\/es\/ventas-de-propiedades\/","title":{"rendered":"Ventas de propiedades"},"content":{"rendered":"<p><\/p>\n\n\n<\/p>\n<h2 class=\"wp-block-heading\">Venta de inmuebles en Andaluc\u00eda<\/h2>\n<p>\n\n\n\n<\/p>\n<figure><a href=\"https:\/\/www.benalmadena-property.com\/wp-content\/uploads\/2013\/09\/Sales-Group.jpg\"><img decoding=\"async\" src=\"https:\/\/www.benalmadena-property.com\/wp-content\/uploads\/2013\/09\/Sales-Group.jpg\" alt=\"Property Sales, Benalmadena, Arroyo de la Miel, Costa del Sol and inland Andalucia\"><\/a><\/figure>\n<p>\n\n\n\n<\/p>\n<h2 class=\"wp-block-heading\"> <\/h2>\n<h2> <\/h2>\n<h2> <\/h2>\n<h2>Venta de inmuebles en Andaluc\u00eda &#8211; Benalm\u00e1dena, Arroyo de la Miel, Costa del Sol e interior andaluza<\/h2>\n<p>\n\n\n\n<\/p>\n<p>Si est\u00e1s buscando una casa en Espa\u00f1a o una casa de vacaciones para esa escapada &#8216;lugar al sol&#8217; Gapp Properties tiene una amplia gama de propiedades en venta. Benalm\u00e1dena y la Costa del Sol tienen mucho que ofrecer sin importar cu\u00e1l sea su presupuesto. Ofrecemos un gran servicio de venta de propiedades y selecci\u00f3n de propiedades incluyendo villas, apartamentos con vista a la playa, casas de pueblo, casas adosadas, cortijos, fincas, casas de campo, \u00e1ticos y mucho m\u00e1s&#8230;&#8230;.<\/p>\n<p>\n\n\n\n<\/p>\n<figure><a href=\"https:\/\/www.benalmadena-property.com\/wp-content\/uploads\/2013\/09\/Minerva-Pool.jpg\"><img decoding=\"async\" src=\"https:\/\/www.benalmadena-property.com\/wp-content\/uploads\/2013\/09\/Minerva-Pool.jpg\" alt=\"Benalmadena Jupiter Minerva\"><\/a><\/figure>\n<p>\n\n\n\n<\/p>\n<p>La zona es una de las m\u00e1s populares de Espa\u00f1a y cuando se visita la hermosa &#8216;Puerto Marina&#8217; se puede ver por qu\u00e9. Si est\u00e1s considerando m\u00e1s posibilidades acampo tambi\u00e9n podemos ofrecer propiedades en algunas de las otras regiones de Andaluc\u00eda, tanto costeras como interiores. Tenemos una gran selecci\u00f3n de propiedades del interior en <a href=\"https:\/\/www.benalmadena-property.com\/about-the-area\/iznajar\/\" target=\"_blank\" rel=\"noreferrer noopener\">Izn\u00e1jar,<\/a>que se encuentra en el lago m\u00e1s grande de Andaluc\u00eda, con su propia playa y deportes acu\u00e1ticos, castillo y paisajes impresionantes. \u00a1Queremos encontrar la propiedad ideal para usted!<\/p>\n<p>\n\n\n\n<\/p>\n<figure><a href=\"https:\/\/www.benalmadena-property.com\/wp-content\/uploads\/2013\/09\/DSC_0652-copy_pe-2.jpg\"><img decoding=\"async\" src=\"https:\/\/www.benalmadena-property.com\/wp-content\/uploads\/2013\/09\/DSC_0652-copy_pe-2.jpg\" alt=\"Iznajar Lake inland beach\"><\/a><\/figure>\n<p>\n\n\n\n<\/p>\n<p>Nuestro objetivo es garantizar que todo el proceso de compra de \u00abla propiedad correcta\u00bb sea una experiencia fluida para nuestros clientes. Te escuchamos y destacamos las opciones adaptadas a tus necesidades. Podemos dirigirle a trav\u00e9s de la compra y ayudarle a trav\u00e9s de la documentaci\u00f3n legal para asegurarse de que no hay sorpresas y todo est\u00e1 &#8216;por encima de la tabla&#8217;. Su satisfacci\u00f3n mantiene nuestra reputaci\u00f3n que es muy importante para nosotros.<\/p>\n<p>\n\n\n\n<\/p>\n<p>P\u00f3ngase <a href=\"https:\/\/www.benalmadena-property.com\/enquiries\/\" target=\"_blank\" rel=\"noreferrer noopener\">en contacto<\/a> con nosotros con sus requisitos y vea lo que tenemos para ofrecer.<\/p>\n<p>\n\n\n\n<\/p>\n<p>Consulte m\u00e1s informaci\u00f3n sobre las ventas y ubicaciones de propiedades en:<\/p>\n<p>\n\n\n\n<\/p>\n<h2 class=\"wp-block-heading\">Costa del Sol &#8211; <a href=\"https:\/\/www.benalmadena-property.com\/about-the-area\/\" target=\"_blank\" rel=\"noreferrer noopener\"><br \/>\n  <strong>BENALMADENA<\/strong><br \/>\n<\/a> Interior Andalucia &#8211; <strong><br \/>\n  <a href=\"https:\/\/www.benalmadena-property.com\/about-the-area\/iznajar\/\" target=\"_blank\" rel=\"noreferrer noopener\">IZNAJAR<\/a><br \/>\n<\/strong><\/h2>\n<p>\n\n\n\n<\/p>\n<h3 class=\"wp-block-heading\"> \u00bfSon propietarios de propiedades? Queriendo vender o alquilar su propiedad. Consulte nuestra <a href=\"https:\/\/www.benalmadena-property.com\/property-owners\/\"><br \/>\n  <strong>p\u00e1gina de Propietarios<\/strong><br \/>\n<\/a> <strong>BAJAS COMISIONES \u2013 Tenemos una de las tarifas m\u00e1s bajas de la zona.<\/strong><\/h3>\n<p>\n\n\n\n<\/p>\n<p>Benalm\u00e1dena 2014 HD video \u2013 impresionantes vistas a\u00e9reas de la zona y atracciones https:\/\/www.youtube.com\/watch?v=iGrPXmz15eY<\/p>\n<p>\n\n\n\n<\/p>\n<p>Cortes\u00eda de <a href=\"http:\/\/www.benalmadena.com\/\" target=\"_blank\" rel=\"noreferrer noopener\">Benalm\u00e1dena Ayuntamiento<\/a><\/p>\n<p>\n\n\n\n<\/p>\n<h2 class=\"wp-block-heading\"><a href=\"http:\/\/www.currencies.co.uk\/the-essential-moving-to-spain-expat-guide\/\" target=\"_blank\" rel=\"noreferrer noopener\">Descargue la Gu\u00eda de expatriados esenciales para mudarse a Espa\u00f1a<\/a><\/h2>\n<p>\n\n\n\n<\/p>\n<p>Si est\u00e1s pensando en mudarte del Reino Unido a Espa\u00f1a, y convertirte en uno de los muchos expatriados brit\u00e1nicos disfrutando de la soleada Espa\u00f1a, es posible que tengas muchas preguntas. Para responder a ellos puedes descargar gratis <strong><a href=\"http:\/\/www.currencies.co.uk\/the-essential-moving-to-spain-expat-guide\/\" target=\"_blank\" rel=\"noreferrer noopener\">la Gu\u00eda de Mudanzas a Espa\u00f1a.<\/a><\/p>\n<p><\/strong><\/p>\n<p>\n\n\n\n<\/p>\n<p><strong>Nuestro sitio web est\u00e1 desarrollando todo el tiempo y estamos trabajando duro para traerle tantas opciones de propiedad como sea posible. Por el momento esto es s\u00f3lo una selecci\u00f3n para <a href=\"https:\/\/www.benalmadena-property.com\/enquiries\/\" target=\"_blank\" rel=\"noreferrer noopener\">que p\u00f3ngase en contacto con nosotros <\/a>o correo electr\u00f3nico <a href=\"mailto:info@gapp-properties.com\">info@gapp-properties.com<\/a> con sus necesidades, ya que tenemos una gama de otros que estamos seguros de que satisfar\u00e1n sus necesidades!<\/strong><\/p>\n<p>\n\n\n<p><\/p>","protected":false},"excerpt":{"rendered":"<p>Venta de inmuebles en Andaluc\u00eda Venta de inmuebles en Andaluc\u00eda &#8211; Benalm\u00e1dena, Arroyo de la Miel, Costa del Sol e interior andaluza Si est\u00e1s buscando una casa en Espa\u00f1a o una casa de vacaciones para esa escapada &#8216;lugar al sol&#8217; Gapp Properties tiene una amplia gama de propiedades en venta. Benalm\u00e1dena y la Costa del&#8230;<\/p>\n","protected":false},"author":1,"featured_media":0,"parent":0,"menu_order":0,"comment_status":"closed","ping_status":"closed","template":"templates\/properties-search.php","meta":{"_exactmetrics_skip_tracking":false,"_exactmetrics_sitenote_active":false,"_exactmetrics_sitenote_note":"","_exactmetrics_sitenote_category":0,"_uf_show_specific_survey":0,"_uf_disable_surveys":false,"footnotes":""},"class_list":["post-5240","page","type-page","status-publish","hentry"],"_links":{"self":[{"href":"https:\/\/www.benalmadena-property.com\/es\/wp-json\/wp\/v2\/pages\/5240","targetHints":{"allow":["GET"]}}],"collection":[{"href":"https:\/\/www.benalmadena-property.com\/es\/wp-json\/wp\/v2\/pages"}],"about":[{"href":"https:\/\/www.benalmadena-property.com\/es\/wp-json\/wp\/v2\/types\/page"}],"author":[{"embeddable":true,"href":"https:\/\/www.benalmadena-property.com\/es\/wp-json\/wp\/v2\/users\/1"}],"replies":[{"embeddable":true,"href":"https:\/\/www.benalmadena-property.com\/es\/wp-json\/wp\/v2\/comments?post=5240"}],"version-history":[{"count":2,"href":"https:\/\/www.benalmadena-property.com\/es\/wp-json\/wp\/v2\/pages\/5240\/revisions"}],"predecessor-version":[{"id":5859,"href":"https:\/\/www.benalmadena-property.com\/es\/wp-json\/wp\/v2\/pages\/5240\/revisions\/5859"}],"wp:attachment":[{"href":"https:\/\/www.benalmadena-property.com\/es\/wp-json\/wp\/v2\/media?parent=5240"}],"curies":[{"name":"wp","href":"https:\/\/api.w.org\/{rel}","templated":true}]}}