{"id":5246,"date":"2020-03-28T13:07:19","date_gmt":"2020-03-28T13:07:19","guid":{"rendered":"http:\/\/gapp.system24tech.com\/propietarios\/"},"modified":"2020-03-28T13:07:19","modified_gmt":"2020-03-28T13:07:19","slug":"propietarios","status":"publish","type":"page","link":"https:\/\/www.benalmadena-property.com\/es\/propietarios\/","title":{"rendered":"Propietarios"},"content":{"rendered":"<div class=\"box\">\n<blockquote><p>\u00bfEs usted propietario de una propiedad? \u00bfTiene una propiedad para vender o alquilar \u2013 <a title=\"Quick Contact \u2013 for Enquiries\" href=\"https:\/\/www.benalmadena-property.com\/enquiries\/\">Hable con nosotros!<\/a><br \/>\nInvertimos en publicidad de su propiedad con campa\u00f1as de marketing online, medios de comunicaci\u00f3n y redes sociales. \u00a1Tu \u00e9xito es nuestro \u00e9xito!<\/p><\/blockquote>\n<h3> Alquileres para propietarios<\/h3>\n<p>Si usted tiene una propiedad que le gustar\u00eda alquilar a largo plazo de para alojamiento de vacaciones <a title=\"Quick Contact \u2013 for Enquiries\" href=\"https:\/\/www.benalmadena-property.com\/enquiries\/\">CONTACTO CON NOSOTROS<\/a>.<br \/>\nOfrecemos un servicio de marketing y gesti\u00f3n de propiedades de primera clase para que, sin importar d\u00f3nde se encuentra, puede estar seguro de que estamos cuidando sus intereses.<br \/>\n\u00a1Saque la molestia de dejar su propiedad y ganar ingresos adicionales!<\/p>\n<h3>Ventas de propiedades para propietarios<\/h3>\n<p>Nuestro objetivo es hacer de la venta de su propiedad un proceso r\u00e1pido y eficiente. Atraemos compradores de todo el mundo y nuestro objetivo es hacer que la venta sea lo m\u00e1s \u00abindolora\u00bb posible.<br \/>\n<span style=\"color: #993300;\"><strong>COMISIONES BAJAS &#8211; Tenemos una de las tarifas m\u00e1s bajas de la zona.<\/strong><\/span><br \/>\nPor favor, p\u00f3ngase en contacto con nosotros para averiguar lo que podemos ofrecerle y discutir o opciones de tarifas de comisi\u00f3n.<\/p>\n<p><strong>Si necesita m\u00e1s informaci\u00f3n sobre c\u00f3mo obtener un Certificado de <a title=\"Energy Performance Certificates (EPC) Spain\" href=\"https:\/\/www.benalmadena-property.com\/es\/certificados-de-rendimiento-energetico-epc-espana\/\" rel=\"noopener noreferrer\">Rendimiento Energ\u00e9tico, consulte<\/a><\/strong><\/p>\n<\/div>\n","protected":false},"excerpt":{"rendered":"<p>\u00bfEs usted propietario de una propiedad? \u00bfTiene una propiedad para vender o alquilar \u2013 Hable con nosotros! Invertimos en publicidad de su propiedad con campa\u00f1as de marketing online, medios de comunicaci\u00f3n y redes sociales. \u00a1Tu \u00e9xito es nuestro \u00e9xito! Alquileres para propietarios Si usted tiene una propiedad que le gustar\u00eda alquilar a largo plazo de&#8230;<\/p>\n","protected":false},"author":1,"featured_media":4041,"parent":0,"menu_order":0,"comment_status":"closed","ping_status":"closed","template":"","meta":{"_exactmetrics_skip_tracking":false,"_exactmetrics_sitenote_active":false,"_exactmetrics_sitenote_note":"","_exactmetrics_sitenote_category":0,"_uf_show_specific_survey":0,"_uf_disable_surveys":false,"footnotes":""},"class_list":["post-5246","page","type-page","status-publish","has-post-thumbnail","hentry"],"_links":{"self":[{"href":"https:\/\/www.benalmadena-property.com\/es\/wp-json\/wp\/v2\/pages\/5246","targetHints":{"allow":["GET"]}}],"collection":[{"href":"https:\/\/www.benalmadena-property.com\/es\/wp-json\/wp\/v2\/pages"}],"about":[{"href":"https:\/\/www.benalmadena-property.com\/es\/wp-json\/wp\/v2\/types\/page"}],"author":[{"embeddable":true,"href":"https:\/\/www.benalmadena-property.com\/es\/wp-json\/wp\/v2\/users\/1"}],"replies":[{"embeddable":true,"href":"https:\/\/www.benalmadena-property.com\/es\/wp-json\/wp\/v2\/comments?post=5246"}],"version-history":[{"count":0,"href":"https:\/\/www.benalmadena-property.com\/es\/wp-json\/wp\/v2\/pages\/5246\/revisions"}],"wp:featuredmedia":[{"embeddable":true,"href":"https:\/\/www.benalmadena-property.com\/es\/wp-json\/wp\/v2\/media\/4041"}],"wp:attachment":[{"href":"https:\/\/www.benalmadena-property.com\/es\/wp-json\/wp\/v2\/media?parent=5246"}],"curies":[{"name":"wp","href":"https:\/\/api.w.org\/{rel}","templated":true}]}}