{"id":5252,"date":"2020-03-28T13:07:20","date_gmt":"2020-03-28T13:07:20","guid":{"rendered":"http:\/\/gapp.system24tech.com\/certificados-de-rendimiento-energetico-epc-espana\/"},"modified":"2020-03-28T13:07:20","modified_gmt":"2020-03-28T13:07:20","slug":"certificados-de-rendimiento-energetico-epc-espana","status":"publish","type":"page","link":"https:\/\/www.benalmadena-property.com\/es\/certificados-de-rendimiento-energetico-epc-espana\/","title":{"rendered":"Certificados de Rendimiento Energ\u00e9tico (EPC) Espa\u00f1a"},"content":{"rendered":"<h4 style=\"text-align: right;\"><a href=\"https:\/\/www.benalmadena-property.com\/wp-content\/uploads\/2014\/01\/Energy-Page-Image.jpg\"><img decoding=\"async\" class=\"alignleft size-full wp-image-2608\" src=\"https:\/\/www.benalmadena-property.com\/wp-content\/uploads\/2014\/01\/Energy-Page-Image.jpg\" alt=\"Energy Performance Certificates Spain\"><\/a>Si&nbsp;tiene&nbsp;la intenci\u00f3n de vender o alquilar&nbsp;una propiedad en Espa\u00f1a, debe&nbsp;tener un Certificado de Rendimiento Energ\u00e9tico (EPC).<\/h4>\n<p style=\"text-align: right;\">El certificado de rendimiento energ\u00e9tico es un informe que describe lo eficiente que es un hogar en t\u00e9rminos de consumo de energ\u00eda. Asigna una calificaci\u00f3n energ\u00e9tica a cada hogar en una escala que va desde \u00abA\u00bb (la m\u00e1s eficiente) a \u00abG\u00bb (la menos eficiente).<\/p>\n<p style=\"text-align: right;\">El certificado tiene una validez de 10 a\u00f1os, a menos que se lleven a cabo reformas o cambios en el establecimiento.<\/p>\n<p style=\"text-align: right;\">Gapp Properties puede ayudar a los clientes a obtener sus certificados. P\u00f3ngase <a title=\"Quick Contact \u2013 for Enquiries\" href=\"https:\/\/www.benalmadena-property.com\/enquiries\/\" target=\"_blank\" rel=\"noopener noreferrer\">en contacto con nosotros<\/a> para obtener m\u00e1s informaci\u00f3n.<\/p>\n","protected":false},"excerpt":{"rendered":"<p>Si&nbsp;tiene&nbsp;la intenci\u00f3n de vender o alquilar&nbsp;una propiedad en Espa\u00f1a, debe&nbsp;tener un Certificado de Rendimiento Energ\u00e9tico (EPC). El certificado de rendimiento energ\u00e9tico es un informe que describe lo eficiente que es un hogar en t\u00e9rminos de consumo de energ\u00eda. Asigna una calificaci\u00f3n energ\u00e9tica a cada hogar en una escala que va desde \u00abA\u00bb (la m\u00e1s eficiente)&#8230;<\/p>\n","protected":false},"author":1,"featured_media":0,"parent":0,"menu_order":0,"comment_status":"closed","ping_status":"closed","template":"","meta":{"_exactmetrics_skip_tracking":false,"_exactmetrics_sitenote_active":false,"_exactmetrics_sitenote_note":"","_exactmetrics_sitenote_category":0,"_uf_show_specific_survey":0,"_uf_disable_surveys":false,"footnotes":""},"class_list":["post-5252","page","type-page","status-publish","hentry"],"_links":{"self":[{"href":"https:\/\/www.benalmadena-property.com\/es\/wp-json\/wp\/v2\/pages\/5252","targetHints":{"allow":["GET"]}}],"collection":[{"href":"https:\/\/www.benalmadena-property.com\/es\/wp-json\/wp\/v2\/pages"}],"about":[{"href":"https:\/\/www.benalmadena-property.com\/es\/wp-json\/wp\/v2\/types\/page"}],"author":[{"embeddable":true,"href":"https:\/\/www.benalmadena-property.com\/es\/wp-json\/wp\/v2\/users\/1"}],"replies":[{"embeddable":true,"href":"https:\/\/www.benalmadena-property.com\/es\/wp-json\/wp\/v2\/comments?post=5252"}],"version-history":[{"count":0,"href":"https:\/\/www.benalmadena-property.com\/es\/wp-json\/wp\/v2\/pages\/5252\/revisions"}],"wp:attachment":[{"href":"https:\/\/www.benalmadena-property.com\/es\/wp-json\/wp\/v2\/media?parent=5252"}],"curies":[{"name":"wp","href":"https:\/\/api.w.org\/{rel}","templated":true}]}}