{"id":5253,"date":"2020-03-28T13:07:20","date_gmt":"2020-03-28T13:07:20","guid":{"rendered":"http:\/\/gapp.system24tech.com\/servicios-utiles\/"},"modified":"2020-05-27T09:31:20","modified_gmt":"2020-05-27T07:31:20","slug":"servicios-utiles","status":"publish","type":"page","link":"https:\/\/www.benalmadena-property.com\/es\/servicios-utiles\/","title":{"rendered":"Servicios \u00fatiles"},"content":{"rendered":"<h2><strong>L\u00edneas a\u00e9reas<\/strong><\/h2>\n<p><a href=\"https:\/\/www.benalmadena-property.com\/wp-content\/uploads\/2012\/07\/Airline-Group.jpg\"><img fetchpriority=\"high\" decoding=\"async\" class=\"alignnone size-full wp-image-1230\" title=\"Links, British Airways, EasyJet, Ryanair, FlyBe, Aer Lingus, Monarch, Jet2, Vueling, Thomson\" src=\"https:\/\/www.benalmadena-property.com\/wp-content\/uploads\/2012\/07\/Airline-Group.jpg\" alt=\"Links, British Airways, EasyJet, Ryanair, FlyBe, Aer Lingus, Monarch, Jet2, Vueling, Thomson\" width=\"640\" height=\"107\" \/><\/a><\/p>\n<p><a title=\"British Aiways\" href=\"http:\/\/www.britishairways.com\/travel\/home\/public\/en_gb\" target=\"_blank\" rel=\"noopener noreferrer\">British Airways<\/a>\u00a0 \u00a0 \u00a0 \u00a0\u00a0<a href=\"https:\/\/www.easyjet.com\/en\" target=\"_blank\" rel=\"noopener noreferrer\">Easyjet<\/a>\u00a0 \u00a0 \u00a0 \u00a0\u00a0<a href=\"http:\/\/www.ryanair.com\/en\" target=\"_blank\" rel=\"noopener noreferrer\">Ryanair<\/a>\u00a0 \u00a0 \u00a0 \u00a0 <a href=\"https:\/\/www.aerlingus.com\/html\/en-US\/home.html\" target=\"_blank\" rel=\"noopener noreferrer\">Aer Lingus<\/a>\u00a0 \u00a0 \u00a0 \u00a0 <a href=\"http:\/\/www.monarch.co.uk\/\" target=\"_blank\" rel=\"noopener noreferrer\">Monarca<\/a>\u00a0 \u00a0 \u00a0 \u00a0 <a href=\"https:\/\/www.jet2.com\/\" target=\"_blank\" rel=\"noopener noreferrer\">Jet2<\/a>\u00a0 \u00a0 \u00a0 \u00a0 <a href=\"https:\/\/www.vueling.com\/en\" target=\"_blank\" rel=\"noopener noreferrer\">Vueling<\/a>\u00a0 \u00a0 \u00a0 \u00a0 <a href=\"https:\/\/flights.thomson.co.uk\/en\/index.html\" target=\"_blank\" rel=\"noopener noreferrer\">Thomson<\/a><\/p>\n<h2><strong>Atracciones<\/strong><\/h2>\n<p><a href=\"https:\/\/www.benalmadena-property.com\/wp-content\/uploads\/2012\/07\/Attractions-Group.jpg\"><img decoding=\"async\" class=\"alignnone size-full wp-image-1236\" title=\"Links, Selwo Marina,Tivoli World, Sealife Centre, Enlightenment Stupa, Butterfly Park, Cable Cars\" src=\"https:\/\/www.benalmadena-property.com\/wp-content\/uploads\/2012\/07\/Attractions-Group.jpg\" alt=\"Links, Selwo Marina,Tivoli World, Sealife Centre, Enlightenment Stupa, Butterfly Park, Cable Cars\" width=\"640\" height=\"127\" \/><\/a><\/p>\n<p><a href=\"https:\/\/www.selwomarina.es\/en\" target=\"_blank\" rel=\"noopener noreferrer\">Selwo Marina<\/a>\u00a0 \u00a0 \u00a0 \u00a0 <a href=\"https:\/\/www.tivoli.net\/en\/home\" target=\"_blank\" rel=\"noopener noreferrer\">Tivoli World<\/a>\u00a0 \u00a0 \u00a0 \u00a0 <a href=\"https:\/\/www.visitsealife.com\/benalmadena\/en\/\" target=\"_blank\" rel=\"noopener noreferrer\">Sealife Centre<\/a>\u00a0 \u00a0 \u00a0 \u00a0 <a href=\"http:\/\/www.stupabenalmadena.org\/en\/stupa\/introduction\/\" target=\"_blank\" rel=\"noopener noreferrer\">Iluminaci\u00f3n Stupa<\/a>\u00a0 \u00a0 \u00a0 \u00a0 \u00a0<a href=\"https:\/\/www.mariposariodebenalmadena.com\/en\/\" target=\"_blank\" rel=\"noopener noreferrer\">Telef\u00e9ricos de Butterfly Park<\/a> \u00a0 \u00a0 \u00a0 <a href=\"https:\/\/www.telefericobenalmadena.com\/?lang=en\" target=\"_blank\" rel=\"noopener noreferrer\">Cable Cars<\/a><\/p>\n<h2><strong>Servicios locales<\/strong><\/h2>\n<p><a href=\"https:\/\/holamobility.com\/\" target=\"_blank\" rel=\"noopener noreferrer\">Alquiler de scooters de movilidad<\/a> Scooters de movilidad de gran valor en Benalm\u00e1dena, Fuengirola, M\u00e1laga, Calahonda y la Costa del Sol<\/p>\n<h2><strong>Otros enlaces<\/strong><\/h2>\n<p><a href=\"http:\/\/www.movifresh.com\/\" target=\"_blank\" rel=\"noopener noreferrer\">Movifresh.com <\/a> Distribuidor oficial de Movistar<\/p>\n<p><a href=\"http:\/\/www.gardenstown.com\" target=\"_blank\" rel=\"noopener noreferrer\">Harbour Cottage, Gardenstown, Escocia<\/a> Casa de vacaciones independiente en la costa noreste de Escocia<\/p>\n","protected":false},"excerpt":{"rendered":"<p>L\u00edneas a\u00e9reas British Airways\u00a0 \u00a0 \u00a0 \u00a0\u00a0Easyjet\u00a0 \u00a0 \u00a0 \u00a0\u00a0Ryanair\u00a0 \u00a0 \u00a0 \u00a0 Aer Lingus\u00a0 \u00a0 \u00a0 \u00a0 Monarca\u00a0 \u00a0 \u00a0 \u00a0 Jet2\u00a0 \u00a0 \u00a0 \u00a0 Vueling\u00a0 \u00a0 \u00a0 \u00a0 Thomson Atracciones Selwo Marina\u00a0 \u00a0 \u00a0 \u00a0 Tivoli World\u00a0 \u00a0 \u00a0 \u00a0 Sealife Centre\u00a0 \u00a0 \u00a0 \u00a0 Iluminaci\u00f3n Stupa\u00a0 \u00a0 \u00a0 \u00a0 \u00a0Telef\u00e9ricos de Butterfly&#8230;<\/p>\n","protected":false},"author":1,"featured_media":0,"parent":0,"menu_order":0,"comment_status":"closed","ping_status":"closed","template":"","meta":{"_exactmetrics_skip_tracking":false,"_exactmetrics_sitenote_active":false,"_exactmetrics_sitenote_note":"","_exactmetrics_sitenote_category":0,"_uf_show_specific_survey":0,"_uf_disable_surveys":false,"footnotes":""},"class_list":["post-5253","page","type-page","status-publish","hentry"],"_links":{"self":[{"href":"https:\/\/www.benalmadena-property.com\/es\/wp-json\/wp\/v2\/pages\/5253","targetHints":{"allow":["GET"]}}],"collection":[{"href":"https:\/\/www.benalmadena-property.com\/es\/wp-json\/wp\/v2\/pages"}],"about":[{"href":"https:\/\/www.benalmadena-property.com\/es\/wp-json\/wp\/v2\/types\/page"}],"author":[{"embeddable":true,"href":"https:\/\/www.benalmadena-property.com\/es\/wp-json\/wp\/v2\/users\/1"}],"replies":[{"embeddable":true,"href":"https:\/\/www.benalmadena-property.com\/es\/wp-json\/wp\/v2\/comments?post=5253"}],"version-history":[{"count":7,"href":"https:\/\/www.benalmadena-property.com\/es\/wp-json\/wp\/v2\/pages\/5253\/revisions"}],"predecessor-version":[{"id":5944,"href":"https:\/\/www.benalmadena-property.com\/es\/wp-json\/wp\/v2\/pages\/5253\/revisions\/5944"}],"wp:attachment":[{"href":"https:\/\/www.benalmadena-property.com\/es\/wp-json\/wp\/v2\/media?parent=5253"}],"curies":[{"name":"wp","href":"https:\/\/api.w.org\/{rel}","templated":true}]}}