{"id":5254,"date":"2020-03-28T13:07:20","date_gmt":"2020-03-28T13:07:20","guid":{"rendered":"http:\/\/gapp.system24tech.com\/politica-de-privacidad\/"},"modified":"2020-05-26T16:33:09","modified_gmt":"2020-05-26T14:33:09","slug":"politica-de-privacidad","status":"publish","type":"page","link":"https:\/\/www.benalmadena-property.com\/es\/politica-de-privacidad\/","title":{"rendered":"Pol\u00edtica de privacidad"},"content":{"rendered":"<h3><strong>POL\u00cdTICA DE PRIVACIDAD E INFORMACI\u00d3N SOBRE PROTECCI\u00d3N DE DATOS<\/strong><\/h3>\n<p>SAMANTHA AUSTEN &#8211; GAPP PROPERTIES mantiene una pol\u00edtica de confidencialidad de los datos facilitados por sus usuarios a trav\u00e9s de: Internet, formularios en papel, comunicaci\u00f3n telef\u00f3nica o cualquier otro medio; SAMANTHA AUSTEN &#8211; GAPP PROPERTIES se compromete a protegerlos, tanto en la recogida como en su posterior tratamiento, de conformidad con lo dispuesto en la Ley Org\u00e1nica 15\/1999, de 13 de diciembre, de Protecci\u00f3n de Datos de Car\u00e1cter Personal (LOPD), mediante su Reglamento de desarrollo, aprobado por el Real Decreto 1720\/2007, de 21 de diciembre (RLOPD), as\u00ed como por el Reglamento (UE) 2016\/679 del Parlamento Europeo y del Consejo, de 27 de abril de 2016, relativo a la protecci\u00f3n de las personas f\u00edsicas en lo que respecta al tratamiento de datos personales y la circulaci\u00f3n de estos datos (RGPD).<\/p>\n<p>SAMANTHA AUSTEN &#8211; GAPP PROPERTIES garantiza que utilizar\u00e1 de forma confidencial los datos personales de los usuarios, as\u00ed como que se han adoptado las medidas de seguridad t\u00e9cnicas y organizativas adecuadas en sus instalaciones, sistemas y ficheros, en los t\u00e9rminos establecido por la LOPD, por la RLOPD y por el RGPD.<\/p>\n<p>SAMANTHA AUSTEN &#8211; GAPP PROPERTIES podr\u00e1 comunicar a las autoridades p\u00fablicas competentes los datos personales, as\u00ed como cualquier otra informaci\u00f3n contenida en sus ficheros y\/o sistemas inform\u00e1ticos, cuando as\u00ed lo requiera y siempre de acuerdo con las disposiciones legales y reglamentarias correspondientes.<br \/>\nEn cumplimiento de lo dispuesto en la LOPD, el RLOPD y el RGPD, siempre que se soliciten datos personales a un usuario del sitio web para ser tratados, antes del tratamiento, se facilitar\u00e1 la siguiente informaci\u00f3n: identidad e informaci\u00f3n de contacto de los datos datos de contacto del Delegado de Protecci\u00f3n de Datos, finalidad para la que se obtienen los datos, plazos o criterios de conservaci\u00f3n de datos, decisiones automatizadas, perfiles y l\u00f3gica aplicada, legitimaci\u00f3n o base jur\u00eddica del tratamiento, as\u00ed como obligaci\u00f3n o no proporcionar los datos y las consecuencias de no hacerlo en su caso, previsi\u00f3n o no de cesiones o cesi\u00f3ns a terceros pa\u00edses, origen de los datos y c\u00f3mo ejercer los derechos que le corresponden y los derechos que le corresponden en relaci\u00f3n con el tratamiento de sus datos personales. Para que sea compatible el mayor requisito de informaci\u00f3n introducido por el RGPD y la concisi\u00f3n y comprensi\u00f3n en forma de presentarla, SAMANTHA AUSTEN &#8211; GAPP PROPERTIES adopta un modelo de informaci\u00f3n por capas o niveles que consiste en lo siguiente<\/p>\n<p>&#8211; La informaci\u00f3n b\u00e1sica se presenta en un primer nivel, en forma resumida, al mismo tiempo y en el mismo medio en el que se recogen los datos;<br \/>\n&#8211; Se refiere a la informaci\u00f3n adicional en un segundo nivel, donde el resto de la informaci\u00f3n se presentar\u00e1 en un medio m\u00e1s apropiado para su presentaci\u00f3n, comprensi\u00f3n y, si se desea, presentaci\u00f3n. La informaci\u00f3n de segundo nivel se ofrece en nuestra p\u00e1gina web oficial: <a href=\"https:\/\/www.benalmadena-property.com\/\">www.benalmadena-property.com<\/a><\/p>\n<p>SAMANTHA AUSTEN &#8211; GAPP PROPERTIES proporcionar\u00e1 al usuario los recursos t\u00e9cnicos adecuados para que pueda dar su consentimiento informado antes del tratamiento de sus datos personales.<br \/>\nLos datos personales facilitados por el interesado a SAMANTHA AUSTEN &#8211; GAPP PROPERTIES a trav\u00e9s de Internet, formularios en papel, por tel\u00e9fono y cualquier otro medio, pasar\u00e1n a formar parte de los ficheros correspondientes -creados en beneficio de sus servicios- la titularidad de SAMANTHA AUSTEN &#8211; GAPP PROPERTIES, con NIE X-1013390-X y direcci\u00f3n en Avda. Gamonal, 12. Edificio J\u00fapiter, Local 8. 29630 Benalm\u00e1dena, M\u00e1laga. La actividad desarrollada por SAMANTHA AUSTEN &#8211; GAPP PROPERTIES es asesoramiento inmobiliario.<br \/>\nSAMANTHA AUSTEN &#8211; GAPP PROPERTIES utilizar\u00e1 los datos personales facilitados por el interesado con el fin de prestar los servicios que se soliciten o para gestionar la solicitud o sugerencia realizada.<br \/>\nLos datos personales tratados por SAMANTHA AUSTEN &#8211; GAPP PROPERTIES se conservar\u00e1n el tiempo que sean necesarios para la prestaci\u00f3n del servicio solicitado o para la gesti\u00f3n de la solicitud o sugerencia realizada. Una vez que hayan dejado de ser necesarios para la prestaci\u00f3n del servicio o gesti\u00f3n de la solicitud o sugerencia realizada, los datos personales ser\u00e1n cancelados, procediendo a bloquear y posterior almacenamiento \u00fanicamente por razones legales vinculadas a la responsabilidad de la persona responsable de los datos y durante el plazo de prescripci\u00f3n de estos; Una vez transcurrido este per\u00edodo, se eliminar\u00e1n.<br \/>\nLa legitimaci\u00f3n legal para el tratamiento de los datos personales facilitados por el interesado a SAMANTHA AUSTEN &#8211; GAPP PROPERTIES a trav\u00e9s de Internet, formularios en papel, comunicaciones telef\u00f3nicas o cualquier otro medio, es el consentimiento propio del interesado, que es el consentimiento propio del interesado, que es el consentimiento propio del interesado, que es el consentimiento propio del interesado, que es el consentimiento propio del interesado, que es entendido Una vez prestado, se facilita despu\u00e9s de ser informado al respecto por medio de carteles y pegatinas que se muestran en las instalaciones de uso p\u00fablico de SAMANTHA AUSTEN &#8211; GAPP PROPERTIES a trav\u00e9s de locuciones telef\u00f3nicas, en los propios formularios impresos, as\u00ed como a trav\u00e9s de el presente \u00abLicencia de PRIVACIDAD E INFORMACION SOBRE LA PROTECCION DE DATOS\u00bb expuesto en el sitio web oficial de SAMANTHA AUSTEN &#8211; GAPP PROPERTIES<\/p>\n<p>El interesado s\u00f3lo estar\u00e1 obligado a facilitar los datos que sean necesarios (si lo son) para atender la solicitud o servicio solicitado. En el caso de que el interesado realice una solicitud sin facilitar los datos necesarios para atenderla, SAMANTHA AUSTEN &#8211; GAPP PROPERTIES no podr\u00e1 gestionar dicha solicitud y quedar\u00e1 exenta de cualquier responsabilidad al respecto.<br \/>\nLos datos personales de los usuarios tratados por SAMANTHA AUSTEN &#8211; GAPP PROPERTIES no ser\u00e1n cedidos a terceros, salvo obligaci\u00f3n legal o autorizaci\u00f3n expresa por escrito del interesado.<\/p>\n<p>El usuario podr\u00e1 ejercer sus derechos de acceso, oposici\u00f3n, rectificaci\u00f3n, supresi\u00f3n o cancelaci\u00f3n de sus datos, as\u00ed como solicitar la limitaci\u00f3n de su tratamiento, mediante la redacci\u00f3n de un documento firmado al responsable del fichero SAMANTHA AUSTEN &#8211; GAPP PROPERTIES, a trav\u00e9s del correo rentals@gapp-properties.com o por correo postal dirigido al domicilio social de SAMANTHA AUSTEN &#8211; GAPP PROPERTIES ubicado en Avda. Gamonal, 12. Edificio J\u00fapiter, Local 8. 29630 Benalm\u00e1dena, M\u00e1laga, donde indicar\u00e1 como referencia \u00abARCO LOPD DERECHOS EJERCICIO\u00bb.<br \/>\nEl documento por el que se ejerza uno de los derechos mencionados en el p\u00e1rrafo anterior deber\u00e1 contener: nombre y apellidos de la parte interesada; fotocopia de su documento nacional de identidad, o su pasaporte u otro documento v\u00e1lido que lo identifique a usted y, en su caso, a la persona que lo representa, o instrumentos electr\u00f3nicos equivalentes; documento o instrumento electr\u00f3nico que acredite dicha representaci\u00f3n. El uso de la firma electr\u00f3nica del solicitante exime de la presentaci\u00f3n de fotocopias del dNI o documento equivalente.<br \/>\nEl usuario tambi\u00e9n tiene derecho a presentar una reclamaci\u00f3n ante la Agencia Espa\u00f1ola de Protecci\u00f3n de Datos, a trav\u00e9s de la p\u00e1gina web oficial de la Agencia.<\/p>\n<h3><strong>Pol\u00edtica de Privacidad informaci\u00f3n e sobre protecci\u00f3n de datos<\/strong><\/h3>\n<p>SAMANTHA AUSTEN &#8211; GAPP PROPERTIES una pol\u00edtica de confidencialidad de los datos datos por los usuarios del mismo a trav\u00e9s de: internet, formularios en papel, comunicaci\u00f3n telef\u00f3nica o cualquier otro medio; SAMANTHA AUSTEN &#8211; GAPP PROPERTIES se\u00a0 a protegerlos, tanto en la recogida en su tratamiento posterior, de acuerdo con lo establecido por la Ley Org\u00e1nica 15\/1999, de 13 de diciembre, de Protecci\u00f3n de Datos de Car\u00e1cter Personal (LOPD), por por Reglamento de desarrollo, aprobado por Real Decreto 1720\/2007, de 21 de diciembre (RLOPD), as\u00ed como por el Reglamento (UE) 2016\/679 del Parlamento Europeo y del Consejo de 27 de abril de 2016 relativo a la protecci\u00f3n de las personas f\u00edsicas en lo que se haya limitado a la cita de datos personales y a la circulaci\u00f3n libre de estos datos (RGPD).<\/p>\n<p>SAMANTHA AUSTEN &#8211; GAPP PROPERTIES garantiza que el uso \u00fatilconfidencial los datos de los usuarios, as\u00ed como se han de medidas de seguridad de car\u00e1cter t\u00e9cnico y capacidad en sus instalaciones, sistemas y usos, en los t\u00e9rminos establecidos por la LOPD, por el RLOPD y por el RGPD.<br \/>\nSAMANTHA AUSTEN &#8211; GAPP PROPERTIES podr\u00e1 comunicar a las autoridades p\u00fablicas competentes los datos de car\u00e1cter personal as\u00ed como cualquier otra informaci\u00f3n que conste en sus archivos y\/o sistemas inform\u00e1ticos, cuando sea requerido para el ello y siempre de conformidad con las disposiciones y reglamentarios legales.<\/p>\n<p>En cumplimiento de lo establecido por la LOPD, el RLOPD as\u00ed como por el RGPD, siempre que se soliciten datos de car\u00e1cter personal un usuario del sitio web para ser tratados, <u>previamente<\/u> al tratamiento se le le siguiente: informaci\u00f3n identidad y datos de contacto del responsable del tratamiento, datos de contacto del Delegado de Protecci\u00f3n de Datos, finalidad para la obtiene que n.o los datos, plazos o criterios de conservaci\u00f3n de los datos datos, decisiones automatizas, perfiles y l\u00f3gica aplicada, legitimidad o base jur\u00eddica del tratamiento as\u00ed como obligaci\u00f3n o no de facilitar los datos y de las consecuencias de no hacerlo en su caso, previsi\u00f3n o no de cesiones \u00f3 de transferencias a terceros pa\u00edses , procedencia de los datos y forma de los derechos que el corresponsal y de los derechos que le corresponden en lo que se \u00e1peren al tratamiento de sus datos personales. Para hacer compatible la mayoridad de la informaci\u00f3n por el RGPD y la concisi\u00f3n y comprensi\u00f3n en la forma de presentarla, se adopta por SAMANTHA AUSTEN &#8211; GAPP PROPERTIES un modelo de informaci\u00f3n por o capas que consist en lo siguiente:<\/p>\n<ul>\n<li>Se presenta una informaci\u00f3n b\u00e1sica en un primer nivel, de forma resumida, en el mismo momento y en el mismo medio en que se reconozca los datos;<\/li>\n<li>Se remite a la informaci\u00f3n adicional en un segundo nivel, presentar\u00e1 donde seen detalladamente el resto de las informaciones, en un medio m\u00e1s adecuado para su presentaci\u00f3n, comprensi\u00f3n y, si se desea, archivo. La informaci\u00f3n del segundo nivel se ofrece en nuestra p\u00e1gina web oficial: <a href=\"http:\/\/www.gapp-properties.com\">gapp-properties.com<\/a><\/li>\n<\/ul>\n<p>SAMANTHA AUSTEN &#8211; GAPP PROPERTIES uso al usuario los recursos t\u00e9cnicos adecuados para que preenda el consentimiento previo al tratamiento de sus datos personales.<\/p>\n<p>Los datos de car\u00e1cter personal que se han faciliten por interesado el interesado a SAMANTHA AUSTEN &#8211; GAPP PROPERTIES por medio de internet, de formularios en papel, de comunicaci\u00f3n comunicaci\u00f3n as\u00ed como cualquier otro medio,\u00a0 pasar\u00e1n a formar parte de los e-musar correspondientes -creados para la prestaci\u00f3n de sus servicios-\u00a0 titularidad de SAMANTHA AUSTEN &#8211; GAPP PROPERTIES, con NIE X-1013390-X y\u00a0 direcci\u00f3n en Avda. Gamonal, 12. Edificio J\u00fapiter, Local 8. 29630 Benalm\u00e1dena, M\u00e1laga. La actividad desarrollada por SAMANTHA AUSTEN &#8211; GAPP PROPERTIES esmiento Asesora inmobiliario.<\/p>\n<p>SAMANTHA AUSTEN &#8211; GAPP PROPERTIES los datos de car\u00e1cter personal con la finalidad de los servicios que se le soliciten o de gestionar la petici\u00f3n o realiza realizada.<\/p>\n<p>Los datos personales tratados por SAMANTHA AUSTEN &#8211; GAPP PROPERTIES se barras mi sean necesarios para la prestaci\u00f3n del servicio solicitado o para la gesti\u00f3n de la petici\u00f3n o realiza ci\u00f3n. Una vez vez vez que est\u00e9 con respecto a la prestaci\u00f3n del servicio o gesti\u00f3n de la petici\u00f3n o sugerencia realiza, los datos datos personales ser\u00e1n dos, procediendo su bloqueo y conservaci\u00f3n posterior s\u00f3lo perdici\u00f3n por razones legales a la la responsabilidad de los datos y durante el plazo de prescripci\u00f3n de \u00e9stas; cumplido este plazo, se proceder\u00e1 a la supresi\u00f3n de los mismos.<\/p>\n<p>La legitimaci\u00f3n legal para el tratamiento de los datos de car\u00e1cter personal que se ha faciliten por el interesado a SAMANTHA AUSTEN &#8211; GAPP PROPERTIES a trav\u00e9s de internet, formularios en papel, comunicaci\u00f3n telef\u00f3nica o cualquier otro otro, es el propio consentimiento del interesado, que se entiende una vez una vez una vez que se facilita ser informado al respecto mediante los carteles y pegatinas en las instalaciones de uso p\u00fablico de SAMANTHA AUSTEN &#8211; GAPP PROPERTIES mediante locuciones telef\u00f3nicas, en los propios formularios impresos as\u00ed como la presente \u00abPol\u00edtica de Privacidad e informaci\u00f3n sobre protecci\u00f3n de datos\u00bb \u00a0sobre la web oficial de SAMANTHA AUSTEN &#8211; GAPP PROPERTIES<\/p>\n<p>El interesado \u00fanicamente estar obligado a facilitar los datos que sean precisos (si es que lo fueran) para atender a la petici\u00f3n o servicio solicitados. En el supuesto que el interesado cuenta una solicitud sin facilitar los datos que sean necesarios para atender a la misma, SAMANTHA AUSTEN &#8211; GAPP PROPERTIES no podr\u00e1 gestionar dicha solicitud y exento de responsabilidad.<\/p>\n<p>Los datos personales de los usuarios tratados por SAMANTHA AUSTEN &#8211; GAPP PROPERTIES no se ceder\u00e1n a terceros, salvo obligaci\u00f3n legal o autorizaci\u00f3n expresa y por escrito del interesado.<br \/>\nEl usuario podr\u00e1 actuar sus derechos de acceso, oposici\u00f3n, rectificaci\u00f3n, supresi\u00f3n de sus datos as\u00ed como solicitar la limitaci\u00f3n de su tratamiento, dirigiendo escrito firmado al responsable del personal SAMANTHA AUSTEN &#8211; GAPP PROPERTIES, a trav\u00e9s del mail <a href=\"mailto:rentals@gapp-properties.com\">rentals@gapp-properties.com<\/a> o correo postal al domicilio social de SAMANTHA AUSTEN &#8211; GAPP PROPERTIES sito en Avda. Gamonal, 12. Edificio J\u00fapiter, Local 8. 29630 Benalm\u00e1dena, M\u00e1laga, en el cual \u00edntemina como referencia \u00abEJERCICIO DERECHOS ARCO LOPD\u00bb.<\/p>\n<p>El escrito por el que se ejercite de los derechos referenciados en el p\u00e1rrafo anterior deber\u00e1 contener: nombre ys del interesado; apellido fotocopia de su documento nacional de identidad, o de su pasaporte u otro documento v\u00e1lido que lo identificaya y, en su caso, de la persona que lo represente, o instrumentos electr\u00f3nicos electr\u00f3nicos de sumas; documento o instrumento electr\u00f3nico acreditativo de tal representaci\u00f3n. La utilizaci\u00f3n de firma electr\u00f3nica identificativa del solicitante de la presentaci\u00f3n de las fotocopias del DNI o documento.<\/p>\n<p>El usuario tambi\u00e9n tiene derecho a presentar una reclamaci\u00f3n ante la Agencia Espa\u00f1ola de Protecci\u00f3n de Datos, a trav\u00e9s de la p\u00e1gina web oficial de la Agencia.<\/p>\n","protected":false},"excerpt":{"rendered":"<p>POL\u00cdTICA DE PRIVACIDAD E INFORMACI\u00d3N SOBRE PROTECCI\u00d3N DE DATOS SAMANTHA AUSTEN &#8211; GAPP PROPERTIES mantiene una pol\u00edtica de confidencialidad de los datos facilitados por sus usuarios a trav\u00e9s de: Internet, formularios en papel, comunicaci\u00f3n telef\u00f3nica o cualquier otro medio; SAMANTHA AUSTEN &#8211; GAPP PROPERTIES se compromete a protegerlos, tanto en la recogida como en su&#8230;<\/p>\n","protected":false},"author":1,"featured_media":0,"parent":0,"menu_order":0,"comment_status":"closed","ping_status":"open","template":"","meta":{"_exactmetrics_skip_tracking":false,"_exactmetrics_sitenote_active":false,"_exactmetrics_sitenote_note":"","_exactmetrics_sitenote_category":0,"_uf_show_specific_survey":0,"_uf_disable_surveys":false,"footnotes":""},"class_list":["post-5254","page","type-page","status-publish","hentry"],"_links":{"self":[{"href":"https:\/\/www.benalmadena-property.com\/es\/wp-json\/wp\/v2\/pages\/5254","targetHints":{"allow":["GET"]}}],"collection":[{"href":"https:\/\/www.benalmadena-property.com\/es\/wp-json\/wp\/v2\/pages"}],"about":[{"href":"https:\/\/www.benalmadena-property.com\/es\/wp-json\/wp\/v2\/types\/page"}],"author":[{"embeddable":true,"href":"https:\/\/www.benalmadena-property.com\/es\/wp-json\/wp\/v2\/users\/1"}],"replies":[{"embeddable":true,"href":"https:\/\/www.benalmadena-property.com\/es\/wp-json\/wp\/v2\/comments?post=5254"}],"version-history":[{"count":1,"href":"https:\/\/www.benalmadena-property.com\/es\/wp-json\/wp\/v2\/pages\/5254\/revisions"}],"predecessor-version":[{"id":5935,"href":"https:\/\/www.benalmadena-property.com\/es\/wp-json\/wp\/v2\/pages\/5254\/revisions\/5935"}],"wp:attachment":[{"href":"https:\/\/www.benalmadena-property.com\/es\/wp-json\/wp\/v2\/media?parent=5254"}],"curies":[{"name":"wp","href":"https:\/\/api.w.org\/{rel}","templated":true}]}}