{"id":6351,"date":"2020-07-07T09:32:06","date_gmt":"2020-07-07T07:32:06","guid":{"rendered":"https:\/\/www.benalmadena-property.com\/acerca-de-gapp\/"},"modified":"2020-07-07T09:32:08","modified_gmt":"2020-07-07T07:32:08","slug":"acerca-de-gapp","status":"publish","type":"page","link":"https:\/\/www.benalmadena-property.com\/es\/acerca-de-gapp\/","title":{"rendered":"Acerca de Gapp"},"content":{"rendered":"<h1><a href=\"http:\/\/www.benalmadena-property.com\/wp-content\/uploads\/2013\/09\/About-Group.jpg\"><img fetchpriority=\"high\" decoding=\"async\" class=\"size-full wp-image-402 aligncenter\" title=\"Acerca de Gapp Properties\" src=\"http:\/\/www.benalmadena-property.com\/wp-content\/uploads\/2013\/09\/About-Group.jpg\" alt=\"Acerca de Gapp Properties of Benalmadena y Costa del Sol\" width=\"640\" height=\"137\"><\/a><\/h1>\n<p>Sandy comenz\u00f3 su vida en Espa\u00f1a en 1978 y ha estado trabajando y desarrollando su carrera principalmente en la industria de viajes, gestionando con \u00e9xito varias regiones diferentes en toda Andaluc\u00eda durante la mayor parte del tiempo desde entonces. Tambi\u00e9n tiene una considerable experiencia en requisitos m\u00e9dicos y de seguros y \u00faltimamente ventas y alquileres de propiedades. Su conocimiento es invaluable para cualquier persona que se muda o simplemente visita para unas vacaciones. Habla ingl\u00e9s nativo y habla espa\u00f1ol con fluidez.<\/p>\n<p>Las habilidades de Sandy significan que puede ofrecer un \u00abpunto \u00fanico de contacto\u00bb para el asesoramiento y la asistencia en Gapp Properties, en caso de que sus clientes lo necesiten&#8230;. y con una &#8216;cara amistosa&#8217;!<\/p>\n<h4><a href=\"https:\/\/www.facebook.com\/GappProperties\" target=\"_blank\" rel=\"noopener noreferrer\"><img decoding=\"async\" class=\"alignleft wp-image-2520 size-full\" src=\"https:\/\/www.benalmadena-property.com\/wp-content\/uploads\/2020\/02\/Jupiter-pool.jpg\" alt=\"Al igual que nosotros en las propiedades de Facebook gapp\" width=\"430\" height=\"322\" srcset=\"https:\/\/media.benalmadena-property.com\/2020\/02\/Jupiter-pool.jpg 430w, https:\/\/media.benalmadena-property.com\/2020\/02\/Jupiter-pool-300x225.jpg 300w, https:\/\/media.benalmadena-property.com\/2020\/02\/Jupiter-pool-150x112.jpg 150w, https:\/\/media.benalmadena-property.com\/2020\/02\/Jupiter-pool-82x60.jpg 82w\" sizes=\"(max-width: 430px) 100vw, 430px\" \/><\/a><br \/>\n<strong>&#8216;Me gusta&#8217;<\/strong> nosotros en Facebook para mantenernos en contacto con todas nuestras gangas mensuales<br \/>\ny obtener informaci\u00f3n actualizada sobre la zona, noticias y eventos.<\/h4>\n<p><strong><br \/>\nGapp Properties nuevo sitio web se est\u00e1 desarrollando todo el tiempo y estamos trabajando duro para traerle tantas opciones de propiedad como sea posible. Por el momento esto es s\u00f3lo una selecci\u00f3n por lo que CONTACTE CON <a title=\"Contacto r\u00e1pido\" href=\"https:\/\/www.benalmadena-property.com\/es\/consultas\/\" target=\"_blank\" rel=\"noopener noreferrer\">NOSOTROS <\/a>con sus necesidades, ya que tenemos una gama de otros que estamos seguros de que satisfar\u00e1 sus necesidades!<\/strong><\/p>\n","protected":false},"excerpt":{"rendered":"<p>Sandy comenz\u00f3 su vida en Espa\u00f1a en 1978 y ha estado trabajando y desarrollando su carrera principalmente en la industria de viajes, gestionando con \u00e9xito varias regiones diferentes en toda Andaluc\u00eda durante la mayor parte del tiempo desde entonces. Tambi\u00e9n tiene una considerable experiencia en requisitos m\u00e9dicos y de seguros y \u00faltimamente ventas y alquileres&#8230;<\/p>\n","protected":false},"author":1,"featured_media":0,"parent":0,"menu_order":0,"comment_status":"closed","ping_status":"closed","template":"","meta":{"_exactmetrics_skip_tracking":false,"_exactmetrics_sitenote_active":false,"_exactmetrics_sitenote_note":"","_exactmetrics_sitenote_category":0,"_uf_show_specific_survey":0,"_uf_disable_surveys":false,"footnotes":""},"class_list":["post-6351","page","type-page","status-publish","hentry"],"_links":{"self":[{"href":"https:\/\/www.benalmadena-property.com\/es\/wp-json\/wp\/v2\/pages\/6351","targetHints":{"allow":["GET"]}}],"collection":[{"href":"https:\/\/www.benalmadena-property.com\/es\/wp-json\/wp\/v2\/pages"}],"about":[{"href":"https:\/\/www.benalmadena-property.com\/es\/wp-json\/wp\/v2\/types\/page"}],"author":[{"embeddable":true,"href":"https:\/\/www.benalmadena-property.com\/es\/wp-json\/wp\/v2\/users\/1"}],"replies":[{"embeddable":true,"href":"https:\/\/www.benalmadena-property.com\/es\/wp-json\/wp\/v2\/comments?post=6351"}],"version-history":[{"count":1,"href":"https:\/\/www.benalmadena-property.com\/es\/wp-json\/wp\/v2\/pages\/6351\/revisions"}],"predecessor-version":[{"id":6352,"href":"https:\/\/www.benalmadena-property.com\/es\/wp-json\/wp\/v2\/pages\/6351\/revisions\/6352"}],"wp:attachment":[{"href":"https:\/\/www.benalmadena-property.com\/es\/wp-json\/wp\/v2\/media?parent=6351"}],"curies":[{"name":"wp","href":"https:\/\/api.w.org\/{rel}","templated":true}]}}