{"id":6358,"date":"2020-07-07T09:34:46","date_gmt":"2020-07-07T07:34:46","guid":{"rendered":"https:\/\/www.benalmadena-property.com\/benalmadena-2014-hd-video\/"},"modified":"2020-07-07T09:34:46","modified_gmt":"2020-07-07T07:34:46","slug":"benalmadena-2014-hd-video","status":"publish","type":"page","link":"https:\/\/www.benalmadena-property.com\/es\/benalmadena-2014-hd-video\/","title":{"rendered":"Benalmadena 2014 HD Video"},"content":{"rendered":"<h3>Benalm\u00e1dena 2014 v\u00eddeo HD &#8211; impresionantes vistas a\u00e9reas de la zona y atracciones.<\/h3>\n<p><iframe title=\"BENALM\u00c1DENA FITUR 2014 HD 1080\" width=\"828\" height=\"466\" src=\"https:\/\/www.youtube.com\/embed\/iGrPXmz15eY?feature=oembed\" frameborder=\"0\" allow=\"accelerometer; autoplay; encrypted-media; gyroscope; picture-in-picture\" allowfullscreen><\/iframe><\/p>\n<p>Cortes\u00eda de <a href=\"https:\/\/www.benalmadena.com\/\" target=\"_blank\" rel=\"noopener noreferrer\">Benalm\u00e1dena Ayuntamiento<\/a><\/p>\n","protected":false},"excerpt":{"rendered":"<p>Benalm\u00e1dena 2014 v\u00eddeo HD &#8211; impresionantes vistas a\u00e9reas de la zona y atracciones. Cortes\u00eda de Benalm\u00e1dena Ayuntamiento<\/p>\n","protected":false},"author":1,"featured_media":0,"parent":0,"menu_order":0,"comment_status":"closed","ping_status":"closed","template":"templates\/full-width.php","meta":{"_exactmetrics_skip_tracking":false,"_exactmetrics_sitenote_active":false,"_exactmetrics_sitenote_note":"","_exactmetrics_sitenote_category":0,"_uf_show_specific_survey":0,"_uf_disable_surveys":false,"footnotes":""},"class_list":["post-6358","page","type-page","status-publish","hentry"],"_links":{"self":[{"href":"https:\/\/www.benalmadena-property.com\/es\/wp-json\/wp\/v2\/pages\/6358","targetHints":{"allow":["GET"]}}],"collection":[{"href":"https:\/\/www.benalmadena-property.com\/es\/wp-json\/wp\/v2\/pages"}],"about":[{"href":"https:\/\/www.benalmadena-property.com\/es\/wp-json\/wp\/v2\/types\/page"}],"author":[{"embeddable":true,"href":"https:\/\/www.benalmadena-property.com\/es\/wp-json\/wp\/v2\/users\/1"}],"replies":[{"embeddable":true,"href":"https:\/\/www.benalmadena-property.com\/es\/wp-json\/wp\/v2\/comments?post=6358"}],"version-history":[{"count":1,"href":"https:\/\/www.benalmadena-property.com\/es\/wp-json\/wp\/v2\/pages\/6358\/revisions"}],"predecessor-version":[{"id":6359,"href":"https:\/\/www.benalmadena-property.com\/es\/wp-json\/wp\/v2\/pages\/6358\/revisions\/6359"}],"wp:attachment":[{"href":"https:\/\/www.benalmadena-property.com\/es\/wp-json\/wp\/v2\/media?parent=6358"}],"curies":[{"name":"wp","href":"https:\/\/api.w.org\/{rel}","templated":true}]}}