{"id":6372,"date":"2020-07-07T09:39:27","date_gmt":"2020-07-07T07:39:27","guid":{"rendered":"https:\/\/www.benalmadena-property.com\/alquileres-vacacionales\/alquiler-de-vacaciones-condiciones-de-reserva\/"},"modified":"2020-07-07T09:39:29","modified_gmt":"2020-07-07T07:39:29","slug":"alquiler-de-vacaciones-condiciones-de-reserva","status":"publish","type":"page","link":"https:\/\/www.benalmadena-property.com\/es\/alquileres-vacacionales\/alquiler-de-vacaciones-condiciones-de-reserva\/","title":{"rendered":"Alquiler de vacaciones \u2013 Condiciones de reserva"},"content":{"rendered":"<h2>Condiciones de reserva<b> <\/b><b><\/b><\/h2>\n<p>Las reservas solo se consideran confirmadas despu\u00e9s de que se haya pagado un m\u00ednimo de 20 de dep\u00f3sito. Los dep\u00f3sitos deben abonarse en un plazo de 7 d\u00edas tras la reserva inicial. Los pagos se pueden realizar con tarjeta de cr\u00e9dito\/d\u00e9bito, transferencia bancaria, Western Uni\u00f3n o PayPal* Los dep\u00f3sitos pagados en efectivo en nuestra oficina por los clientes o sus representantes tambi\u00e9n se consideran reservas confirmadas.<br \/>\n<strong>Al hacer una reserva los clientes deben proporcionar:<\/strong> 1, Nombres de todas las personas en la fiesta. 2, Cantidad de personas en la fiesta. 3, Edades de todas las personas, 4. Direcci\u00f3n postal, n\u00famero de tel\u00e9fono de casa o direcci\u00f3n de correo electr\u00f3nico, y en la caso de lo posible un n\u00famero de tel\u00e9fono m\u00f3vil en el que se puede contactar mientras se encuentran en Espa\u00f1a.<\/p>\n<p><span style=\"color: #ff0000;\"><b>No podemos confirmar ninguna reserva sin que se pague un dep\u00f3sito. Si despu\u00e9s del per\u00edodo de 7 d\u00edas de la reserva inicial no se ha recibido ning\u00fan dep\u00f3sito, la reserva ser\u00e1 cancelada y tendr\u00e1 que solicitar la reserva de nuevo.<\/b><\/span><\/p>\n<p>El saldo de pago debe realizarse al menos <strong>8<\/strong> semanas antes de la llegada.<\/p>\n<h3><strong>Cancelaciones y Enmiendas:<\/strong><\/h3>\n<p>Si desea cancelar su reserva despu\u00e9s de que se haya celebrado el acuerdo, debe notificarnoslo por escrito o por correo electr\u00f3nico. No se aceptan cancelaciones por tel\u00e9fono, a menos que en circunstancias extremas. La fecha de la cancelaci\u00f3n surtir\u00e1 efecto en la fecha de recepci\u00f3n de la notificaci\u00f3n. Las cancelaciones realizadas con menos de<b> 8<\/b> semanas antes de la llegada no son reembolsables. Le recomendamos encarecidamente que tome un seguro de viaje para cubrir esto.<\/p>\n<h3><strong>Desgloses y quejas:<\/strong><\/h3>\n<p>No se puede aceptar ninguna responsabilidad por el desglose de los suministros p\u00fablicos, incluidos el agua y la electricidad. El desglose de los equipos en los apartamentos se tratar\u00e1 tan pronto como sea posible, estamos sin embargo, a merced de los proveedores locales y comerciantes, y la rectificaci\u00f3n inmediata puede no ser posible. Todas las quejas relativas al alojamiento vacacional o a nuestro servicio en relaci\u00f3n con el alojamiento deben hacerse mientras el cliente est\u00e1 en residencia. No se negociar\u00e1n con respecto a la compensaci\u00f3n o reembolso una vez que el cliente haya abandonado el alojamiento.<\/p>\n<p><span style=\"color: #ff0000;\"><b>Los apartamentos que utilizamos son parte residencial, y cualquier comportamiento no comercial no ser\u00e1 tolerado. El comportamiento que causa molestias a los residentes u otros hu\u00e9spedes, o da\u00f1os a los apartamentos o \u00e1reas comunes podr\u00eda resultar en su remoci\u00f3n del edificio sin reembolso, o incluso procedimientos penales.<\/b><\/span><\/p>\n<p>Gapp Properties no aceptar\u00e1 responsabilidad por lesiones personales, muerte, p\u00e9rdida y da\u00f1os derivados del alquiler del apartamento.<\/p>\n<p>Las reservas de vacaciones se pueden hacer con muchos meses de antelaci\u00f3n y ocasionalmente debido a circunstancias imprevistas, puede ser necesario realizar cambios en su reserva. En el caso de esto nos esforzaremos por informarle lo antes posible.<br \/>\nGapp Properties no puede aceptar responsabilidad por ninguna compensaci\u00f3n cuando se tengan que realizar los cambios anteriores. Nuestro compromiso con usted ser\u00e1 ofrecerle el mejor alojamiento alternativo.<\/p>\n<p>Gapp Properties solo proporciona alojamiento vacacional y no es responsable de los cambios\/cancelaciones de vuelos ni de ning\u00fan acuerdo que usted tenga con ninguna otra parte.<\/p>\n<p>Todas las recomendaciones hechas por Gapp Properties son a ciertas empresas calificadas y independientes, y cualquier queja o queja debe ser tomada con ellos.<\/p>\n<p>Es responsabilidad del cliente ejercer el debido cuidado y atenci\u00f3n en relaci\u00f3n con el alojamiento y las zonas comunes, y acatar todas las normativas relativas al edificio en el que se aloja. A la llegada, los hu\u00e9spedes proporcionan a los hu\u00e9spedes una copia de las normas y reglamentos b\u00e1sicos.<\/p>\n<p>P\u00f3ngase <a href=\"https:\/\/www.benalmadena-property.com\/es\/contact\/\" target=\"_blank\" rel=\"noopener noreferrer\">en contacto con nosotros<\/a> si tiene alguna pregunta.<\/p>\n<p>Propiedades de Gapp<br \/>\nAvenida Gamonal, 12 a\u00f1os. Fed. J\u00fapiter, Local 8.<br \/>\n29630 Benalm\u00e1dena, M\u00e1laga<br \/>\nTel: 0034 952 574 051 o 952 577 751<br \/>\nCorreo electr\u00f3nico: <a href=\"mailto:rentals@gapp-properties.com\">rentals@gapp-properties.com<\/a><\/p>\n<p><a href=\"http:\/\/www.paypal.com\" target=\"_blank\" rel=\"noopener noreferrer\"><img decoding=\"async\" src=\"http:\/\/www.benalmadena-property.com\/wp-content\/uploads\/2013\/09\/paypal_logo.jpg\" alt=\"Propiedades de PayPal Payments Gapp\"><\/a><\/p>\n<p>* <strong>Tenga en cuenta:<\/strong> Al realizar pagos por PayPal, se proporcionar\u00e1 una factura que incluir\u00e1 una peque\u00f1a tarifa de administraci\u00f3n, que se cargar\u00e1 a nosotros por PayPal (a cargo). Le proporcionaremos una factura, con todos los detalles, para que usted pague el monto correcto. No podemos aceptar la responsabilidad por los pagos realizados directamente a trav\u00e9s de PayPal con una factura emitida previamente por nosotros mismos.<\/p>\n","protected":false},"excerpt":{"rendered":"<p>Condiciones de reserva Las reservas solo se consideran confirmadas despu\u00e9s de que se haya pagado un m\u00ednimo de 20 de dep\u00f3sito. Los dep\u00f3sitos deben abonarse en un plazo de 7 d\u00edas tras la reserva inicial. Los pagos se pueden realizar con tarjeta de cr\u00e9dito\/d\u00e9bito, transferencia bancaria, Western Uni\u00f3n o PayPal* Los dep\u00f3sitos pagados en efectivo&#8230;<\/p>\n","protected":false},"author":1,"featured_media":0,"parent":5239,"menu_order":0,"comment_status":"closed","ping_status":"closed","template":"","meta":{"_exactmetrics_skip_tracking":false,"_exactmetrics_sitenote_active":false,"_exactmetrics_sitenote_note":"","_exactmetrics_sitenote_category":0,"_uf_show_specific_survey":0,"_uf_disable_surveys":false,"footnotes":""},"class_list":["post-6372","page","type-page","status-publish","hentry"],"_links":{"self":[{"href":"https:\/\/www.benalmadena-property.com\/es\/wp-json\/wp\/v2\/pages\/6372","targetHints":{"allow":["GET"]}}],"collection":[{"href":"https:\/\/www.benalmadena-property.com\/es\/wp-json\/wp\/v2\/pages"}],"about":[{"href":"https:\/\/www.benalmadena-property.com\/es\/wp-json\/wp\/v2\/types\/page"}],"author":[{"embeddable":true,"href":"https:\/\/www.benalmadena-property.com\/es\/wp-json\/wp\/v2\/users\/1"}],"replies":[{"embeddable":true,"href":"https:\/\/www.benalmadena-property.com\/es\/wp-json\/wp\/v2\/comments?post=6372"}],"version-history":[{"count":1,"href":"https:\/\/www.benalmadena-property.com\/es\/wp-json\/wp\/v2\/pages\/6372\/revisions"}],"predecessor-version":[{"id":6373,"href":"https:\/\/www.benalmadena-property.com\/es\/wp-json\/wp\/v2\/pages\/6372\/revisions\/6373"}],"up":[{"embeddable":true,"href":"https:\/\/www.benalmadena-property.com\/es\/wp-json\/wp\/v2\/pages\/5239"}],"wp:attachment":[{"href":"https:\/\/www.benalmadena-property.com\/es\/wp-json\/wp\/v2\/media?parent=6372"}],"curies":[{"name":"wp","href":"https:\/\/api.w.org\/{rel}","templated":true}]}}