{"id":6376,"date":"2020-07-07T09:40:03","date_gmt":"2020-07-07T07:40:03","guid":{"rendered":"https:\/\/www.benalmadena-property.com\/alquileres-vacacionales\/otros-servicios-de-vacaciones\/"},"modified":"2020-07-07T09:40:04","modified_gmt":"2020-07-07T07:40:04","slug":"otros-servicios-de-vacaciones","status":"publish","type":"page","link":"https:\/\/www.benalmadena-property.com\/es\/alquileres-vacacionales\/otros-servicios-de-vacaciones\/","title":{"rendered":"Otros servicios de vacaciones"},"content":{"rendered":"<h3>Ofrecemos una gama de servicios de vacaciones adicionales a nuestros clientes para que sus vacaciones sean lo m\u00e1s gratuitas posible:<\/h3>\n<p><a href=\"http:\/\/www.benalmadena-property.com\/wp-content\/uploads\/2013\/10\/Services-Group.jpg\"><img fetchpriority=\"high\" decoding=\"async\" class=\"alignnone size-full wp-image-1227\" title=\"Alquiler de coches Aeropuerto Traslados Cunas Toallas Parasols Fans Aircon\" alt=\"Servicios de vacaciones Alquiler de coches Aeropuerto Traslados Cunas Toallas Sombrillas Fans Aircon\" src=\"http:\/\/www.benalmadena-property.com\/wp-content\/uploads\/2013\/10\/Services-Group.jpg\" width=\"640\" height=\"125\"><\/a><\/p>\n<h2 style=\"text-align: center;\"><strong>SERVICIO GRATUITO<\/strong><br \/>\nCunas<br \/>\nTronas<br \/>\nCamas Z<\/h2>\n<h2 style=\"text-align: center;\"><strong>Gratis<\/strong><br \/>\n<em>con dep\u00f3sito reembolsable<\/em><br \/>\nToallas de playa<br \/>\nSombrillas<\/h2>\n<h2 style=\"text-align: center;\"><strong>PARA ALQUILER<\/strong><br \/>\n<em>se aplican cargos<\/em><br \/>\nAire acondicionado m\u00f3vil<br \/>\nScooters de movilidad<br \/>\nReproductor de DVD<br \/>\nSecadores<br \/>\naficionados<\/h2>\n<h2 style=\"text-align: center;\"><strong>TAMBI\u00c9N PODEMOS ORGANIZAR&nbsp;<\/strong><br \/>\nVehiculos<br \/>\nTraslados<\/h2>\n","protected":false},"excerpt":{"rendered":"<p>Ofrecemos una gama de servicios de vacaciones adicionales a nuestros clientes para que sus vacaciones sean lo m\u00e1s gratuitas posible: SERVICIO GRATUITO Cunas Tronas Camas Z Gratis con dep\u00f3sito reembolsable Toallas de playa Sombrillas PARA ALQUILER se aplican cargos Aire acondicionado m\u00f3vil Scooters de movilidad Reproductor de DVD Secadores aficionados TAMBI\u00c9N PODEMOS ORGANIZAR&nbsp; Vehiculos Traslados<\/p>\n","protected":false},"author":1,"featured_media":0,"parent":5239,"menu_order":0,"comment_status":"closed","ping_status":"closed","template":"","meta":{"_exactmetrics_skip_tracking":false,"_exactmetrics_sitenote_active":false,"_exactmetrics_sitenote_note":"","_exactmetrics_sitenote_category":0,"_uf_show_specific_survey":0,"_uf_disable_surveys":false,"footnotes":""},"class_list":["post-6376","page","type-page","status-publish","hentry"],"_links":{"self":[{"href":"https:\/\/www.benalmadena-property.com\/es\/wp-json\/wp\/v2\/pages\/6376","targetHints":{"allow":["GET"]}}],"collection":[{"href":"https:\/\/www.benalmadena-property.com\/es\/wp-json\/wp\/v2\/pages"}],"about":[{"href":"https:\/\/www.benalmadena-property.com\/es\/wp-json\/wp\/v2\/types\/page"}],"author":[{"embeddable":true,"href":"https:\/\/www.benalmadena-property.com\/es\/wp-json\/wp\/v2\/users\/1"}],"replies":[{"embeddable":true,"href":"https:\/\/www.benalmadena-property.com\/es\/wp-json\/wp\/v2\/comments?post=6376"}],"version-history":[{"count":1,"href":"https:\/\/www.benalmadena-property.com\/es\/wp-json\/wp\/v2\/pages\/6376\/revisions"}],"predecessor-version":[{"id":6377,"href":"https:\/\/www.benalmadena-property.com\/es\/wp-json\/wp\/v2\/pages\/6376\/revisions\/6377"}],"up":[{"embeddable":true,"href":"https:\/\/www.benalmadena-property.com\/es\/wp-json\/wp\/v2\/pages\/5239"}],"wp:attachment":[{"href":"https:\/\/www.benalmadena-property.com\/es\/wp-json\/wp\/v2\/media?parent=6376"}],"curies":[{"name":"wp","href":"https:\/\/api.w.org\/{rel}","templated":true}]}}