{"id":5231,"date":"2020-03-28T13:07:15","date_gmt":"2020-03-28T13:07:15","guid":{"rendered":"http:\/\/gapp.system24tech.com\/a-propos-de-the-area\/"},"modified":"2020-04-29T10:14:50","modified_gmt":"2020-04-29T08:14:50","slug":"sur-la-region","status":"publish","type":"page","link":"https:\/\/www.benalmadena-property.com\/fr\/sur-la-region\/","title":{"rendered":"Sur la R\u00e9gion"},"content":{"rendered":"<p>Benalmadena sur la Costa del Sol est une municipalit\u00e9 de la province de Malaga compos\u00e9e de trois principales zones urbaines; Benalmadena Pueblo, Benalmadena Costa et Arroyo de la Miel. La ville de Malaga est \u00e0 environ 12 km \u00e0 l\u2019ouest avec Marbella 42 km \u00e0 l\u2019est. La r\u00e9gion a connu une croissance rapide au cours des derni\u00e8res d\u00e9cennies gr\u00e2ce au tourisme et est devenue l\u2019un des principaux endroits de la Costa del Sol.<\/p>\n<p>Benalmadena Costa abrite la majorit\u00e9 des attractions des zones, dont la premi\u00e8re est probablement les plages de sable dor\u00e9, qui s&rsquo; \u00e9coulent dans la mer M\u00e9diterran\u00e9e. Il y a des restaurants et des bars pour tous les types et les go\u00fbts et la r\u00e9gion conserve une atmosph\u00e8re d\u00e9tendue toute l\u2019ann\u00e9e.<\/p>\n<p>Avec un tel \u00e9ventail et vari\u00e9 d\u2019activit\u00e9s et de choses \u00e0 faire, n\u2019importe quel visiteur aura du mal \u00e0 trouver un moment d\u2019ennui lors de la visite de Benalmadena, une ville qui est vraiment plus qu\u2019une simple station.<\/p>\n<p><a href=\"https:\/\/www.benalmadena-property.com\/wp-content\/uploads\/2013\/09\/Puerto-Marina-Group.jpg\"><img fetchpriority=\"high\" decoding=\"async\" class=\"alignnone size-full wp-image-488\" title=\"Puerto Marina Benalmadena\" src=\"https:\/\/www.benalmadena-property.com\/wp-content\/uploads\/2013\/09\/Puerto-Marina-Group.jpg\" alt=\"Puerto Marina Benalmadena\" width=\"640\" height=\"91\" \/><\/a><\/p>\n<h2>Puerto Marina Benalmadena<\/h2>\n<p><strong>Puerto Marina Benalmadena <\/strong>est l\u2019un des ports les plus magnifiques et complexes r\u00e9sidentiels dans le monde, avec une architecture tr\u00e8s attrayante et une distinction drapeau bleu pour la qualit\u00e9.<\/p>\n<p>L\u2019histoire de Puerto Marina a commenc\u00e9 dans les ann\u00e9es 1960 \u00e0 la suite de la croissance soudaine de l\u2019industrie touristique. Les travaux de construction du port ont commenc\u00e9 en 1972 et se sont termin\u00e9s 10 ans plus tard. Puerto Marina a \u00e9t\u00e9 nomm\u00e9e la meilleure Marina au monde \u00e0 deux reprises &#8211; 1995 et 1997 &#8211; un honneur qui est d\u00e9cern\u00e9 par des magazines sp\u00e9cialis\u00e9s internationaux.<\/p>\n<p>Le port dispose \u00e9galement de bars, restaurants, un centre commercial et des boutiques tout au long de sa promenade int\u00e9rieure qui nous emm\u00e8ne d\u2019un bout \u00e0 l\u2019autre du port. Il y a aussi un grand parking public et priv\u00e9. Puerto Marina est devenue une zone de loisirs exceptionnelle sur la Costa del Sol.<\/p>\n<p><a href=\"https:\/\/www.benalmadena-property.com\/wp-content\/uploads\/2013\/09\/Selwo-Marina-Group.jpg\"><img decoding=\"async\" class=\"alignnone size-full wp-image-491\" title=\"Selwo Marina Benalmadena\" src=\"https:\/\/www.benalmadena-property.com\/wp-content\/uploads\/2013\/09\/Selwo-Marina-Group.jpg\" alt=\"Selwo Marina, Dolphins, Sea lions, penguins, birds, Benalmadena\" width=\"640\" height=\"98\" \/><\/a><\/p>\n<h2>Selwo Marina<\/h2>\n<p><strong>Selwo Marina<\/strong> est situ\u00e9e au Parque de la Paloma \u00e0 Arroyo de la Miel. Le parc a 4 zones &#8211; &lsquo;Antillas&rsquo;, &lsquo;Las Hondonada&rsquo;, &lsquo;Amazonia&rsquo; et &lsquo;Isla de Hielo&rsquo;. &lsquo;Antillas&rsquo; est l\u2019endroit o\u00f9 se trouvent les piscines de dauphins et d\u2019otaries. La grande piscine principale est utilis\u00e9e \u00e0 la fois par les dauphins et les otaries pendant les spectacles. &lsquo;Las Hondonada&rsquo; est la zone dans laquelle les Expositions des oiseaux et des serpents ont lieu. Il ya aussi des voli\u00e8res pour voir les perroquets quand ils ne sont pas performants. &lsquo;Amazonia&rsquo; est une petite zone int\u00e9rieure contenant des r\u00e9servoirs de serpents, de l\u00e9zards, de poissons, de ca\u00efmans et d\u2019autres esp\u00e8ces. &lsquo;Isla de Hielo&rsquo; se traduit par &lsquo;Island of Ice&rsquo; et abrite leur collection de pingouins, le premier construit en Andalousie.<\/p>\n<p><a href=\"https:\/\/www.benalmadena-property.com\/wp-content\/uploads\/2013\/09\/Sealife-Group.jpg\"><img decoding=\"async\" class=\"alignnone size-full wp-image-572\" title=\"Sealife Centre aquarium Benalmadena\" src=\"https:\/\/www.benalmadena-property.com\/wp-content\/uploads\/2013\/09\/Sealife-Group.jpg\" alt=\"Sealife aquarium Benalmadena\" width=\"640\" height=\"123\" \/><\/a><\/p>\n<h2 align=\"justify\">Centre de la vie maritime Benalmadena<\/h2>\n<div align=\"justify\"><strong>Sealife Centre Benalmadena<\/strong> est l\u2019aquarium interactif unique bas\u00e9 \u00e0 Puerto Marina.<br \/>\nVous pouvez d\u00e9couvrir 5.000 cr\u00e9atures qui vivent dans les mers de toutes les parties du monde &#8211; de la M\u00e9diterran\u00e9e \u00e0 l\u2019oc\u00e9an Atlantique, mais aussi des zones tropicales comme l\u2019oc\u00e9an Indien, l\u2019oc\u00e9an Pacifique et la mer Rouge.<\/div>\n<div align=\"justify\">.<\/div>\n<p align=\"justify\"><a href=\"https:\/\/www.benalmadena-property.com\/wp-content\/uploads\/2013\/09\/Tivoli-Group.jpg\"><img loading=\"lazy\" decoding=\"async\" class=\"alignnone size-full wp-image-574\" title=\"Tivoli World Benalmadena\" src=\"https:\/\/www.benalmadena-property.com\/wp-content\/uploads\/2013\/09\/Tivoli-Group.jpg\" alt=\"Tivoli World, Benalmadena\" width=\"640\" height=\"103\" \/><\/a><\/p>\n<h2 align=\"justify\">Monde Tivoli<\/h2>\n<p align=\"justify\"><strong>Tivoli World<\/strong> est entour\u00e9 de beaux jardins, fontaines illumin\u00e9es et une vari\u00e9t\u00e9 de restaurants, vous trouverez beaucoup d\u2019attractions passionnantes. Il est situ\u00e9 \u00e0 Avenida del T\u00fbvoli, Benalmadena et dispose de nombreux man\u00e8ges passionnants et une gamme de divertissements. Il ya une place de l\u2019Ouest, qui est une reproduction d\u2019une ville de l\u2019Ouest, un barbecue, et un spectacle de danseurs can-can. Il y a une place andalouse o\u00f9 la danse flamenco est en vedette. La place de la Jungle a des mimes habill\u00e9s en animaux sauvages. Il ya un show Boat avec un spectacle de pirates. Ce parc d\u2019attractions est l\u2019un des meilleurs de la Costa del Sol.<\/p>\n<h2 align=\"justify\"><strong>VISIT BENALMADENA<\/strong> &#8211; Voir la vid\u00e9o<\/h2>\n<p><iframe title=\"Visit Benalmadena\" width=\"828\" height=\"621\" src=\"https:\/\/www.youtube.com\/embed\/8xWElJVLq0A?feature=oembed\" frameborder=\"0\" allow=\"accelerometer; autoplay; encrypted-media; gyroscope; picture-in-picture\" allowfullscreen><\/iframe><\/p>\n<p style=\"text-align: center;\"><a href=\"https:\/\/www.benalmadena-property.com\/wp-content\/uploads\/2013\/09\/Skyline-640.jpg\"><img loading=\"lazy\" decoding=\"async\" class=\"size-full wp-image-489 aligncenter\" title=\"Benalmadena skyline, Costa del Sol\" src=\"https:\/\/www.benalmadena-property.com\/wp-content\/uploads\/2013\/09\/Skyline-640.jpg\" alt=\"Benalmadena skyline, Costa del Sol\" width=\"640\" height=\"128\" \/><\/a><\/p>\n<p>Plus d\u2019informations sur Benalmadena peuvent \u00eatre trouv\u00e9es \u00e0:<br \/>\n<a href=\"https:\/\/www.visitcostadelsol.com\/municipalities\/tourist-offices\/benalmadena-tourist-office-castillo-bil-bil-p13911\" target=\"_blank\" rel=\"noopener noreferrer\"><strong>Office de Tourisme de Benalmadena<\/strong><\/a><br \/>\nVous pouvez \u00e9galement voir la <strong> <a title=\"Benalmadena 2014 HD Video\" href=\"https:\/\/www.benalmadena-property.com\/benalmadena-2014-hd\/\" target=\"_blank\" rel=\"noopener noreferrer\">vid\u00e9o Benalmadena Ayuntamiento en HD ici<\/a><\/strong><\/p>\n<p><strong>AUTRES DOMAINES<\/strong><\/p>\n<h5><a title=\"Iznajar\" href=\"https:\/\/www.benalmadena-property.com\/about-the-area\/iznajar\/\"><strong>IZNAJAR<\/strong> &#8211; Voir nos informations sur l\u2019Andalousie int\u00e9rieure<\/a><\/h5>\n","protected":false},"excerpt":{"rendered":"<p>Benalmadena sur la Costa del Sol est une municipalit\u00e9 de la province de Malaga compos\u00e9e de trois principales zones urbaines; Benalmadena Pueblo, Benalmadena Costa et Arroyo de la Miel. La ville de Malaga est \u00e0 environ 12 km \u00e0 l\u2019ouest avec Marbella 42 km \u00e0 l\u2019est. La r\u00e9gion a connu une croissance rapide au cours&#8230;<\/p>\n","protected":false},"author":1,"featured_media":0,"parent":0,"menu_order":0,"comment_status":"closed","ping_status":"closed","template":"","meta":{"_exactmetrics_skip_tracking":false,"_exactmetrics_sitenote_active":false,"_exactmetrics_sitenote_note":"","_exactmetrics_sitenote_category":0,"_uf_show_specific_survey":0,"_uf_disable_surveys":false,"footnotes":""},"class_list":["post-5231","page","type-page","status-publish","hentry"],"_links":{"self":[{"href":"https:\/\/www.benalmadena-property.com\/fr\/wp-json\/wp\/v2\/pages\/5231","targetHints":{"allow":["GET"]}}],"collection":[{"href":"https:\/\/www.benalmadena-property.com\/fr\/wp-json\/wp\/v2\/pages"}],"about":[{"href":"https:\/\/www.benalmadena-property.com\/fr\/wp-json\/wp\/v2\/types\/page"}],"author":[{"embeddable":true,"href":"https:\/\/www.benalmadena-property.com\/fr\/wp-json\/wp\/v2\/users\/1"}],"replies":[{"embeddable":true,"href":"https:\/\/www.benalmadena-property.com\/fr\/wp-json\/wp\/v2\/comments?post=5231"}],"version-history":[{"count":1,"href":"https:\/\/www.benalmadena-property.com\/fr\/wp-json\/wp\/v2\/pages\/5231\/revisions"}],"predecessor-version":[{"id":5748,"href":"https:\/\/www.benalmadena-property.com\/fr\/wp-json\/wp\/v2\/pages\/5231\/revisions\/5748"}],"wp:attachment":[{"href":"https:\/\/www.benalmadena-property.com\/fr\/wp-json\/wp\/v2\/media?parent=5231"}],"curies":[{"name":"wp","href":"https:\/\/api.w.org\/{rel}","templated":true}]}}