{"id":5232,"date":"2020-03-28T13:07:15","date_gmt":"2020-03-28T13:07:15","guid":{"rendered":"http:\/\/gapp.system24tech.com\/locations-de-vacances\/"},"modified":"2020-03-28T13:07:16","modified_gmt":"2020-03-28T13:07:16","slug":"locations-de-vacances","status":"publish","type":"page","link":"https:\/\/www.benalmadena-property.com\/fr\/locations-de-vacances\/","title":{"rendered":"Locations de vacances"},"content":{"rendered":"<p><\/p>\n<h2 class=\"wp-block-heading\">Vacances et Court-location Logement &#8211; Benalmadena<\/h2>\n<p><\/p>\n<figure><a href=\"https:\/\/www.benalmadena-property.com\/wp-content\/uploads\/2013\/09\/Holiday-Lets-Group.jpg\"><img decoding=\"async\" src=\"https:\/\/www.benalmadena-property.com\/wp-content\/uploads\/2013\/09\/Holiday-Lets-Group.jpg\" alt=\"Holiday accommodation Jupiter Minerva Benal Beach Myramar Oasis Benalmadena\"><\/a><\/figure>\n<p><\/p>\n<p>Notre h\u00e9bergement de vacances est auto-restauration situ\u00e9 dans le Jupiter\/Minerva, Benal Beach, El Balcon, Pueblo Evita, Myramar Oasis, Agata, Hercules et des maisons priv\u00e9es individuelles. Chaque appartement est une propri\u00e9t\u00e9 priv\u00e9e et chacun a son propre caract\u00e8re. Tr\u00e8s abordable. Vous pouvez rechercher exactement l\u2019appartement qui vous convient afin qu\u2019il n\u2019y ait pas de surprises. Tous les appartements sont enti\u00e8rement \u00e9quip\u00e9s. L\u2019a\u00e9roport de Malaga se trouve \u00e0 environ 15 minutes.<\/p>\n<p><\/p>\n<p><strong>BOOK NOW pour 2019<\/strong><\/p>\n<p><\/p>\n<h2 class=\"wp-block-heading\">Appartements Jupiter et Minerva<\/h2>\n<p><\/p>\n<p>Le<strong><br \/>\n  <a href=\"https:\/\/www.benalmadena-property.com\/jupiter-minerva-apartments\/\" target=\"_blank\" rel=\"noreferrer noopener\"> Jupiter et Minerva<\/a><br \/>\n<\/strong> ont une piscine fantastique, avec bar au bord de la piscine, et des jardins dans une zone s\u00e9curis\u00e9e. Il y a des sauveteurs pr\u00e9sents pendant la haute saison. Dans le complexe il ya une r\u00e9ception anglophone 24 heures, Bureau De Change, location de coffre-fort, supermarch\u00e9, coiffeurs et magasins. WiFi est disponible.<\/p>\n<p><\/p>\n<figure><a href=\"https:\/\/www.benalmadena-property.com\/wp-content\/uploads\/2013\/09\/jupiter-Minerva-Group.jpg\"><img decoding=\"async\" src=\"https:\/\/www.benalmadena-property.com\/wp-content\/uploads\/2013\/09\/jupiter-Minerva-Group.jpg\" alt=\"Jupiter Minerva Benalmadena\"><\/a><\/figure>\n<p><\/p>\n<p>Le complexe est situ\u00e9 \u00e0 proximit\u00e9 de tous les supermarch\u00e9s commodit\u00e9s, chimiste, boulangers et bien plus encore. Bonanza Square se trouve \u00e9galement \u00e0 proximit\u00e9 o\u00f9 il y a un choix de bars, restaurants et bo\u00eetes de nuit. Arroyo de la Miel est \u00e0 5 minutes \u00e0 pied et la plage de Benalmadena est d\u2019environ 10 minutes.<\/p>\n<p><\/p>\n<p>Nous pouvons offrir un h\u00e9bergement de vacances &#8211; studio, une chambre et deux appartements de chambre \u00e0 coucher \u00e0 la Jupiter et Minerva Benalmadena.<\/p>\n<p><\/p>\n<h3 class=\"wp-block-heading\"><a href=\"https:\/\/www.benalmadena-property.com\/jupiter-minerva-apartments\/\">Voir notre <strong>GALLERY et voir la VIDEO &#8211;<\/strong> plus de d\u00e9tails sur l\u2019h\u00e9bergement de vacances Jupiter Minerva Apartments &#8211; ICI<\/a><\/h3>\n<p><\/p>\n<h2 class=\"wp-block-heading\">Plage de Benal<\/h2>\n<p><\/p>\n<p><strong>Benal Beach<\/strong> est l\u2019un des complexes de vacances les plus modernes dans cette r\u00e9gion de l\u2019Espagne. Il dispose du plus grand complexe priv\u00e9 de piscine d\u2019Europe avec cinq piscines toutes sur diff\u00e9rents niveaux avec des toboggans aquatiques et des chutes. Benal Beach est entour\u00e9 de jardins japonais avec une abondance de caract\u00e9ristiques de l\u2019eau. Le complexe est construit autour de 4 blocs r\u00e9sidentiels avec des installations pour les r\u00e9sidents disponibles dans le noyau central et \u00e0 l\u2019ext\u00e9rieur. Il est situ\u00e9 sur la premi\u00e8re ligne de la plage dans la station touristique pr\u00e9f\u00e9r\u00e9e de Benalmadena Costa. Situ\u00e9 tr\u00e8s au centre de la plage, des boutiques, des restaurants et des transports en commun. Aucune voiture n\u2019est n\u00e9cessaire, ce qui en fait une retraite familiale id\u00e9ale!<\/p>\n<p><\/p>\n<figure><a href=\"https:\/\/www.benalmadena-property.com\/wp-content\/uploads\/2013\/09\/Benal-Beach-Group.jpg\"><img decoding=\"async\" src=\"https:\/\/www.benalmadena-property.com\/wp-content\/uploads\/2013\/09\/Benal-Beach-Group.jpg\" alt=\"Benal Beach Benalmadena\"><\/a><\/figure>\n<p><\/p>\n<p> Le complexe comprend de nombreux restaurants, caf\u00e9s et pubs, une r\u00e9ception 24 heures sur 24, un supermarch\u00e9, un salon de coiffure, une blanchisserie ainsi que de nombreuses boutiques de souvenirs. Le point focal \u00e9tant le grand parc aquatique avec toboggan gigantesque et piscine s\u00e9par\u00e9e pour enfants, tables de billard et fl\u00e9chettes. Directement au-dessus du complexe se trouve le parc, Parque de La Paloma, avec ses beaux jardins, plusieurs terrains de jeux pour enfants, un petit zoo, des caf\u00e9s et bien plus encore. Les arr\u00eats de bus sont \u00e0 l\u2019ext\u00e9rieur du complexe, donc les excursions sont sans probl\u00e8me. WiFi disponible.<\/p>\n<p><\/p>\n<p>Nous offrons des appartements d\u2019une chambre \u00e0 coucher \u00e0 la plage de Benal.<\/p>\n<p><\/p>\n<h2 class=\"wp-block-heading\"><a href=\"https:\/\/www.benalmadena-property.com\/holiday-lets\/el-balcon-superb-holiday-let-benalmadena\/\" target=\"_blank\" rel=\"noreferrer noopener\">El Balcon de Benalmadena<\/a><\/h2>\n<p><\/p>\n<p><strong>El Balcon de Benalmadena<\/strong> offre un h\u00e9bergement exclusif de 2 chambres avec une vue imprenable sur la M\u00e9diterran\u00e9e, la baie de Fuengirola, et l\u2019Afrique, o\u00f9 vous pouvez regarder le lever du soleil et se coucher depuis votre terrasse. Tr\u00e8s bien \u00e9quip\u00e9 \u00e0 un niveau \u00e9lev\u00e9.<\/p>\n<p><\/p>\n<figure><a href=\"https:\/\/www.benalmadena-property.com\/wp-content\/uploads\/2013\/09\/El-Balcon-Exterior.png\"><img decoding=\"async\" src=\"https:\/\/www.benalmadena-property.com\/wp-content\/uploads\/2013\/09\/El-Balcon-Exterior-1024x185.png\" alt=\"El Balcon Benalmadena Fuengirola\"><\/a><\/figure>\n<p><\/p>\n<p>A cinq minutes \u00e0 pied de la plage ou de la ligne de bus, \u00e0 10 minutes de la gare et du taxi. Bars et restaurats 5 \u00e0 10 minutes. Bien qu\u2019\u00e0 Benalmadena, le centre-ville de Fuengirola est la ville la plus proche (environ 2 kilom\u00e8tres).<\/p>\n<p><\/p>\n<p><a href=\"https:\/\/www.benalmadena-property.com\/holiday-lets\/el-balcon-superb-holiday-let-benalmadena\/\">Voir ICI pour plus d\u2019informations<\/a><\/p>\n<p><\/p>\n<h2 class=\"wp-block-heading\">Myramar Oasis<\/h2>\n<p><\/p>\n<p>Les appartements <strong>Myramar Oasis <\/strong>sont dans un endroit r\u00e9sidentiel calme. Ils sont \u00e0 seulement dix minutes \u00e0 pied de la plage et le centre de l\u2019Arroyo de la Miel avec ses restaurants, bars et boutiques. Il ya deux belles piscines, l\u2019une ouverte toute l\u2019ann\u00e9e) avec de vastes jardins bien entretenus.<\/p>\n<p><\/p>\n<h2 class=\"wp-block-heading\"><a href=\"https:\/\/www.benalmadena-property.com\/holiday-lets\/holiday-let-booking-conditions\/\" target=\"_blank\" rel=\"noreferrer noopener\">Vous pouvez consulter nos conditions de r\u00e9servation &#8211; Ici<\/a><\/h2>\n<p><\/p>\n<figure><a href=\"http:\/\/www.paypal.com\" target=\"_blank\" rel=\"noreferrer noopener\"><img decoding=\"async\" src=\"https:\/\/www.benalmadena-property.com\/wp-content\/uploads\/2013\/09\/paypal_logo.jpg\" alt=\"PayPal Payments Gapp Properties\"><\/a><\/figure>\n<p><\/p>\n<p>Nous acceptons de nombreuses formes de paiement et sommes \u00e9galement \u00abPayPal\u00bb v\u00e9rifi\u00e9 pour s\u2019assurer que le processus de r\u00e9servation est s\u00e9curis\u00e9 et sans probl\u00e8me.<\/p>\n<p><\/p>\n<p><strong><em>Remarque : Lors des paiements effectu\u00e9s par PayPal, un petit frais d\u2019administration s\u2019applique (au co\u00fbt). Nous vous fournirons une facture, avec tous les d\u00e9tails, afin que vous payiez le montant correct.<\/em><\/strong><\/p>\n<p><\/p>\n<p>Voir nos <a href=\"https:\/\/www.benalmadena-property.com\/holiday-lets\/other-holiday-services\/\" target=\"_blank\" rel=\"noreferrer noopener\"><br \/>\n  <strong>AUTRES SERVICES HOLIDAY<\/strong><br \/>\n<\/a> &#8211;<br \/>Nous offrons une gamme de services suppl\u00e9mentaires pour nous assurer que nos clients ont des vacances insouciantes.<\/p>\n<p><\/p>\n<h2 class=\"wp-block-heading\">Locations \u00e0 court terme \u00e0 Benalmadena et Costa del Sol<\/h2>\n<p><\/p>\n<p>Vous pouvez louer une propri\u00e9t\u00e9 plus longtemps que la p\u00e9riode normale de vacances. Vous pourriez avoir besoin d\u2019un logement tout en recherchant une propri\u00e9t\u00e9 \u00e0 acheter ou un autre logement tandis que les r\u00e9novations sont termin\u00e9es sur un que vous avez d\u00e9j\u00e0 achet\u00e9?&#8230;.. Si vous \u00eates \u00e0 la recherche d\u2019un court terme laisser jusqu\u2019\u00e0 6 mois, nous pouvons aider &#8211; alors s\u2019il vous pla\u00eet demander &#8211; Email <strong><a href=\"mailto:rentals@gapp-properties.com\">rentals@gapp-properties.com<\/a><\/strong><\/p>\n<p><\/p>\n<p><strong>Notre site se d\u00e9veloppe tout le temps et nous travaillons dur pour vous apporter autant d\u2019options de propri\u00e9t\u00e9 que possible. Pour le moment ce n\u2019est qu\u2019une s\u00e9lection donc <a href=\"https:\/\/www.benalmadena-property.com\/enquiries\/\" target=\"_blank\" rel=\"noreferrer noopener\">CONTACT US <\/a>ou e-mail <a href=\"mailto:rentals@gapp-properties.com\">rentals@gapp-properties.com<\/a> avec vos exigences que nous avons une gamme d\u2019autres qui nous sommes s\u00fbrs r\u00e9pondra \u00e0 vos besoins!<\/strong><\/p>\n<p><\/p>","protected":false},"excerpt":{"rendered":"<p>Vacances et Court-location Logement &#8211; Benalmadena Notre h\u00e9bergement de vacances est auto-restauration situ\u00e9 dans le Jupiter\/Minerva, Benal Beach, El Balcon, Pueblo Evita, Myramar Oasis, Agata, Hercules et des maisons priv\u00e9es individuelles. Chaque appartement est une propri\u00e9t\u00e9 priv\u00e9e et chacun a son propre caract\u00e8re. Tr\u00e8s abordable. Vous pouvez rechercher exactement l\u2019appartement qui vous convient afin qu\u2019il&#8230;<\/p>\n","protected":false},"author":1,"featured_media":0,"parent":0,"menu_order":0,"comment_status":"closed","ping_status":"closed","template":"templates\/properties-search.php","meta":{"_exactmetrics_skip_tracking":false,"_exactmetrics_sitenote_active":false,"_exactmetrics_sitenote_note":"","_exactmetrics_sitenote_category":0,"_uf_show_specific_survey":0,"_uf_disable_surveys":false,"footnotes":""},"class_list":["post-5232","page","type-page","status-publish","hentry"],"_links":{"self":[{"href":"https:\/\/www.benalmadena-property.com\/fr\/wp-json\/wp\/v2\/pages\/5232","targetHints":{"allow":["GET"]}}],"collection":[{"href":"https:\/\/www.benalmadena-property.com\/fr\/wp-json\/wp\/v2\/pages"}],"about":[{"href":"https:\/\/www.benalmadena-property.com\/fr\/wp-json\/wp\/v2\/types\/page"}],"author":[{"embeddable":true,"href":"https:\/\/www.benalmadena-property.com\/fr\/wp-json\/wp\/v2\/users\/1"}],"replies":[{"embeddable":true,"href":"https:\/\/www.benalmadena-property.com\/fr\/wp-json\/wp\/v2\/comments?post=5232"}],"version-history":[{"count":1,"href":"https:\/\/www.benalmadena-property.com\/fr\/wp-json\/wp\/v2\/pages\/5232\/revisions"}],"predecessor-version":[{"id":5236,"href":"https:\/\/www.benalmadena-property.com\/fr\/wp-json\/wp\/v2\/pages\/5232\/revisions\/5236"}],"wp:attachment":[{"href":"https:\/\/www.benalmadena-property.com\/fr\/wp-json\/wp\/v2\/media?parent=5232"}],"curies":[{"name":"wp","href":"https:\/\/api.w.org\/{rel}","templated":true}]}}