{"id":5237,"date":"2020-03-28T13:07:15","date_gmt":"2020-03-28T13:07:15","guid":{"rendered":"http:\/\/gapp.system24tech.com\/ventes-immobilieres\/"},"modified":"2020-05-10T13:08:07","modified_gmt":"2020-05-10T11:08:07","slug":"ventes-immobilieres","status":"publish","type":"page","link":"https:\/\/www.benalmadena-property.com\/fr\/ventes-immobilieres\/","title":{"rendered":"Ventes immobili\u00e8res"},"content":{"rendered":"<p><\/p>\n\n\n<\/p>\n<h2 class=\"wp-block-heading\">Ventes immobili\u00e8res en Andalousie<\/h2>\n<p>\n\n\n\n<\/p>\n<figure><a href=\"https:\/\/www.benalmadena-property.com\/wp-content\/uploads\/2013\/09\/Sales-Group.jpg\"><img decoding=\"async\" src=\"https:\/\/www.benalmadena-property.com\/wp-content\/uploads\/2013\/09\/Sales-Group.jpg\" alt=\"Property Sales, Benalmadena, Arroyo de la Miel, Costa del Sol and inland Andalucia\"><\/a><\/figure>\n<p>\n\n\n\n<\/p>\n<h2 class=\"wp-block-heading\"> <\/h2>\n<h2> <\/h2>\n<h2> <\/h2>\n<h2>Ventes immobili\u00e8res en Andalousie &#8211; Benalmadena, Arroyo de la Miel, Costa del Sol et Andalousie int\u00e9rieure<\/h2>\n<p>\n\n\n\n<\/p>\n<p>Si vous \u00eates \u00e0 la recherche d\u2019une maison en Espagne ou d\u2019une maison de vacances pour cette escapade &lsquo;place au soleil&rsquo; Gapp Properties ont un large \u00e9ventail de propri\u00e9t\u00e9s \u00e0 vendre. Benalmadena et la Costa del Sol a beaucoup \u00e0 offrir quel que soit votre budget. Nous offrons un excellent service de vente de propri\u00e9t\u00e9 et la s\u00e9lection de propri\u00e9t\u00e9s, y compris les villas, appartements avec vue sur la plage, maisons de village, maisons de ville, cortijos, fincas, maisons de campagne, penthouses et bien plus encore &#8230;&#8230;.<\/p>\n<p>\n\n\n\n<\/p>\n<figure><a href=\"https:\/\/www.benalmadena-property.com\/wp-content\/uploads\/2013\/09\/Minerva-Pool.jpg\"><img decoding=\"async\" src=\"https:\/\/www.benalmadena-property.com\/wp-content\/uploads\/2013\/09\/Minerva-Pool.jpg\" alt=\"Benalmadena Jupiter Minerva\"><\/a><\/figure>\n<p>\n\n\n\n<\/p>\n<p>La r\u00e9gion est l\u2019une des plus populaires en Espagne et quand vous visitez la belle \u00abPuerto Marina\u00bb, vous pouvez voir pourquoi. Si vous envisagez des possibilit\u00e9s plus loin, nous pouvons \u00e9galement offrir des propri\u00e9t\u00e9s dans certaines des autres r\u00e9gions d\u2019Andalousie, \u00e0 la fois c\u00f4ti\u00e8re et int\u00e9rieure. Nous avons une grande s\u00e9lection de propri\u00e9t\u00e9s int\u00e9rieures \u00e0 <a href=\"https:\/\/www.benalmadena-property.com\/about-the-area\/iznajar\/\" target=\"_blank\" rel=\"noreferrer noopener\">Iznajar<\/a>, qui est situ\u00e9 sur le plus grand lac en Andalousie, avec sa propre plage et sports nautiques, ch\u00e2teau et paysages magnifiques. Nous voulons trouver la propri\u00e9t\u00e9 id\u00e9ale pour vous!<\/p>\n<p>\n\n\n\n<\/p>\n<figure><a href=\"https:\/\/www.benalmadena-property.com\/wp-content\/uploads\/2013\/09\/DSC_0652-copy_pe-2.jpg\"><img decoding=\"async\" src=\"https:\/\/www.benalmadena-property.com\/wp-content\/uploads\/2013\/09\/DSC_0652-copy_pe-2.jpg\" alt=\"Iznajar Lake inland beach\"><\/a><\/figure>\n<p>\n\n\n\n<\/p>\n<p>Notre objectif est de s\u2019assurer que l\u2019ensemble du processus d\u2019achat de \u00abjuste la bonne propri\u00e9t\u00e9\u00bb est une exp\u00e9rience sans heurts pour nos clients. Nous vous \u00e9coutons et mettons en \u00e9vidence les options adapt\u00e9es \u00e0 vos besoins. Nous pouvons vous diriger \u00e0 travers l\u2019achat et vous aider \u00e0 travers la paperasse l\u00e9gale pour s\u2019assurer qu\u2019il n\u2019y a pas de surprises et tout est \u00abau-dessus de bord\u00bb. Votre satisfaction maintient notre r\u00e9putation qui est tr\u00e8s importante pour nous.<\/p>\n<p>\n\n\n\n<\/p>\n<p>Veuillez <a href=\"https:\/\/www.benalmadena-property.com\/enquiries\/\" target=\"_blank\" rel=\"noreferrer noopener\">nous contacter<\/a> avec vos exigences et voir ce que nous avons \u00e0 offrir.<\/p>\n<p>\n\n\n\n<\/p>\n<p>Voir plus d\u2019informations sur les ventes de propri\u00e9t\u00e9s et les emplacements dans:<\/p>\n<p>\n\n\n\n<\/p>\n<h2 class=\"wp-block-heading\">Costa del Sol &#8211; <a href=\"https:\/\/www.benalmadena-property.com\/about-the-area\/\" target=\"_blank\" rel=\"noreferrer noopener\"><br \/>\n  <strong>BENALMADENA<\/strong><br \/>\n<\/a> Inland Andalucia &#8211; <strong><br \/>\n  <a href=\"https:\/\/www.benalmadena-property.com\/about-the-area\/iznajar\/\" target=\"_blank\" rel=\"noreferrer noopener\">IZNAJAR<\/a><br \/>\n<\/strong><\/h2>\n<p>\n\n\n\n<\/p>\n<h3 class=\"wp-block-heading\"> Vous \u00eates propri\u00e9taire? Vous voulez vendre ou louer votre propri\u00e9t\u00e9. Consultez notre <a href=\"https:\/\/www.benalmadena-property.com\/property-owners\/\"><br \/>\n  <strong>page propri\u00e9taires<\/strong><br \/>\n<\/a> <strong>LOW COMMISSIONS &#8211; Nous avons l\u2019un des taux les plus bas dans la r\u00e9gion.<\/strong><\/h3>\n<p>\n\n\n\n<\/p>\n<p>Benalmadena 2014 vid\u00e9o HD &#8211; vue a\u00e9rienne imprenable sur la r\u00e9gion et les attractions https:\/\/www.youtube.com\/watch?v=iGrPXmz15eY<\/p>\n<p>\n\n\n\n<\/p>\n<p>Avec l\u2019aimable autorisation de <a href=\"http:\/\/www.benalmadena.com\/\" target=\"_blank\" rel=\"noreferrer noopener\">Benalmadena Ayuntamiento<\/a><\/p>\n<p>\n\n\n\n<\/p>\n<h2 class=\"wp-block-heading\"><a href=\"http:\/\/www.currencies.co.uk\/the-essential-moving-to-spain-expat-guide\/\" target=\"_blank\" rel=\"noreferrer noopener\">T\u00e9l\u00e9charger l\u2019Essential Moving To Spain Expat Guide<\/a><\/h2>\n<p>\n\n\n\n<\/p>\n<p>Si vous envisagez de d\u00e9m\u00e9nager du Royaume-Uni \u00e0 l\u2019Espagne, et de devenir l\u2019un des nombreux expatri\u00e9s britanniques b\u00e9n\u00e9ficiant de l\u2019Espagne ensoleill\u00e9e, vous pouvez avoir beaucoup de questions. Pour r\u00e9pondre \u00e0 ces vous pouvez t\u00e9l\u00e9charger un <strong><br \/>\n  <a href=\"http:\/\/www.currencies.co.uk\/the-essential-moving-to-spain-expat-guide\/\" target=\"_blank\" rel=\"noreferrer noopener\">guide gratuit Moving to Spain<\/a><br \/>\n<\/strong>.<\/p>\n<p>\n\n\n\n<\/p>\n<p><strong>Notre site se d\u00e9veloppe tout le temps et nous travaillons dur pour vous apporter autant d\u2019options de propri\u00e9t\u00e9 que possible. Pour le moment ce n\u2019est qu\u2019une s\u00e9lection donc <a href=\"https:\/\/www.benalmadena-property.com\/enquiries\/\" target=\"_blank\" rel=\"noreferrer noopener\">CONTACT US <\/a>ou e-mail <a href=\"mailto:info@gapp-properties.com\">info@gapp-properties.com<\/a> avec vos exigences que nous avons une gamme d\u2019autres qui nous sommes s\u00fbrs r\u00e9pondra \u00e0 vos besoins!<\/strong><\/p>\n<p>\n\n\n<p><\/p>","protected":false},"excerpt":{"rendered":"<p>Ventes immobili\u00e8res en Andalousie Ventes immobili\u00e8res en Andalousie &#8211; Benalmadena, Arroyo de la Miel, Costa del Sol et Andalousie int\u00e9rieure Si vous \u00eates \u00e0 la recherche d\u2019une maison en Espagne ou d\u2019une maison de vacances pour cette escapade &lsquo;place au soleil&rsquo; Gapp Properties ont un large \u00e9ventail de propri\u00e9t\u00e9s \u00e0 vendre. Benalmadena et la Costa&#8230;<\/p>\n","protected":false},"author":1,"featured_media":0,"parent":0,"menu_order":0,"comment_status":"closed","ping_status":"closed","template":"templates\/properties-search.php","meta":{"_exactmetrics_skip_tracking":false,"_exactmetrics_sitenote_active":false,"_exactmetrics_sitenote_note":"","_exactmetrics_sitenote_category":0,"_uf_show_specific_survey":0,"_uf_disable_surveys":false,"footnotes":""},"class_list":["post-5237","page","type-page","status-publish","hentry"],"_links":{"self":[{"href":"https:\/\/www.benalmadena-property.com\/fr\/wp-json\/wp\/v2\/pages\/5237","targetHints":{"allow":["GET"]}}],"collection":[{"href":"https:\/\/www.benalmadena-property.com\/fr\/wp-json\/wp\/v2\/pages"}],"about":[{"href":"https:\/\/www.benalmadena-property.com\/fr\/wp-json\/wp\/v2\/types\/page"}],"author":[{"embeddable":true,"href":"https:\/\/www.benalmadena-property.com\/fr\/wp-json\/wp\/v2\/users\/1"}],"replies":[{"embeddable":true,"href":"https:\/\/www.benalmadena-property.com\/fr\/wp-json\/wp\/v2\/comments?post=5237"}],"version-history":[{"count":2,"href":"https:\/\/www.benalmadena-property.com\/fr\/wp-json\/wp\/v2\/pages\/5237\/revisions"}],"predecessor-version":[{"id":5860,"href":"https:\/\/www.benalmadena-property.com\/fr\/wp-json\/wp\/v2\/pages\/5237\/revisions\/5860"}],"wp:attachment":[{"href":"https:\/\/www.benalmadena-property.com\/fr\/wp-json\/wp\/v2\/media?parent=5237"}],"curies":[{"name":"wp","href":"https:\/\/api.w.org\/{rel}","templated":true}]}}