{"id":5247,"date":"2020-03-28T13:07:19","date_gmt":"2020-03-28T13:07:19","guid":{"rendered":"http:\/\/gapp.system24tech.com\/certificats-de-performance-energetique-epc-espagne\/"},"modified":"2020-03-28T13:07:19","modified_gmt":"2020-03-28T13:07:19","slug":"certificats-de-performance-energetique-epc-espagne","status":"publish","type":"page","link":"https:\/\/www.benalmadena-property.com\/fr\/certificats-de-performance-energetique-epc-espagne\/","title":{"rendered":"Certificats de performance \u00e9nerg\u00e9tique (EPC) Espagne"},"content":{"rendered":"<h4 style=\"text-align: right;\"><a href=\"https:\/\/www.benalmadena-property.com\/wp-content\/uploads\/2014\/01\/Energy-Page-Image.jpg\"><img decoding=\"async\" class=\"alignleft size-full wp-image-2608\" src=\"https:\/\/www.benalmadena-property.com\/wp-content\/uploads\/2014\/01\/Energy-Page-Image.jpg\" alt=\"Energy Performance Certificates Spain\"><\/a>Si&nbsp;vous&nbsp;avez l\u2019intention de vendre ou de louer&nbsp;une propri\u00e9t\u00e9 en Espagne, vous \u00eates&nbsp;tenu d\u2019avoir un certificat de performance \u00e9nerg\u00e9tique (EPC).<\/h4>\n<p style=\"text-align: right;\">Le certificat de performance \u00e9nerg\u00e9tique est un rapport qui d\u00e9crit l\u2019efficacit\u00e9 d\u2019une maison en termes de consommation d\u2019\u00e9nergie. Il attribue une cote d\u2019\u00e9nergie \u00e0 chaque maison sur une \u00e9chelle qui va de \u00ab\u00a0A\u00a0\u00bb (le plus efficace) \u00e0 \u00ab\u00a0G\u00a0\u00bb (le moins efficace).<\/p>\n<p style=\"text-align: right;\">Le certificat est alors valide pendant 10 ans \u00e0 moins que des r\u00e9novations ou des modifications apport\u00e9es \u00e0 la propri\u00e9t\u00e9 ne soient effectu\u00e9es.<\/p>\n<p style=\"text-align: right;\">Gapp Properties peut aider les clients \u00e0 obtenir leur certificat. Veuillez <a title=\"Quick Contact \u2013 for Enquiries\" href=\"https:\/\/www.benalmadena-property.com\/enquiries\/\" target=\"_blank\" rel=\"noopener noreferrer\">nous contacter<\/a> pour plus de d\u00e9tails.<\/p>\n","protected":false},"excerpt":{"rendered":"<p>Si&nbsp;vous&nbsp;avez l\u2019intention de vendre ou de louer&nbsp;une propri\u00e9t\u00e9 en Espagne, vous \u00eates&nbsp;tenu d\u2019avoir un certificat de performance \u00e9nerg\u00e9tique (EPC). Le certificat de performance \u00e9nerg\u00e9tique est un rapport qui d\u00e9crit l\u2019efficacit\u00e9 d\u2019une maison en termes de consommation d\u2019\u00e9nergie. Il attribue une cote d\u2019\u00e9nergie \u00e0 chaque maison sur une \u00e9chelle qui va de \u00ab\u00a0A\u00a0\u00bb (le plus efficace)&#8230;<\/p>\n","protected":false},"author":1,"featured_media":0,"parent":0,"menu_order":0,"comment_status":"closed","ping_status":"closed","template":"","meta":{"_exactmetrics_skip_tracking":false,"_exactmetrics_sitenote_active":false,"_exactmetrics_sitenote_note":"","_exactmetrics_sitenote_category":0,"_uf_show_specific_survey":0,"_uf_disable_surveys":false,"footnotes":""},"class_list":["post-5247","page","type-page","status-publish","hentry"],"_links":{"self":[{"href":"https:\/\/www.benalmadena-property.com\/fr\/wp-json\/wp\/v2\/pages\/5247","targetHints":{"allow":["GET"]}}],"collection":[{"href":"https:\/\/www.benalmadena-property.com\/fr\/wp-json\/wp\/v2\/pages"}],"about":[{"href":"https:\/\/www.benalmadena-property.com\/fr\/wp-json\/wp\/v2\/types\/page"}],"author":[{"embeddable":true,"href":"https:\/\/www.benalmadena-property.com\/fr\/wp-json\/wp\/v2\/users\/1"}],"replies":[{"embeddable":true,"href":"https:\/\/www.benalmadena-property.com\/fr\/wp-json\/wp\/v2\/comments?post=5247"}],"version-history":[{"count":0,"href":"https:\/\/www.benalmadena-property.com\/fr\/wp-json\/wp\/v2\/pages\/5247\/revisions"}],"wp:attachment":[{"href":"https:\/\/www.benalmadena-property.com\/fr\/wp-json\/wp\/v2\/media?parent=5247"}],"curies":[{"name":"wp","href":"https:\/\/api.w.org\/{rel}","templated":true}]}}