{"id":5249,"date":"2020-03-28T13:07:19","date_gmt":"2020-03-28T13:07:19","guid":{"rendered":"http:\/\/gapp.system24tech.com\/proprietaires\/"},"modified":"2020-03-28T13:07:19","modified_gmt":"2020-03-28T13:07:19","slug":"proprietaires","status":"publish","type":"page","link":"https:\/\/www.benalmadena-property.com\/fr\/proprietaires\/","title":{"rendered":"Propri\u00e9taires"},"content":{"rendered":"<div class=\"box\">\n<blockquote><p>Etes-vous propri\u00e9taire? Avez-vous une propri\u00e9t\u00e9 \u00e0 vendre ou \u00e0 louer &#8211; <a title=\"Quick Contact \u2013 for Enquiries\" href=\"https:\/\/www.benalmadena-property.com\/enquiries\/\">Parlez-nous!<\/a><br \/>\nNous investissons dans la publicit\u00e9 de votre propri\u00e9t\u00e9 avec des campagnes de marketing en ligne, les m\u00e9dias et les r\u00e9seaux sociaux. Votre succ\u00e8s est notre succ\u00e8s!<\/p><\/blockquote>\n<h3> Locations pour les propri\u00e9taires<\/h3>\n<p>Si vous avez une propri\u00e9t\u00e9 que vous souhaitez louer \u00e0 long terme pour l\u2019h\u00e9bergement de vacances <a title=\"Quick Contact \u2013 for Enquiries\" href=\"https:\/\/www.benalmadena-property.com\/enquiries\/\">CONTACT US<\/a>.<br \/>\nNous offrons un service de marketing et de gestion de propri\u00e9t\u00e9 de premi\u00e8re classe ainsi, peu importe o\u00f9 vous \u00eates, vous pouvez \u00eatre assur\u00e9 que nous nous occupons de vos int\u00e9r\u00eats.<br \/>\nPrenez les tracas de laisser votre propri\u00e9t\u00e9 et de gagner un revenu suppl\u00e9mentaire!<\/p>\n<h3>Ventes immobili\u00e8res pour les propri\u00e9taires<\/h3>\n<p>Notre objectif est de faire de la vente de votre propri\u00e9t\u00e9 un processus rapide et efficace. Nous attirons des acheteurs de partout dans le monde et visons \u00e0 rendre la vente aussi \u00ab indolore \u00bb que possible.<br \/>\n<span style=\"color: #993300;\"><strong>LOW COMMISSIONS &#8211; Nous avons l\u2019un des taux les plus bas dans la r\u00e9gion.<\/strong><\/span><br \/>\nVeuillez nous contacter pour savoir ce que nous pouvons vous offrir et discuter ou commander des options de tarifs.<\/p>\n<p><strong>Si vous avez besoin de plus amples informations sur l\u2019obtention d\u2019un <a title=\"Energy Performance Certificates (EPC) Spain\" href=\"https:\/\/www.benalmadena-property.com\/fr\/certificats-de-performance-energetique-epc-espagne\/\" rel=\"noopener noreferrer\">certificat de performance \u00e9nerg\u00e9tique &#8211; voir ICI<\/a><\/strong><\/p>\n<\/div>\n","protected":false},"excerpt":{"rendered":"<p>Etes-vous propri\u00e9taire? Avez-vous une propri\u00e9t\u00e9 \u00e0 vendre ou \u00e0 louer &#8211; Parlez-nous! Nous investissons dans la publicit\u00e9 de votre propri\u00e9t\u00e9 avec des campagnes de marketing en ligne, les m\u00e9dias et les r\u00e9seaux sociaux. Votre succ\u00e8s est notre succ\u00e8s! Locations pour les propri\u00e9taires Si vous avez une propri\u00e9t\u00e9 que vous souhaitez louer \u00e0 long terme pour&#8230;<\/p>\n","protected":false},"author":1,"featured_media":4041,"parent":0,"menu_order":0,"comment_status":"closed","ping_status":"closed","template":"","meta":{"_exactmetrics_skip_tracking":false,"_exactmetrics_sitenote_active":false,"_exactmetrics_sitenote_note":"","_exactmetrics_sitenote_category":0,"_uf_show_specific_survey":0,"_uf_disable_surveys":false,"footnotes":""},"class_list":["post-5249","page","type-page","status-publish","has-post-thumbnail","hentry"],"_links":{"self":[{"href":"https:\/\/www.benalmadena-property.com\/fr\/wp-json\/wp\/v2\/pages\/5249","targetHints":{"allow":["GET"]}}],"collection":[{"href":"https:\/\/www.benalmadena-property.com\/fr\/wp-json\/wp\/v2\/pages"}],"about":[{"href":"https:\/\/www.benalmadena-property.com\/fr\/wp-json\/wp\/v2\/types\/page"}],"author":[{"embeddable":true,"href":"https:\/\/www.benalmadena-property.com\/fr\/wp-json\/wp\/v2\/users\/1"}],"replies":[{"embeddable":true,"href":"https:\/\/www.benalmadena-property.com\/fr\/wp-json\/wp\/v2\/comments?post=5249"}],"version-history":[{"count":0,"href":"https:\/\/www.benalmadena-property.com\/fr\/wp-json\/wp\/v2\/pages\/5249\/revisions"}],"wp:featuredmedia":[{"embeddable":true,"href":"https:\/\/www.benalmadena-property.com\/fr\/wp-json\/wp\/v2\/media\/4041"}],"wp:attachment":[{"href":"https:\/\/www.benalmadena-property.com\/fr\/wp-json\/wp\/v2\/media?parent=5249"}],"curies":[{"name":"wp","href":"https:\/\/api.w.org\/{rel}","templated":true}]}}