{"id":5251,"date":"2020-03-28T13:07:20","date_gmt":"2020-03-28T13:07:20","guid":{"rendered":"http:\/\/gapp.system24tech.com\/services-utiles\/"},"modified":"2020-05-27T09:31:17","modified_gmt":"2020-05-27T07:31:17","slug":"services-utiles","status":"publish","type":"page","link":"https:\/\/www.benalmadena-property.com\/fr\/services-utiles\/","title":{"rendered":"Services utiles"},"content":{"rendered":"<h2><strong>Compagnies a\u00e9riennes<\/strong><\/h2>\n<p><a href=\"https:\/\/www.benalmadena-property.com\/wp-content\/uploads\/2012\/07\/Airline-Group.jpg\"><img fetchpriority=\"high\" decoding=\"async\" class=\"alignnone size-full wp-image-1230\" title=\"Links, British Airways, EasyJet, Ryanair, FlyBe, Aer Lingus, Monarch, Jet2, Vueling, Thomson\" src=\"https:\/\/www.benalmadena-property.com\/wp-content\/uploads\/2012\/07\/Airline-Group.jpg\" alt=\"Links, British Airways, EasyJet, Ryanair, FlyBe, Aer Lingus, Monarch, Jet2, Vueling, Thomson\" width=\"640\" height=\"107\" \/><\/a><\/p>\n<p><a title=\"British Aiways\" href=\"http:\/\/www.britishairways.com\/travel\/home\/public\/en_gb\" target=\"_blank\" rel=\"noopener noreferrer\">British Airways<\/a>\u00a0 \u00a0 \u00a0 \u00a0\u00a0<a href=\"http:\/\/www.easyjet.com\/en\" target=\"_blank\" rel=\"noopener noreferrer\">Easyjet<\/a>\u00a0 \u00a0 \u00a0 \u00a0\u00a0<a href=\"http:\/\/www.ryanair.com\/en\" target=\"_blank\" rel=\"noopener noreferrer\">Ryanair<\/a>\u00a0 \u00a0 \u00a0 \u00a0\u00a0<a href=\"http:\/\/www.flybe.com\/\" target=\"_blank\" rel=\"noopener noreferrer\">Flybe<\/a>\u00a0 \u00a0 \u00a0 \u00a0\u00a0<a href=\"https:\/\/www.aerlingus.com\/html\/en-US\/home.html\" target=\"_blank\" rel=\"noopener noreferrer\">Aer Lingus<\/a>\u00a0 \u00a0 \u00a0 \u00a0 <a href=\"http:\/\/www.monarch.co.uk\/\" target=\"_blank\" rel=\"noopener noreferrer\">Monarque<\/a>\u00a0 \u00a0 \u00a0 \u00a0 <a href=\"http:\/\/www.jet2.com\/\" target=\"_blank\" rel=\"noopener noreferrer\">Jet2 (En)<\/a>\u00a0 \u00a0 \u00a0 \u00a0 <a href=\"https:\/\/www.vueling.com\/en\" target=\"_blank\" rel=\"noopener noreferrer\">Vueling<\/a>\u00a0 \u00a0 \u00a0 \u00a0 <a href=\"https:\/\/www.tui.co.uk\/flight\/\" target=\"_blank\" rel=\"noopener noreferrer\">TUI<\/a><\/p>\n<h2><strong>Attractions<\/strong><\/h2>\n<p><a href=\"https:\/\/www.benalmadena-property.com\/wp-content\/uploads\/2012\/07\/Attractions-Group.jpg\"><img decoding=\"async\" class=\"alignnone size-full wp-image-1236\" title=\"Links, Selwo Marina,Tivoli World, Sealife Centre, Enlightenment Stupa, Butterfly Park, Cable Cars\" src=\"https:\/\/www.benalmadena-property.com\/wp-content\/uploads\/2012\/07\/Attractions-Group.jpg\" alt=\"Links, Selwo Marina,Tivoli World, Sealife Centre, Enlightenment Stupa, Butterfly Park, Cable Cars\" width=\"640\" height=\"127\" \/><\/a><\/p>\n<p><a href=\"https:\/\/www.selwomarina.es\/en\" target=\"_blank\" rel=\"noopener noreferrer\">Selwo Marina<\/a>\u00a0 \u00a0 \u00a0 \u00a0 <a href=\"https:\/\/www.tivoli.net\/en\/home\" target=\"_blank\" rel=\"noopener noreferrer\">Monde Tivoli<\/a>\u00a0 \u00a0 \u00a0 \u00a0 <a href=\"https:\/\/www.visitsealife.com\/benalmadena\/en\/\" target=\"_blank\" rel=\"noopener noreferrer\">Centre Maritime Sealife<\/a>\u00a0 \u00a0 \u00a0 \u00a0 <a href=\"http:\/\/www.stupabenalmadena.org\/en\/stupa\/introduction\/\" target=\"_blank\" rel=\"noopener noreferrer\">Stupa des Lumi\u00e8res<\/a>\u00a0 \u00a0 \u00a0 \u00a0 \u00a0Butterfly Park<\/p>\n<h2><strong>Services locaux<\/strong><\/h2>\n<p><a href=\"https:\/\/holamobility.com\/\" target=\"_blank\" rel=\"noopener noreferrer\">Location de scooter de mobilit\u00e9<\/a> Scooters de mobilit\u00e9 de grande valeur \u00e0 Benalm\u00e0dena, Fuengirola, Malaga, Calahonda et la Costa del Sol<\/p>\n<h2><strong>Autres liens<\/strong><\/h2>\n<p><a href=\"http:\/\/www.movifresh.com\/\" target=\"_blank\" rel=\"noopener noreferrer\">Movifresh.com <\/a> Distributeur officiel de Movistar<\/p>\n<p><a href=\"http:\/\/www.gardenstown.com\" target=\"_blank\" rel=\"noopener noreferrer\">Harbour Cottage, Gardenstown, \u00c9cosse<\/a> Chalet de vacances auto-restauration sur la c\u00f4te nord-est de l\u2019\u00c9cosse<\/p>\n","protected":false},"excerpt":{"rendered":"<p>Compagnies a\u00e9riennes British Airways\u00a0 \u00a0 \u00a0 \u00a0\u00a0Easyjet\u00a0 \u00a0 \u00a0 \u00a0\u00a0Ryanair\u00a0 \u00a0 \u00a0 \u00a0\u00a0Flybe\u00a0 \u00a0 \u00a0 \u00a0\u00a0Aer Lingus\u00a0 \u00a0 \u00a0 \u00a0 Monarque\u00a0 \u00a0 \u00a0 \u00a0 Jet2 (En)\u00a0 \u00a0 \u00a0 \u00a0 Vueling\u00a0 \u00a0 \u00a0 \u00a0 TUI Attractions Selwo Marina\u00a0 \u00a0 \u00a0 \u00a0 Monde Tivoli\u00a0 \u00a0 \u00a0 \u00a0 Centre Maritime Sealife\u00a0 \u00a0 \u00a0 \u00a0 Stupa des Lumi\u00e8res\u00a0 \u00a0&#8230;<\/p>\n","protected":false},"author":1,"featured_media":0,"parent":0,"menu_order":0,"comment_status":"closed","ping_status":"closed","template":"","meta":{"_exactmetrics_skip_tracking":false,"_exactmetrics_sitenote_active":false,"_exactmetrics_sitenote_note":"","_exactmetrics_sitenote_category":0,"_uf_show_specific_survey":0,"_uf_disable_surveys":false,"footnotes":""},"class_list":["post-5251","page","type-page","status-publish","hentry"],"_links":{"self":[{"href":"https:\/\/www.benalmadena-property.com\/fr\/wp-json\/wp\/v2\/pages\/5251","targetHints":{"allow":["GET"]}}],"collection":[{"href":"https:\/\/www.benalmadena-property.com\/fr\/wp-json\/wp\/v2\/pages"}],"about":[{"href":"https:\/\/www.benalmadena-property.com\/fr\/wp-json\/wp\/v2\/types\/page"}],"author":[{"embeddable":true,"href":"https:\/\/www.benalmadena-property.com\/fr\/wp-json\/wp\/v2\/users\/1"}],"replies":[{"embeddable":true,"href":"https:\/\/www.benalmadena-property.com\/fr\/wp-json\/wp\/v2\/comments?post=5251"}],"version-history":[{"count":5,"href":"https:\/\/www.benalmadena-property.com\/fr\/wp-json\/wp\/v2\/pages\/5251\/revisions"}],"predecessor-version":[{"id":5943,"href":"https:\/\/www.benalmadena-property.com\/fr\/wp-json\/wp\/v2\/pages\/5251\/revisions\/5943"}],"wp:attachment":[{"href":"https:\/\/www.benalmadena-property.com\/fr\/wp-json\/wp\/v2\/media?parent=5251"}],"curies":[{"name":"wp","href":"https:\/\/api.w.org\/{rel}","templated":true}]}}