{"id":5256,"date":"2020-03-28T13:07:21","date_gmt":"2020-03-28T13:07:21","guid":{"rendered":"http:\/\/gapp.system24tech.com\/politique-de-confidentialite\/"},"modified":"2020-05-26T16:33:35","modified_gmt":"2020-05-26T14:33:35","slug":"politique-de-confidentialite","status":"publish","type":"page","link":"https:\/\/www.benalmadena-property.com\/fr\/politique-de-confidentialite\/","title":{"rendered":"Politique de confidentialit\u00e9"},"content":{"rendered":"<h3><strong>POLITIQUE DE CONFIDENTIALIT\u00c9 ET INFORMATIONS SUR LA PROTECTION DES DONN\u00c9ES<\/strong><\/h3>\n<p>SAMANTHA AUSTEN &#8211; GAPP PROPERTIES maintient une politique de confidentialit\u00e9 des donn\u00e9es fournies par ses utilisateurs par le biais d\u2019Internet, de formulaires papier, de communication t\u00e9l\u00e9phonique ou de tout autre moyen; SAMANTHA AUSTEN &#8211; GAPP PROPERTIES s\u2019engage \u00e0 les prot\u00e9ger, tant dans la collection que dans leur traitement ult\u00e9rieur, conform\u00e9ment aux dispositions de la loi organique 15\/1999, du 13 d\u00e9cembre, sur la protection des donn\u00e9es personnelles (LOPD), par sa r\u00e9glementation du d\u00e9veloppement, approuv\u00e9e par le d\u00e9cret royal 1720\/2007, du 21 d\u00e9cembre (RLOPD), ainsi que par le R\u00e8glement (UE) 2016\/679 du Parlement europ\u00e9en et du Conseil du 27 avril 2016 par rapport \u00e0 la protection des individus en ce qui concerne le traitement des donn\u00e9es personnelles et la libre la circulation de ces donn\u00e9es (RGPD).<\/p>\n<p>SAMANTHA AUSTEN &#8211; GAPP PROPERTIES garantit qu\u2019il utilisera confidentiellement les donn\u00e9es personnelles des utilisateurs, ainsi que que les mesures de s\u00e9curit\u00e9 techniques et organisationnelles appropri\u00e9es ont \u00e9t\u00e9 adopt\u00e9es dans ses installations, syst\u00e8mes et fichiers, selon les termes cr\u00e9\u00e9 par le LOPD, par le RLOPD et par le RGPD.<\/p>\n<p>SAMANTHA AUSTEN &#8211; GAPP PROPERTIES peut communiquer aux autorit\u00e9s publiques comp\u00e9tentes des donn\u00e9es personnelles ainsi qu\u2019\u00e0 toute autre information contenue dans ses fichiers et\/ou syst\u00e8mes informatiques, lorsqu\u2019il est n\u00e9cessaire de le faire et toujours conform\u00e9ment aux dispositions l\u00e9gales et r\u00e9glementaires correspondantes.<br \/>\nConform\u00e9ment aux dispositions de la LOPD, du RLOPD ainsi que du RGPD, chaque fois que des donn\u00e9es personnelles sont demand\u00e9es \u00e0 un utilisateur du site Web pour \u00eatre trait\u00e9es, avant le traitement, les informations suivantes seront fournies : identit\u00e9 et coordonn\u00e9es des donn\u00e9es le contr\u00f4leur, les donn\u00e9es de contact du d\u00e9l\u00e9gu\u00e9 \u00e0 la protection des donn\u00e9es, le but pour lequel les donn\u00e9es sont obtenues, les d\u00e9lais ou les crit\u00e8res de conservation des donn\u00e9es, les d\u00e9cisions automatis\u00e9es, les profils et la logique appliqu\u00e9e, la l\u00e9gitimation ou la base juridique du traitement ainsi que l\u2019obligation ou non fournir les donn\u00e9es et les cons\u00e9quences de ne pas le faire dans votre cas, pr\u00e9voir ou non des cessions ou des transferts vers des pays tiers, l\u2019origine des donn\u00e9es et la fa\u00e7on d\u2019exercer les droits qui correspondent \u00e0 vous et les droits qui correspondent \u00e0 vous En ce qui concerne le traitement des vos donn\u00e9es personnelles. Pour rendre compatibles les exigences d\u2019information plus importantes introduites par le RGPD et la concision et la compr\u00e9hension sous la forme de la pr\u00e9sentation, SAMANTHA AUSTEN &#8211; GAPP PROPERTIES adopte un mod\u00e8le d\u2019information par couches ou niveaux compos\u00e9s des \u00e9l\u00e9ments suivants<\/p>\n<p>&#8211; L\u2019information de base est pr\u00e9sent\u00e9e au premier niveau, sous une forme r\u00e9sum\u00e9e, en m\u00eame temps et dans le m\u00eame support dans lequel les donn\u00e9es sont recueillies;<br \/>\n&#8211; Il fait r\u00e9f\u00e9rence \u00e0 l\u2019information suppl\u00e9mentaire dans un deuxi\u00e8me niveau, o\u00f9 le reste de l\u2019information sera pr\u00e9sent\u00e9 dans un moyen plus appropri\u00e9 pour sa pr\u00e9sentation, la compr\u00e9hension et, si d\u00e9sir\u00e9, le d\u00e9p\u00f4t. Les informations de deuxi\u00e8me niveau sont propos\u00e9es sur notre site officiel : <a href=\"https:\/\/www.benalmadena-property.com\/\">www.benalmadena-property.com<\/a><\/p>\n<p>SAMANTHA AUSTEN &#8211; GAPP PROPERTIES fournira \u00e0 l\u2019utilisateur les ressources techniques appropri\u00e9es afin qu\u2019il puisse fournir un consentement \u00e9clair\u00e9 avant le traitement de ses donn\u00e9es personnelles.<br \/>\nLes donn\u00e9es personnelles fournies par la partie int\u00e9ress\u00e9e \u00e0 SAMANTHA AUSTEN &#8211; GAPP PROPERTIES via Internet, les formulaires papier, par t\u00e9l\u00e9phone et tout autre moyen, feront partie des fichiers correspondants &#8211; cr\u00e9\u00e9s au profit de ses services- propri\u00e9t\u00e9 de SAMANTHA AUSTEN &#8211; GAPP PROPERTIES, avec NIE X-1013390-X et adresse sur Avda. Gamonal, 12. Jupiter Building, section locale 8. 29630 Benalm\u00e0dena, Malaga. L\u2019activit\u00e9 d\u00e9velopp\u00e9e par SAMANTHA AUSTEN &#8211; GAPP PROPERTIES est un conseil immobilier.<br \/>\nSAMANTHA AUSTEN &#8211; GAPP PROPERTIES utilisera les donn\u00e9es personnelles fournies par la partie int\u00e9ress\u00e9e afin de fournir les services qui sont demand\u00e9s ou de g\u00e9rer la demande ou la suggestion faite.<br \/>\nLes donn\u00e9es personnelles trait\u00e9es par SAMANTHA AUSTEN &#8211; GAPP PROPERTIES seront conserv\u00e9es aussi longtemps qu\u2019elles seront n\u00e9cessaires \u00e0 la fourniture du service demand\u00e9 ou \u00e0 la gestion de la demande ou de la suggestion faite. Une fois qu\u2019ils ont cess\u00e9 d\u2019\u00eatre n\u00e9cessaires \u00e0 la fourniture du service ou de la gestion de la demande ou de la suggestion faite, les donn\u00e9es personnelles seront annul\u00e9es, proc\u00e9dant au blocage et au stockage ult\u00e9rieur uniquement pour des raisons juridiques li\u00e9es \u00e0 la responsabilit\u00e9 de la personne responsables des donn\u00e9es et pendant la dur\u00e9e de prescription de ces donn\u00e9es; Une fois cette p\u00e9riode expir\u00e9e, ils seront supprim\u00e9s.<br \/>\nLa l\u00e9gitimation l\u00e9gale pour le traitement des donn\u00e9es personnelles fournies par la partie int\u00e9ress\u00e9e \u00e0 SAMANTHA AUSTEN &#8211; GAPP PROPERTIES par Internet, les formulaires papier, la communication t\u00e9l\u00e9phonique ou tout autre moyen, est le propre consentement de la partie int\u00e9ress\u00e9e, qui est compris Une fois emprunt\u00e9, il est facilit\u00e9 apr\u00e8s avoir \u00e9t\u00e9 inform\u00e9 \u00e0 ce sujet au moyen d\u2019affiches et d\u2019autocollants affich\u00e9s dans les installations d\u2019utilisation publique de SAMANTHA AUSTEN &#8211; GAPP PROPERTIES par le biais de locutions t\u00e9l\u00e9phoniques, dans les formulaires imprim\u00e9s eux-m\u00eames ainsi que par le pr\u00e9sent \u00ab\u00a0PRIVACY POLICY AND INFORMATION ON PROTECTION OF DATA\u00a0\u00bb expos\u00e9 sur le site officiel de SAMANTHA AUSTEN &#8211; GAPP PROPERTIES<\/p>\n<p>La partie int\u00e9ress\u00e9e ne sera tenue de fournir que les donn\u00e9es n\u00e9cessaires (si elles le sont) pour r\u00e9pondre \u00e0 la demande ou au service demand\u00e9. Dans le cas o\u00f9 la partie int\u00e9ress\u00e9e fait une demande sans fournir les donn\u00e9es n\u00e9cessaires pour y assister, SAMANTHA AUSTEN &#8211; GAPP PROPERTIES ne sera pas en mesure de g\u00e9rer ladite demande et sera exempt\u00e9e de toute responsabilit\u00e9 \u00e0 cet \u00e9gard.<br \/>\nLes donn\u00e9es personnelles des utilisateurs trait\u00e9s par SAMANTHA AUSTEN &#8211; GAPP PROPERTIES ne seront pas transf\u00e9r\u00e9es \u00e0 des tiers, sauf obligation l\u00e9gale ou autorisation \u00e9crite expresse de la partie int\u00e9ress\u00e9e.<\/p>\n<p>L\u2019utilisateur peut exercer ses droits d\u2019acc\u00e8s, d\u2019opposition, de rectification, de suppression ou d\u2019annulation de ses donn\u00e9es ainsi que demander la limitation de son traitement, en \u00e9crivant un document sign\u00e9 \u00e0 la personne responsable du fichier SAMANTHA AUSTEN &#8211; GAPP PROPERTIES, par la poste rentals@gapp-properties.com ou par courrier adress\u00e9 au bureau enregistr\u00e9 de SAMANTHA AUSTEN &#8211; GAPP PROPERTIES situ\u00e9 \u00e0 Avda. Gamonal, 12. Jupiter Building, section locale 8. 29630 Benalm\u00e0dena, Malaga, o\u00f9 il indiquera comme r\u00e9f\u00e9rence \u00ab\u00a0ARCO LOPD RIGHTS EXERCISE\u00a0\u00bb.<br \/>\nLe document par lequel l\u2019un des droits mentionn\u00e9s dans le paragraphe pr\u00e9c\u00e9dent est exerc\u00e9 doit contenir : nom et nom de famille de la partie int\u00e9ress\u00e9e; photocopie de votre document d\u2019identit\u00e9 national, de votre passeport ou d\u2019un autre document valide qui vous identifie et, le cas \u00e9ch\u00e9ant, de la personne qui vous repr\u00e9sente, ou d\u2019instruments \u00e9lectroniques \u00e9quivalents; document ou instrument \u00e9lectronique accr\u00e9diter une telle repr\u00e9sentation. L\u2019utilisation de la signature \u00e9lectronique de la requ\u00e9rante est exempt\u00e9e de la pr\u00e9sentation de photocopies du DNI ou du document \u00e9quivalent.<br \/>\nL\u2019utilisateur a \u00e9galement le droit de pr\u00e9senter une r\u00e9clamation \u00e0 l\u2019Agence espagnole pour la protection des donn\u00e9es, par l\u2019interm\u00e9diaire du site officiel de l\u2019Agence.<\/p>\n<h3><strong>Pol\u00e0tica de Privacidad e informacion sobre proteccion de datos<\/strong><\/h3>\n<p>SAMANTHA AUSTEN &#8211; GAPP PROPERTIES mantiene una pol\u2019ttica de confidencialidad de los datos facilitados por los usuarios del mismo a trav\u00e9s de: internet, formularios en papel, comunicacion telef\u00e0nica o cualquier otro medio; SAMANTHA AUSTEN &#8211; GAPP PROPERTIES se\u00a0 compromete a protegerlos, tanto en la recogida como en su tratamiento posterior, de acuerdo con lo establecido por la Ley Org\u00e0nica 15\/1999, de 13 de diciembre, de Proteccion de Datos de Car\u00e0cter Personal (LOPD), por su Reglamento de desarrollo, aprobado por Real Decreto 1720\/2007, de 21 de diciembre (RLOPD), as-como por el Reglamento (UE) 2016\/679 del Parlamento Europeo y del Consejo de 27 de abril de 2016 relativo a la proteccion de las personas f\u2019sicas en lo que respecta al tratamiento de datos personales y a la libre circulacion de estos datos (RGPD).<\/p>\n<p>SAMANTHA AUSTEN &#8211; GAPP PROPERTIES garantiza que l\u2019utar\u00e0 confidencialmente los datos personales de los usuarios, as\u00e0 como que se han adoptado las medidas de seguridad de car\u2019cter t\u00e9cnico y organizativo oportunas en sus instalaciones, sistemas y ficheros, en los t\u00e9rminos establecidos por la LOPD, por el RLOPD y por el RGPD.<br \/>\nSAMANTHA AUSTEN &#8211; GAPP PROPERTIES podr\u00e0 comunicar a las autoridades p\u2019blcas competentes los datos de car\u2019cter personal as\u2019como cualquier otra informacion que conste en sus archivos y\/o sistemas informaticos, cuando sea requerido para ello y siempre de conformidad con las disposiciones legales y<\/p>\n<p>En cumplimiento de lo establecido por la LOPD, el RLOPD as\u00e0 como por el RGPD, siempre que se soliciten datos de car\u2019cter personal a un usuario del sitio web para ser tratados, <u>previamente<\/u> al tratamiento se le facilitar\u00e0 la siguiente informacion: identidad y datos de contacto del responsible del tratamiento, datos de contacto del Delegado de Proteccion de Datos, finalidad para la que obtien se obtienen los datos,zo plas o criterios de conservaciion de los datos, decisiones automatizadas, perfiles y l\u2019gica aplicada, legitimacion o base jur\u2019dica del tratamiento as\u00e0 como obligaciion o no de facilitar los datos y de las consecuencias de no hacerlo en su caso, prevision o no de cesiones , procedencia de los datos y forma de ejercer los derechos que le corresponden y de los derechos que le corresponden en lo que respecta al tratamiento de sus datos personales. Para hacer compatible la mayor exigencia de informacion introducida por el RGPD y la concisiion y comprensiion en la forma de presentarla, se adopta por SAMANTHA AUSTEN &#8211; GAPP PROPERTIES un modelo de informacion por capas o niveles que se consistion en lo siguiente:<\/p>\n<ul>\n<li>Se presenta una informacion b\u2019sica en un primer nivel, de forma resumida, en el mismo momento y en el mismo medio en que se recogen los datos;<\/li>\n<li>Se remite a la informacion adicional en un segundo nivel, donde se presentar\u00e0n detalladamente el resto de las informaciones, en un medio m\u2019s adecuado para su presentacion, comprension y, si se desea, archivo. La informacion del segundo nivel se ofrece en nuestra p\u2019gina web oficial: <a href=\"http:\/\/www.gapp-properties.com\">gapp-properties.com<\/a><\/li>\n<\/ul>\n<p>SAMANTHA AUSTEN &#8211; GAPP PROPERTIES proporcionar al usuario los recursos t\u00e9cnicos adecuados para que pueda prestar el consentimiento informado previo al tratamiento de sus datos personales.<\/p>\n<p>Los datos de car\u2019cter personal que se faciliten por el interesado a SAMANTHA AUSTEN &#8211; GAPP PROPERTIES por medio de internet, de formularios en papel, mediante comunicacion telef\u00e0nica as\u00e0 como por cualquier otro medio,\u00a0 pasaron a formar parte de los ficheros correspondientes -creados para la prestacion de sus servicios-\u00a0 titularidad de SAMANTHA AUSTEN &#8211; GAPP PROPERTIES, con NIE X-1013390-X y\u00a0 direccion en Avda. Gamonal, 12. Edificio Jupiter, section locale 8. 29630 Benalm\u00e0dena, Malaga. La actividad desarrollada por SAMANTHA AUSTEN &#8211; GAPP PROPERTIES es Asesoramiento inmobiliario.<\/p>\n<p>SAMANTHA AUSTEN &#8211; GAPP PROPERTIES utilizar\u00e0 los datos de car\u2019cter personal facilitados por el interesado con la finalidad de prestar los servicios que se le soliciten o de gestionar la peticiion o sugerencia realizada.<\/p>\n<p>Los datos personales tratados por SAMANTHA AUSTEN &#8211; GAPP PROPERTIES se conservaron mientras sean necesarios para la prestacion del servicio solicitado o para la gestion de la peticion o sugerencia realizada. Una vez hayan dejado de ser necesarios para la prestacion del servicio o gestion de la peticiion o sugerencia realizados, los datos personales seron cancelados, procediendo su bloqueo y posterior conservaci\u00e0n s\u2019lo porzones legales vinculadas a la responsabilidad del responsible de los datos y durante el plazo de prescripcion de \u00e9stas; cumplido este plazo, se proceder\u00e0 a la supresion de los mismos.<\/p>\n<p>La legitimacion juridique para el tratamiento de los datos de car\u2019cter personal que se faciliten por el interesado a SAMANTHA AUSTEN &#8211; GAPP PROPERTIES a trav\u00e9s de internet, formularios en papel, comunicacion telef\u00e0nica o cualquier otro medio, es el propio consentimiento del interesado, que se entiende prestado una vez los facilita tras ser informado al respecto mediante carteles y pegatinas expuestos en las instalaciones de uso p\u2019blico de SAMANTHA AUSTEN &#8211; GAPP PROPERTIES mediante locuciones telef\u2019nicas, en los propios formularios impresos as\u00e0 como mediante la presente \u00ab\u00a0Pol\u00e0tica de Privacidad e informacion sobre proteccion de datos\u00a0\u00bb \u00a0expuesta en la toile oficial de SAMANTHA AUSTEN &#8211; GAPP PROPERTIES<\/p>\n<p>El interesado &lsquo;nicamente estar\u2019obligado a facilitar los datos que sean precisos (si es que lo fueran) para atender a la peticiion o servicio solicitados. En el supuesto que el interesado realice una solicitud sin facilitar los datos que sean necesarios para atender a la misma, SAMANTHA AUSTEN &#8211; GAPP PROPERTIES no podr\u00e0 gestionar dicha solicitud y quedar\u00e0 exento de cualquier responsabilidad al respecto.<\/p>\n<p>Los datos personales de los usuarios tratados por SAMANTHA AUSTEN &#8211; GAPP PROPERTIES no se cederon a terceros, salvo obligacion legal o autorizaci\u00e0n expresa y por escrito del interesado.<br \/>\nEl usuario podron ejercer sus derechos de acceso, oposicion, rectificacion, supresion o cancelacion de sus datos as\u00e0 como solicitar la limitacion de su tratamiento, dirigiendo escrito firmado al responsible del fichero SAMANTHA AUSTEN &#8211; GAPP PROPERTIES, a trav\u00e9s del mail <a href=\"mailto:rentals@gapp-properties.com\">rentals@gapp-properties.com<\/a> o mediante correo postal dirigido al domicilio social de SAMANTHA AUSTEN &#8211; GAPP PROPERTIES sito en Avda. Gamonal, 12. Edificio Jupiter, section locale 8. 29630 Benalm\u00e0dena, Malaga, en el cual indicar\u00e0 como referencia \u00ab\u00a0EJERCICIO DERECHOS ARCO LOPD\u00a0\u00bb.<\/p>\n<p>El escrito por el que se ejercite alguno de los derechos referenciados en el p\u2019rrafo anterior debera contener: nombre y apellidos del interesado; fotocopia de su documento nacional de identidad, o de su pasaporte u otro documento v\u2019ido que lo identifique y, en su caso, de la persona que lo represente, o instrumentos electr\u00e0nicos equivalentes; documento o instrumento electr\u2019nmonco acreditativo de tal representacion. La utilisationacion de firma electr\u00e0nica identificativa del solicitante exime de la presentacion de las fotocopias del DNI o documento equivalente.<\/p>\n<p>El usuario tambi\u00e9n tiene derecho a presentar una reclamacion ante la Agencia Espaola de Proteccion de Datos, a trav\u00e9s de la p\u2019gina web oficial de la Agencia.<\/p>\n","protected":false},"excerpt":{"rendered":"<p>POLITIQUE DE CONFIDENTIALIT\u00c9 ET INFORMATIONS SUR LA PROTECTION DES DONN\u00c9ES SAMANTHA AUSTEN &#8211; GAPP PROPERTIES maintient une politique de confidentialit\u00e9 des donn\u00e9es fournies par ses utilisateurs par le biais d\u2019Internet, de formulaires papier, de communication t\u00e9l\u00e9phonique ou de tout autre moyen; SAMANTHA AUSTEN &#8211; GAPP PROPERTIES s\u2019engage \u00e0 les prot\u00e9ger, tant dans la collection que&#8230;<\/p>\n","protected":false},"author":1,"featured_media":0,"parent":0,"menu_order":0,"comment_status":"closed","ping_status":"open","template":"","meta":{"_exactmetrics_skip_tracking":false,"_exactmetrics_sitenote_active":false,"_exactmetrics_sitenote_note":"","_exactmetrics_sitenote_category":0,"_uf_show_specific_survey":0,"_uf_disable_surveys":false,"footnotes":""},"class_list":["post-5256","page","type-page","status-publish","hentry"],"_links":{"self":[{"href":"https:\/\/www.benalmadena-property.com\/fr\/wp-json\/wp\/v2\/pages\/5256","targetHints":{"allow":["GET"]}}],"collection":[{"href":"https:\/\/www.benalmadena-property.com\/fr\/wp-json\/wp\/v2\/pages"}],"about":[{"href":"https:\/\/www.benalmadena-property.com\/fr\/wp-json\/wp\/v2\/types\/page"}],"author":[{"embeddable":true,"href":"https:\/\/www.benalmadena-property.com\/fr\/wp-json\/wp\/v2\/users\/1"}],"replies":[{"embeddable":true,"href":"https:\/\/www.benalmadena-property.com\/fr\/wp-json\/wp\/v2\/comments?post=5256"}],"version-history":[{"count":1,"href":"https:\/\/www.benalmadena-property.com\/fr\/wp-json\/wp\/v2\/pages\/5256\/revisions"}],"predecessor-version":[{"id":5936,"href":"https:\/\/www.benalmadena-property.com\/fr\/wp-json\/wp\/v2\/pages\/5256\/revisions\/5936"}],"wp:attachment":[{"href":"https:\/\/www.benalmadena-property.com\/fr\/wp-json\/wp\/v2\/media?parent=5256"}],"curies":[{"name":"wp","href":"https:\/\/api.w.org\/{rel}","templated":true}]}}