{"id":5919,"date":"2020-05-26T12:08:23","date_gmt":"2020-05-26T10:08:23","guid":{"rendered":"https:\/\/www.benalmadena-property.com\/a-propos-de-gapp\/"},"modified":"2020-07-07T09:31:11","modified_gmt":"2020-07-07T07:31:11","slug":"a-propos-de-gapp","status":"publish","type":"page","link":"https:\/\/www.benalmadena-property.com\/fr\/a-propos-de-gapp\/","title":{"rendered":"\u00c0 propos de Gapp"},"content":{"rendered":"<h1><a href=\"http:\/\/www.benalmadena-property.com\/wp-content\/uploads\/2013\/09\/About-Group.jpg\"><img fetchpriority=\"high\" decoding=\"async\" class=\"size-full wp-image-402 aligncenter\" title=\"\u00c0 propos de Gapp Properties\" src=\"http:\/\/www.benalmadena-property.com\/wp-content\/uploads\/2013\/09\/About-Group.jpg\" alt=\"\u00c0 propos de Gapp Properties of Benalmadena et Costa del Sol\" width=\"640\" height=\"137\"><\/a><\/h1>\n<p>Sandy a commenc\u00e9 sa vie en Espagne en 1978 et a travaill\u00e9 et d\u00e9velopp\u00e9 sa carri\u00e8re principalement dans l\u2019industrie du voyage, g\u00e9rant avec succ\u00e8s plusieurs r\u00e9gions diff\u00e9rentes \u00e0 travers l\u2019Andalousie pour la plupart du temps depuis. Elle poss\u00e8de \u00e9galement une exp\u00e9rience consid\u00e9rable des exigences m\u00e9dicales et d\u2019assurance et, plus tard, de la vente et de la location de propri\u00e9t\u00e9s. Ses connaissances sont inestimables pour tous ceux qui d\u00e9m\u00e9nagent ou tout simplement visiter pour des vacances. Elle est une anglophone maternelle et parle couramment l\u2019espagnol.<\/p>\n<p>Les comp\u00e9tences de Sandy signifient qu\u2019elle peut offrir un \u00ab oint de contact uniqu \u00bb pour des conseils et de l\u2019aide \u00e0 Gapp Properties, si elle est n\u00e9cessaire par ses clients &#8230;. et avec un \u00ab visage amical \u00bb !<\/p>\n<h4><a href=\"https:\/\/www.facebook.com\/GappProperties\" target=\"_blank\" rel=\"noopener noreferrer\"><img decoding=\"async\" class=\"alignleft wp-image-2520 size-full\" src=\"https:\/\/www.benalmadena-property.com\/wp-content\/uploads\/2020\/02\/Jupiter-pool.jpg\" alt=\"Aimez-nous sur les propri\u00e9t\u00e9s de Facebook gapp\" width=\"430\" height=\"322\" srcset=\"https:\/\/media.benalmadena-property.com\/2020\/02\/Jupiter-pool.jpg 430w, https:\/\/media.benalmadena-property.com\/2020\/02\/Jupiter-pool-300x225.jpg 300w, https:\/\/media.benalmadena-property.com\/2020\/02\/Jupiter-pool-150x112.jpg 150w, https:\/\/media.benalmadena-property.com\/2020\/02\/Jupiter-pool-82x60.jpg 82w\" sizes=\"(max-width: 430px) 100vw, 430px\" \/><\/a><br \/>\n<strong>\u00abAimez-<\/strong> nous sur Facebook pour rester en contact avec toutes nos bonnes affaires mensuelles<br \/>\net obtenir des informations \u00e0 jour sur la r\u00e9gion, les nouvelles et les \u00e9v\u00e9nements.<\/h4>\n<p><strong><br \/>\nGapp Properties nouveau site se d\u00e9veloppe tout le temps et nous travaillons dur pour vous apporter autant d\u2019options de propri\u00e9t\u00e9 que possible. Pour le moment ce n\u2019est qu\u2019une s\u00e9lection si <a title=\"Contact rapide\" href=\"https:\/\/www.benalmadena-property.com\/enquiries\/\" target=\"_blank\" rel=\"noopener noreferrer\">CONTACT US <\/a>avec vos exigences que nous avons une gamme d\u2019autres qui nous sommes s\u00fbrs r\u00e9pondra \u00e0 vos besoins!<\/strong><\/p>\n","protected":false},"excerpt":{"rendered":"<p>Sandy a commenc\u00e9 sa vie en Espagne en 1978 et a travaill\u00e9 et d\u00e9velopp\u00e9 sa carri\u00e8re principalement dans l\u2019industrie du voyage, g\u00e9rant avec succ\u00e8s plusieurs r\u00e9gions diff\u00e9rentes \u00e0 travers l\u2019Andalousie pour la plupart du temps depuis. Elle poss\u00e8de \u00e9galement une exp\u00e9rience consid\u00e9rable des exigences m\u00e9dicales et d\u2019assurance et, plus tard, de la vente et de&#8230;<\/p>\n","protected":false},"author":1,"featured_media":0,"parent":0,"menu_order":0,"comment_status":"closed","ping_status":"closed","template":"","meta":{"_exactmetrics_skip_tracking":false,"_exactmetrics_sitenote_active":false,"_exactmetrics_sitenote_note":"","_exactmetrics_sitenote_category":0,"_uf_show_specific_survey":0,"_uf_disable_surveys":false,"footnotes":""},"class_list":["post-5919","page","type-page","status-publish","hentry"],"_links":{"self":[{"href":"https:\/\/www.benalmadena-property.com\/fr\/wp-json\/wp\/v2\/pages\/5919","targetHints":{"allow":["GET"]}}],"collection":[{"href":"https:\/\/www.benalmadena-property.com\/fr\/wp-json\/wp\/v2\/pages"}],"about":[{"href":"https:\/\/www.benalmadena-property.com\/fr\/wp-json\/wp\/v2\/types\/page"}],"author":[{"embeddable":true,"href":"https:\/\/www.benalmadena-property.com\/fr\/wp-json\/wp\/v2\/users\/1"}],"replies":[{"embeddable":true,"href":"https:\/\/www.benalmadena-property.com\/fr\/wp-json\/wp\/v2\/comments?post=5919"}],"version-history":[{"count":2,"href":"https:\/\/www.benalmadena-property.com\/fr\/wp-json\/wp\/v2\/pages\/5919\/revisions"}],"predecessor-version":[{"id":6350,"href":"https:\/\/www.benalmadena-property.com\/fr\/wp-json\/wp\/v2\/pages\/5919\/revisions\/6350"}],"wp:attachment":[{"href":"https:\/\/www.benalmadena-property.com\/fr\/wp-json\/wp\/v2\/media?parent=5919"}],"curies":[{"name":"wp","href":"https:\/\/api.w.org\/{rel}","templated":true}]}}