{"id":5921,"date":"2020-05-26T12:09:26","date_gmt":"2020-05-26T10:09:26","guid":{"rendered":"https:\/\/www.benalmadena-property.com\/enquetes\/"},"modified":"2020-05-26T12:09:29","modified_gmt":"2020-05-26T10:09:29","slug":"enquetes","status":"publish","type":"page","link":"https:\/\/www.benalmadena-property.com\/fr\/enquetes\/","title":{"rendered":"Enqu\u00eates"},"content":{"rendered":"<h3><strong>Laissez-nous vous aider!<\/strong><\/h3>\n<p>Voici notre formulaire de contact rapide pour les demandes g\u00e9n\u00e9rales de renseignements, les demandes de propri\u00e9t\u00e9 ou tout simplement pour nous faire conna\u00eetre vos besoins et nous permettre de vous aider.<\/p>\n<h5><span style=\"color: #b32727;\">Laissez-nous vous accueillir &#8211; s\u2019il vous pla\u00eet entrer en contact!<\/span><\/h5>\n<div class=\"wpforms-container wpforms-container-full\" id=\"wpforms-5912\"><form id=\"wpforms-form-5912\" class=\"wpforms-validate wpforms-form wpforms-ajax-form\" data-formid=\"5912\" method=\"post\" enctype=\"multipart\/form-data\" action=\"\/fr\/wp-json\/wp\/v2\/pages\/5921\" data-token=\"7b893458011625b72a7b7b4a7cd5a0f5\"><noscript class=\"wpforms-error-noscript\">Veuillez activer JavaScript dans votre navigateur pour remplir ce formulaire.<\/noscript><div class=\"wpforms-field-container\"><div id=\"wpforms-5912-field_0-container\" class=\"wpforms-field wpforms-field-name\" data-field-id=\"0\"><label class=\"wpforms-field-label\" for=\"wpforms-5912-field_0\">Name <span class=\"wpforms-required-label\">*<\/span><\/label><div class=\"wpforms-field-row wpforms-field-medium\"><div class=\"wpforms-field-row-block wpforms-first wpforms-one-half\"><input type=\"text\" id=\"wpforms-5912-field_0\" class=\"wpforms-field-name-first wpforms-field-required\" name=\"wpforms[fields][0][first]\" required><label for=\"wpforms-5912-field_0\" class=\"wpforms-field-sublabel after \">Pr\u00e9nom<\/label><\/div><div class=\"wpforms-field-row-block wpforms-one-half\"><input type=\"text\" id=\"wpforms-5912-field_0-last\" class=\"wpforms-field-name-last wpforms-field-required\" name=\"wpforms[fields][0][last]\" required><label for=\"wpforms-5912-field_0-last\" class=\"wpforms-field-sublabel after \">Nom<\/label><\/div><\/div><\/div><div id=\"wpforms-5912-field_1-container\" class=\"wpforms-field wpforms-field-email\" data-field-id=\"1\"><label class=\"wpforms-field-label\" for=\"wpforms-5912-field_1\">Email <span class=\"wpforms-required-label\">*<\/span><\/label><input type=\"email\" id=\"wpforms-5912-field_1\" class=\"wpforms-field-medium wpforms-field-required\" name=\"wpforms[fields][1]\" spellcheck=\"false\" required><\/div><div id=\"wpforms-5912-field_4-container\" class=\"wpforms-field wpforms-field-text\" data-field-id=\"4\"><label class=\"wpforms-field-label\" for=\"wpforms-5912-field_4\">Phone <span class=\"wpforms-required-label\">*<\/span><\/label><input type=\"text\" id=\"wpforms-5912-field_4\" class=\"wpforms-field-medium wpforms-field-required\" name=\"wpforms[fields][4]\" required><\/div><div id=\"wpforms-5912-field_2-container\" class=\"wpforms-field wpforms-field-textarea\" data-field-id=\"2\"><label class=\"wpforms-field-label\" for=\"wpforms-5912-field_2\">Comment or Message <span class=\"wpforms-required-label\">*<\/span><\/label><textarea id=\"wpforms-5912-field_2\" class=\"wpforms-field-medium wpforms-field-required\" name=\"wpforms[fields][2]\" required><\/textarea><\/div><\/div><!-- .wpforms-field-container --><div class=\"wpforms-recaptcha-container wpforms-is-recaptcha wpforms-is-recaptcha-type-invisible\" ><div class=\"g-recaptcha\" data-sitekey=\"6LcwmdcUAAAAAPtnCDhAd3U79C-IHeh4wScGgmFN\" data-size=\"invisible\"><\/div><\/div><div class=\"wpforms-submit-container\" ><input type=\"hidden\" name=\"wpforms[id]\" value=\"5912\"><input type=\"hidden\" name=\"wpforms[author]\" value=\"1\"><button type=\"submit\" name=\"wpforms[submit]\" id=\"wpforms-submit-5912\" class=\"wpforms-submit\" data-alt-text=\"Sending...\" data-submit-text=\"Send Enquiry\" aria-live=\"assertive\" value=\"wpforms-submit\">Send Enquiry<\/button><img decoding=\"async\" src=\"https:\/\/www.benalmadena-property.com\/wp-content\/plugins\/wpforms\/assets\/images\/submit-spin.svg\" class=\"wpforms-submit-spinner\" style=\"display: none;\" width=\"26\" height=\"26\" alt=\"Chargement en cours\"><\/div><\/form><\/div>  <!-- .wpforms-container -->\n","protected":false},"excerpt":{"rendered":"<p>Laissez-nous vous aider! Voici notre formulaire de contact rapide pour les demandes g\u00e9n\u00e9rales de renseignements, les demandes de propri\u00e9t\u00e9 ou tout simplement pour nous faire conna\u00eetre vos besoins et nous permettre de vous aider. Laissez-nous vous accueillir &#8211; s\u2019il vous pla\u00eet entrer en contact!<\/p>\n","protected":false},"author":1,"featured_media":0,"parent":0,"menu_order":0,"comment_status":"closed","ping_status":"closed","template":"","meta":{"_exactmetrics_skip_tracking":false,"_exactmetrics_sitenote_active":false,"_exactmetrics_sitenote_note":"","_exactmetrics_sitenote_category":0,"_uf_show_specific_survey":0,"_uf_disable_surveys":false,"footnotes":""},"class_list":["post-5921","page","type-page","status-publish","hentry"],"_links":{"self":[{"href":"https:\/\/www.benalmadena-property.com\/fr\/wp-json\/wp\/v2\/pages\/5921","targetHints":{"allow":["GET"]}}],"collection":[{"href":"https:\/\/www.benalmadena-property.com\/fr\/wp-json\/wp\/v2\/pages"}],"about":[{"href":"https:\/\/www.benalmadena-property.com\/fr\/wp-json\/wp\/v2\/types\/page"}],"author":[{"embeddable":true,"href":"https:\/\/www.benalmadena-property.com\/fr\/wp-json\/wp\/v2\/users\/1"}],"replies":[{"embeddable":true,"href":"https:\/\/www.benalmadena-property.com\/fr\/wp-json\/wp\/v2\/comments?post=5921"}],"version-history":[{"count":1,"href":"https:\/\/www.benalmadena-property.com\/fr\/wp-json\/wp\/v2\/pages\/5921\/revisions"}],"predecessor-version":[{"id":5922,"href":"https:\/\/www.benalmadena-property.com\/fr\/wp-json\/wp\/v2\/pages\/5921\/revisions\/5922"}],"wp:attachment":[{"href":"https:\/\/www.benalmadena-property.com\/fr\/wp-json\/wp\/v2\/media?parent=5921"}],"curies":[{"name":"wp","href":"https:\/\/api.w.org\/{rel}","templated":true}]}}