{"id":6370,"date":"2020-07-07T09:39:18","date_gmt":"2020-07-07T07:39:18","guid":{"rendered":"https:\/\/www.benalmadena-property.com\/locations-de-vacances\/location-de-vacances-conditions-de-reservation\/"},"modified":"2020-07-07T09:39:19","modified_gmt":"2020-07-07T07:39:19","slug":"location-de-vacances-conditions-de-reservation","status":"publish","type":"page","link":"https:\/\/www.benalmadena-property.com\/fr\/locations-de-vacances\/location-de-vacances-conditions-de-reservation\/","title":{"rendered":"Location de vacances \u2013 Conditions de r\u00e9servation"},"content":{"rendered":"<h2>Conditions<b> <\/b>de r\u00e9servation<b><\/b><\/h2>\n<p>Les r\u00e9servations ne sont consid\u00e9r\u00e9es comme confirm\u00e9es qu\u2019apr\u00e8s le paiement d\u2019un d\u00e9p\u00f4t de 20 millions d\u2019ici l\u00e0. Les d\u00e9p\u00f4ts doivent \u00eatre pay\u00e9s dans les 7 jours suivant la r\u00e9servation initiale. Les paiements peuvent \u00eatre effectu\u00e9s par carte de cr\u00e9dit\/d\u00e9bit, virement bancaire, Western Uni\u00f3n ou PayPal* Les d\u00e9p\u00f4ts pay\u00e9s en esp\u00e8ces \u00e0 notre bureau par les clients ou leurs repr\u00e9sentants sont \u00e9galement consid\u00e9r\u00e9s comme des r\u00e9servations confirm\u00e9es.<br \/>\n<strong>Lors de la r\u00e9servation, les clients doivent fournir:<\/strong> 1, les noms de toutes les personnes dans la partie. 2, Nombre de personnes en f\u00eate. 3, \u00c2ges de toutes les personnes, 4. Adresse postale, num\u00e9ro de t\u00e9l\u00e9phone \u00e0 domicile ou adresse e-mail, et si possible un num\u00e9ro de t\u00e9l\u00e9phone mobile sur lequel ils peuvent \u00eatre contact\u00e9s pendant qu\u2019ils sont en Espagne.<\/p>\n<p><span style=\"color: #ff0000;\"><b>Nous ne pouvons confirmer aucune r\u00e9servation sans qu\u2019un d\u00e9p\u00f4t soit vers\u00e9. Si, apr\u00e8s la p\u00e9riode de 7 jours de r\u00e9servation initiale, aucun d\u00e9p\u00f4t n\u2019a \u00e9t\u00e9 re\u00e7u, la r\u00e9servation sera annul\u00e9e et vous devrez demander \u00e0 r\u00e9server \u00e0 nouveau.<\/b><\/span><\/p>\n<p>Le solde de paiement doit \u00eatre effectu\u00e9 au moins <strong>8<\/strong> semaines avant l\u2019arriv\u00e9e.<\/p>\n<h3><strong>Annulations et modifications :<\/strong><\/h3>\n<p>Si vous souhaitez annuler votre r\u00e9servation apr\u00e8s la saisie de l\u2019accord, vous devez nous en informer par \u00e9crit ou par e-mail. Les annulations par t\u00e9l\u00e9phone ne sont pas accept\u00e9es, sauf dans des circonstances extr\u00eames. La date de l\u2019annulation entrera en vigueur \u00e0 la date de r\u00e9ception de l\u2019avis. Les annulations effectu\u00e9es moins de<b> 8<\/b> semaines avant l\u2019arriv\u00e9e ne sont pas remboursables. Nous vous conseillons fortement de prendre une assurance voyage pour couvrir cette situation.<\/p>\n<h3><strong>Pannes et plaintes :<\/strong><\/h3>\n<p>Aucune responsabilit\u00e9 ne peut \u00eatre accept\u00e9e pour la r\u00e9partition des approvisionnements publics, y compris l\u2019eau et l\u2019\u00e9lectricit\u00e9. La panne de l\u2019\u00e9quipement dans les appartements sera trait\u00e9e d\u00e8s que possible, nous sommes cependant, \u00e0 la merci des fournisseurs locaux et des commer\u00e7ants, et la rectification imm\u00e9diate peut ne pas \u00eatre possible. Toutes les plaintes concernant l\u2019h\u00e9bergement de vacances ou notre service en relation avec l\u2019h\u00e9bergement doivent \u00eatre faites pendant que le client est en r\u00e9sidence. Aucune n\u00e9gociation ne sera engag\u00e9e concernant l\u2019indemnisation ou le remboursement une fois que le client aura quitt\u00e9 l\u2019h\u00e9bergement.<\/p>\n<p><span style=\"color: #ff0000;\"><b>Les appartements que nous utilisons sont en partie r\u00e9sidentiels, et tout comportement antisocial ne sera pas tol\u00e9r\u00e9. Un comportement qui cause de l\u2019ennui aux r\u00e9sidents ou \u00e0 d\u2019autres invit\u00e9s, ou des dommages aux appartements ou aux espaces communs pourrait entra\u00eener votre retrait de l\u2019immeuble sans remboursement, ni m\u00eame une proc\u00e9dure p\u00e9nale.<\/b><\/span><\/p>\n<p>Gopp Properties n\u2019acceptera pas la responsabilit\u00e9 pour les blessures corporelles, la mort, la perte et les dommages r\u00e9sultant de la location de l\u2019appartement.<\/p>\n<p>Les r\u00e9servations de vacances peuvent \u00eatre faites plusieurs mois \u00e0 l\u2019avance et occasionnellement en raison de circonstances impr\u00e9vues, il peut \u00eatre n\u00e9cessaire d\u2019apporter des modifications \u00e0 votre r\u00e9servation. Dans ce cas, nous nous efforcerons de vous informer d\u00e8s que possible.<br \/>\nGopp Properties ne peut accepter la responsabilit\u00e9 d\u2019une quelconque indemnisation lorsque les modifications ci-dessus doivent \u00eatre apport\u00e9es. Notre engagement envers vous sera de vous offrir le meilleur h\u00e9bergement alternatif.<\/p>\n<p>Gapp Properties offre un h\u00e9bergement de vacances seulement et n\u2019est pas responsable des changements\/annulations de vols ou de tout accord que vous concluez avec une autre partie.<\/p>\n<p>Toutes les recommandations formul\u00e9es par Gapp Properties sont adress\u00e9es \u00e0 certaines entreprises qualifi\u00e9es et autonomes, et tous les griefs ou plaintes devraient \u00eatre pris en charge.<\/p>\n<p>Il est de la responsabilit\u00e9 du client d\u2019exercer le soin et l\u2019attention n\u00e9cessaires en ce qui concerne l\u2019h\u00e9bergement et les espaces communs, et de se conformer \u00e0 toutes les r\u00e9glementations relatives \u00e0 l\u2019immeuble dans lequel vous s\u00e9journez. Une copie des r\u00e8gles et r\u00e8glements de base est fournie aux clients \u00e0 l\u2019arriv\u00e9e.<\/p>\n<p>Veuillez <a href=\"https:\/\/www.benalmadena-property.com\/fr\/contact\/\" target=\"_blank\" rel=\"noopener noreferrer\">nous contacter<\/a> si vous avez des questions.<\/p>\n<p>Propri\u00e9t\u00e9s Gapp<br \/>\nAvenida Gamonal, 12. Fed. J\u00fapiter, section locale 8.<br \/>\n(29630) Benalm\u00e1dena, Malaga<br \/>\nT\u00e9l. : 0034 952 574 051 ou 952 577 751<br \/>\nCourriel : <a href=\"mailto:rentals@gapp-properties.com\">rentals@gapp-properties.com<\/a><\/p>\n<p><a href=\"http:\/\/www.paypal.com\" target=\"_blank\" rel=\"noopener noreferrer\"><img decoding=\"async\" src=\"http:\/\/www.benalmadena-property.com\/wp-content\/uploads\/2013\/09\/paypal_logo.jpg\" alt=\"PayPal Payments Gopp Propri\u00e9t\u00e9s\"><\/a><\/p>\n<p>* <strong>S\u2019il vous pla\u00eet noter:<\/strong> Lors des paiements par PayPal, une facture sera fournie qui comprendra un petit frais d\u2019administration, factur\u00e9 \u00e0 nous par PayPal (au co\u00fbt). Nous vous fournirons une facture, avec tous les d\u00e9tails, afin que vous payiez le montant correct. Nous ne pouvons pas accepter la responsabilit\u00e9 des paiements effectu\u00e9s directement par PayPal avec une facture pr\u00e9c\u00e9demment \u00e9mise par nous-m\u00eames.<\/p>\n","protected":false},"excerpt":{"rendered":"<p>Conditions de r\u00e9servation Les r\u00e9servations ne sont consid\u00e9r\u00e9es comme confirm\u00e9es qu\u2019apr\u00e8s le paiement d\u2019un d\u00e9p\u00f4t de 20 millions d\u2019ici l\u00e0. Les d\u00e9p\u00f4ts doivent \u00eatre pay\u00e9s dans les 7 jours suivant la r\u00e9servation initiale. Les paiements peuvent \u00eatre effectu\u00e9s par carte de cr\u00e9dit\/d\u00e9bit, virement bancaire, Western Uni\u00f3n ou PayPal* Les d\u00e9p\u00f4ts pay\u00e9s en esp\u00e8ces \u00e0 notre&#8230;<\/p>\n","protected":false},"author":1,"featured_media":0,"parent":5232,"menu_order":0,"comment_status":"closed","ping_status":"closed","template":"","meta":{"_exactmetrics_skip_tracking":false,"_exactmetrics_sitenote_active":false,"_exactmetrics_sitenote_note":"","_exactmetrics_sitenote_category":0,"_uf_show_specific_survey":0,"_uf_disable_surveys":false,"footnotes":""},"class_list":["post-6370","page","type-page","status-publish","hentry"],"_links":{"self":[{"href":"https:\/\/www.benalmadena-property.com\/fr\/wp-json\/wp\/v2\/pages\/6370","targetHints":{"allow":["GET"]}}],"collection":[{"href":"https:\/\/www.benalmadena-property.com\/fr\/wp-json\/wp\/v2\/pages"}],"about":[{"href":"https:\/\/www.benalmadena-property.com\/fr\/wp-json\/wp\/v2\/types\/page"}],"author":[{"embeddable":true,"href":"https:\/\/www.benalmadena-property.com\/fr\/wp-json\/wp\/v2\/users\/1"}],"replies":[{"embeddable":true,"href":"https:\/\/www.benalmadena-property.com\/fr\/wp-json\/wp\/v2\/comments?post=6370"}],"version-history":[{"count":1,"href":"https:\/\/www.benalmadena-property.com\/fr\/wp-json\/wp\/v2\/pages\/6370\/revisions"}],"predecessor-version":[{"id":6371,"href":"https:\/\/www.benalmadena-property.com\/fr\/wp-json\/wp\/v2\/pages\/6370\/revisions\/6371"}],"up":[{"embeddable":true,"href":"https:\/\/www.benalmadena-property.com\/fr\/wp-json\/wp\/v2\/pages\/5232"}],"wp:attachment":[{"href":"https:\/\/www.benalmadena-property.com\/fr\/wp-json\/wp\/v2\/media?parent=6370"}],"curies":[{"name":"wp","href":"https:\/\/api.w.org\/{rel}","templated":true}]}}